{"id":7847,"date":"2023-09-20T03:58:30","date_gmt":"2023-09-20T03:58:30","guid":{"rendered":"https:\/\/gmz.ltd\/product\/gobelets-chauds-en-papier-sans-plastique\/"},"modified":"2023-09-20T03:58:30","modified_gmt":"2023-09-20T03:58:30","slug":"gobelets-chauds-en-papier-sans-plastique","status":"publish","type":"product","link":"https:\/\/gmz.ltd\/fr\/produit\/gobelets-chauds-en-papier-sans-plastique\/","title":{"rendered":"Gobelets chauds en papier sans plastique"},"content":{"rendered":"<p>La technologie de rev\u00eatement sans plastique est la derni\u00e8re technologie de mat\u00e9riaux d&#8217;emballage alimentaire recyclables et d\u00e9gradables. Elle est plus \u00e9cologique et \u00e9conomique que le PLA, et elle est enti\u00e8rement recyclable.<\/p>\n","protected":false},"excerpt":{"rendered":"<p>Le rev\u00eatement sans plastique est la derni\u00e8re innovation en mati\u00e8re de technologie des mat\u00e9riaux d&#8217;emballage alimentaire recyclables et d\u00e9gradables. Nous utilisons des mat\u00e9riaux innovants sans plastique pour remplacer le rev\u00eatement plastique traditionnel dans les gobelets en papier jetables. Cela signifie que nos gobelets en papier peuvent \u00eatre enti\u00e8rement recycl\u00e9s pour r\u00e9duire les d\u00e9chets. Mieux encore, nos gobelets sans plastique ne sont pas seulement plus \u00e9cologiques que la plupart des gobelets en papier, mais ils sont \u00e9galement plus \u00e9conomiques que les <a href=\"https:\/\/gmz.ltd\/product\/pla-coated-paper-hot-cups\/\">gobelets enduits de PLA compostable<\/a>.<\/p>\n<ul>\n<li>100 % recyclable sans rev\u00eatement plastique<\/li>\n<li>Fabriqu\u00e9 en papier alimentaire de haute qualit\u00e9<\/li>\n<li>Polyvalent pour servir des boissons chaudes et froides<\/li>\n<li>Impression personnalis\u00e9e jusqu&rsquo;\u00e0 8 couleurs sur la couche ext\u00e9rieure.<\/li>\n<li>Selon les besoins, nous pouvons imprimer le code de lot au fond du gobelet pour tracer facilement le gobelet \u00e0 travers le processus de fabrication.<\/li>\n<\/ul>\n<p>Quantit\u00e9 minimale de commande pour l&rsquo;impression personnalis\u00e9e : 50 000 pi\u00e8ces.<\/p>\n","protected":false},"featured_media":20720,"template":"","meta":{"_joinchat":[]},"product_brand":[],"product_cat":[134,135],"product_tag":[136,113],"class_list":{"0":"post-7847","1":"product","2":"type-product","3":"status-publish","4":"has-post-thumbnail","6":"product_cat-gobelets-en-papier","7":"product_cat-gobelets-en-papier-pour-boissons-chaudes","8":"product_tag-gobelets-ecologiques","9":"product_tag-gobelets-et-couvercles-pour-boissons-chaudes","11":"first","12":"instock","13":"shipping-taxable","14":"product-type-simple"},"acf":[],"yoast_head":"<!-- This site is optimized with the Yoast SEO Premium plugin v22.5 (Yoast SEO v26.6) - https:\/\/yoast.com\/wordpress\/plugins\/seo\/ -->\n<title>Fabricant de gobelets en papier sans plastique - Gobelets \u00e9cologiques et recyclables - GMZ<\/title>\n<meta name=\"description\" content=\"GMZ est sp\u00e9cialis\u00e9 dans la fabrication de gobelets en papier sans plastique, \u00e0 la fois jetables et recyclables. Nous produisons des gobelets personnalis\u00e9s de haute qualit\u00e9, id\u00e9aux pour les caf\u00e9s, restaurants et plus encore, adapt\u00e9s \u00e0 la fois pour les boissons chaudes et froides. Faites un choix \u00e9co-responsable pour votre entreprise avec GMZ.\" \/>\n<meta name=\"robots\" content=\"index, follow, max-snippet:-1, max-image-preview:large, max-video-preview:-1\" \/>\n<link rel=\"canonical\" href=\"https:\/\/gmz.ltd\/fr\/produit\/gobelets-chauds-en-papier-sans-plastique\/\" \/>\n<meta property=\"og:locale\" content=\"fr_FR\" \/>\n<meta property=\"og:type\" content=\"article\" \/>\n<meta property=\"og:title\" content=\"Gobelets chauds en papier sans plastique\" \/>\n<meta property=\"og:description\" content=\"GMZ est sp\u00e9cialis\u00e9 dans la fabrication de gobelets en papier sans plastique, \u00e0 la fois jetables et recyclables. Nous produisons des gobelets personnalis\u00e9s de haute qualit\u00e9, id\u00e9aux pour les caf\u00e9s, restaurants et plus encore, adapt\u00e9s \u00e0 la fois pour les boissons chaudes et froides. Faites un choix \u00e9co-responsable pour votre entreprise avec GMZ.\" \/>\n<meta property=\"og:url\" content=\"https:\/\/gmz.ltd\/fr\/produit\/gobelets-chauds-en-papier-sans-plastique\/\" \/>\n<meta property=\"og:site_name\" content=\"GMZ\" \/>\n<meta property=\"og:image\" content=\"https:\/\/gmz.ltd\/wp-content\/uploads\/2023\/09\/Plastic-free-1.jpg\" \/>\n\t<meta property=\"og:image:width\" content=\"1000\" \/>\n\t<meta property=\"og:image:height\" content=\"1000\" \/>\n\t<meta property=\"og:image:type\" content=\"image\/jpeg\" \/>\n<meta name=\"twitter:card\" content=\"summary_large_image\" \/>\n<script type=\"application\/ld+json\" class=\"yoast-schema-graph\">{\"@context\":\"https:\/\/schema.org\",\"@graph\":[{\"@type\":\"WebPage\",\"@id\":\"https:\/\/gmz.ltd\/fr\/produit\/gobelets-chauds-en-papier-sans-plastique\/\",\"url\":\"https:\/\/gmz.ltd\/fr\/produit\/gobelets-chauds-en-papier-sans-plastique\/\",\"name\":\"Fabricant de gobelets en papier sans plastique - Gobelets \u00e9cologiques et recyclables - GMZ\",\"isPartOf\":{\"@id\":\"https:\/\/gmz.ltd\/fr\/#website\"},\"primaryImageOfPage\":{\"@id\":\"https:\/\/gmz.ltd\/fr\/produit\/gobelets-chauds-en-papier-sans-plastique\/#primaryimage\"},\"image\":{\"@id\":\"https:\/\/gmz.ltd\/fr\/produit\/gobelets-chauds-en-papier-sans-plastique\/#primaryimage\"},\"thumbnailUrl\":\"https:\/\/gmz.ltd\/wp-content\/uploads\/2023\/09\/Aqueous-Lined-Paper-Cup.webp\",\"datePublished\":\"2023-09-20T03:58:30+00:00\",\"description\":\"GMZ est sp\u00e9cialis\u00e9 dans la fabrication de gobelets en papier sans plastique, \u00e0 la fois jetables et recyclables. Nous produisons des gobelets personnalis\u00e9s de haute qualit\u00e9, id\u00e9aux pour les caf\u00e9s, restaurants et plus encore, adapt\u00e9s \u00e0 la fois pour les boissons chaudes et froides. Faites un choix \u00e9co-responsable pour votre entreprise avec GMZ.\",\"breadcrumb\":{\"@id\":\"https:\/\/gmz.ltd\/fr\/produit\/gobelets-chauds-en-papier-sans-plastique\/#breadcrumb\"},\"inLanguage\":\"fr-FR\",\"potentialAction\":[{\"@type\":\"ReadAction\",\"target\":[\"https:\/\/gmz.ltd\/fr\/produit\/gobelets-chauds-en-papier-sans-plastique\/\"]}]},{\"@type\":\"ImageObject\",\"inLanguage\":\"fr-FR\",\"@id\":\"https:\/\/gmz.ltd\/fr\/produit\/gobelets-chauds-en-papier-sans-plastique\/#primaryimage\",\"url\":\"https:\/\/gmz.ltd\/wp-content\/uploads\/2023\/09\/Aqueous-Lined-Paper-Cup.webp\",\"contentUrl\":\"https:\/\/gmz.ltd\/wp-content\/uploads\/2023\/09\/Aqueous-Lined-Paper-Cup.webp\",\"width\":1000,\"height\":1000,\"caption\":\"Aqueous Lined Paper Cup\"},{\"@type\":\"BreadcrumbList\",\"@id\":\"https:\/\/gmz.ltd\/fr\/produit\/gobelets-chauds-en-papier-sans-plastique\/#breadcrumb\",\"itemListElement\":[{\"@type\":\"ListItem\",\"position\":1,\"name\":\"maison\",\"item\":\"https:\/\/gmz.ltd\/fr\/\"},{\"@type\":\"ListItem\",\"position\":2,\"name\":\"Produits\",\"item\":\"https:\/\/gmz.ltd\/fr\/boutique\/\"},{\"@type\":\"ListItem\",\"position\":3,\"name\":\"Gobelets chauds en papier sans plastique\"}]},{\"@type\":\"WebSite\",\"@id\":\"https:\/\/gmz.ltd\/fr\/#website\",\"url\":\"https:\/\/gmz.ltd\/fr\/\",\"name\":\"GMZ\",\"description\":\"\",\"publisher\":{\"@id\":\"https:\/\/gmz.ltd\/fr\/#organization\"},\"potentialAction\":[{\"@type\":\"SearchAction\",\"target\":{\"@type\":\"EntryPoint\",\"urlTemplate\":\"https:\/\/gmz.ltd\/fr\/?s={search_term_string}\"},\"query-input\":{\"@type\":\"PropertyValueSpecification\",\"valueRequired\":true,\"valueName\":\"search_term_string\"}}],\"inLanguage\":\"fr-FR\"},{\"@type\":\"Organization\",\"@id\":\"https:\/\/gmz.ltd\/fr\/#organization\",\"name\":\"GMZ\",\"url\":\"https:\/\/gmz.ltd\/fr\/\",\"logo\":{\"@type\":\"ImageObject\",\"inLanguage\":\"fr-FR\",\"@id\":\"https:\/\/gmz.ltd\/fr\/#\/schema\/logo\/image\/\",\"url\":\"https:\/\/gmz.ltd\/wp-content\/uploads\/2024\/11\/gmzpack.svg\",\"contentUrl\":\"https:\/\/gmz.ltd\/wp-content\/uploads\/2024\/11\/gmzpack.svg\",\"width\":170,\"height\":79,\"caption\":\"GMZ\"},\"image\":{\"@id\":\"https:\/\/gmz.ltd\/fr\/#\/schema\/logo\/image\/\"}}]}<\/script>\n<!-- \/ Yoast SEO Premium plugin. -->","yoast_head_json":{"title":"Fabricant de gobelets en papier sans plastique - Gobelets \u00e9cologiques et recyclables - GMZ","description":"GMZ est sp\u00e9cialis\u00e9 dans la fabrication de gobelets en papier sans plastique, \u00e0 la fois jetables et recyclables. Nous produisons des gobelets personnalis\u00e9s de haute qualit\u00e9, id\u00e9aux pour les caf\u00e9s, restaurants et plus encore, adapt\u00e9s \u00e0 la fois pour les boissons chaudes et froides. Faites un choix \u00e9co-responsable pour votre entreprise avec GMZ.","robots":{"index":"index","follow":"follow","max-snippet":"max-snippet:-1","max-image-preview":"max-image-preview:large","max-video-preview":"max-video-preview:-1"},"canonical":"https:\/\/gmz.ltd\/fr\/produit\/gobelets-chauds-en-papier-sans-plastique\/","og_locale":"fr_FR","og_type":"article","og_title":"Gobelets chauds en papier sans plastique","og_description":"GMZ est sp\u00e9cialis\u00e9 dans la fabrication de gobelets en papier sans plastique, \u00e0 la fois jetables et recyclables. Nous produisons des gobelets personnalis\u00e9s de haute qualit\u00e9, id\u00e9aux pour les caf\u00e9s, restaurants et plus encore, adapt\u00e9s \u00e0 la fois pour les boissons chaudes et froides. Faites un choix \u00e9co-responsable pour votre entreprise avec GMZ.","og_url":"https:\/\/gmz.ltd\/fr\/produit\/gobelets-chauds-en-papier-sans-plastique\/","og_site_name":"GMZ","og_image":[{"width":1000,"height":1000,"url":"https:\/\/gmz.ltd\/wp-content\/uploads\/2023\/09\/Plastic-free-1.jpg","type":"image\/jpeg"}],"twitter_card":"summary_large_image","schema":{"@context":"https:\/\/schema.org","@graph":[{"@type":"WebPage","@id":"https:\/\/gmz.ltd\/fr\/produit\/gobelets-chauds-en-papier-sans-plastique\/","url":"https:\/\/gmz.ltd\/fr\/produit\/gobelets-chauds-en-papier-sans-plastique\/","name":"Fabricant de gobelets en papier sans plastique - Gobelets \u00e9cologiques et recyclables - GMZ","isPartOf":{"@id":"https:\/\/gmz.ltd\/fr\/#website"},"primaryImageOfPage":{"@id":"https:\/\/gmz.ltd\/fr\/produit\/gobelets-chauds-en-papier-sans-plastique\/#primaryimage"},"image":{"@id":"https:\/\/gmz.ltd\/fr\/produit\/gobelets-chauds-en-papier-sans-plastique\/#primaryimage"},"thumbnailUrl":"https:\/\/gmz.ltd\/wp-content\/uploads\/2023\/09\/Aqueous-Lined-Paper-Cup.webp","datePublished":"2023-09-20T03:58:30+00:00","description":"GMZ est sp\u00e9cialis\u00e9 dans la fabrication de gobelets en papier sans plastique, \u00e0 la fois jetables et recyclables. Nous produisons des gobelets personnalis\u00e9s de haute qualit\u00e9, id\u00e9aux pour les caf\u00e9s, restaurants et plus encore, adapt\u00e9s \u00e0 la fois pour les boissons chaudes et froides. Faites un choix \u00e9co-responsable pour votre entreprise avec GMZ.","breadcrumb":{"@id":"https:\/\/gmz.ltd\/fr\/produit\/gobelets-chauds-en-papier-sans-plastique\/#breadcrumb"},"inLanguage":"fr-FR","potentialAction":[{"@type":"ReadAction","target":["https:\/\/gmz.ltd\/fr\/produit\/gobelets-chauds-en-papier-sans-plastique\/"]}]},{"@type":"ImageObject","inLanguage":"fr-FR","@id":"https:\/\/gmz.ltd\/fr\/produit\/gobelets-chauds-en-papier-sans-plastique\/#primaryimage","url":"https:\/\/gmz.ltd\/wp-content\/uploads\/2023\/09\/Aqueous-Lined-Paper-Cup.webp","contentUrl":"https:\/\/gmz.ltd\/wp-content\/uploads\/2023\/09\/Aqueous-Lined-Paper-Cup.webp","width":1000,"height":1000,"caption":"Aqueous Lined Paper Cup"},{"@type":"BreadcrumbList","@id":"https:\/\/gmz.ltd\/fr\/produit\/gobelets-chauds-en-papier-sans-plastique\/#breadcrumb","itemListElement":[{"@type":"ListItem","position":1,"name":"maison","item":"https:\/\/gmz.ltd\/fr\/"},{"@type":"ListItem","position":2,"name":"Produits","item":"https:\/\/gmz.ltd\/fr\/boutique\/"},{"@type":"ListItem","position":3,"name":"Gobelets chauds en papier sans plastique"}]},{"@type":"WebSite","@id":"https:\/\/gmz.ltd\/fr\/#website","url":"https:\/\/gmz.ltd\/fr\/","name":"GMZ","description":"","publisher":{"@id":"https:\/\/gmz.ltd\/fr\/#organization"},"potentialAction":[{"@type":"SearchAction","target":{"@type":"EntryPoint","urlTemplate":"https:\/\/gmz.ltd\/fr\/?s={search_term_string}"},"query-input":{"@type":"PropertyValueSpecification","valueRequired":true,"valueName":"search_term_string"}}],"inLanguage":"fr-FR"},{"@type":"Organization","@id":"https:\/\/gmz.ltd\/fr\/#organization","name":"GMZ","url":"https:\/\/gmz.ltd\/fr\/","logo":{"@type":"ImageObject","inLanguage":"fr-FR","@id":"https:\/\/gmz.ltd\/fr\/#\/schema\/logo\/image\/","url":"https:\/\/gmz.ltd\/wp-content\/uploads\/2024\/11\/gmzpack.svg","contentUrl":"https:\/\/gmz.ltd\/wp-content\/uploads\/2024\/11\/gmzpack.svg","width":170,"height":79,"caption":"GMZ"},"image":{"@id":"https:\/\/gmz.ltd\/fr\/#\/schema\/logo\/image\/"}}]}},"_links":{"self":[{"href":"https:\/\/gmz.ltd\/fr\/wp-json\/wp\/v2\/product\/7847","targetHints":{"allow":["GET"]}}],"collection":[{"href":"https:\/\/gmz.ltd\/fr\/wp-json\/wp\/v2\/product"}],"about":[{"href":"https:\/\/gmz.ltd\/fr\/wp-json\/wp\/v2\/types\/product"}],"version-history":[{"count":0,"href":"https:\/\/gmz.ltd\/fr\/wp-json\/wp\/v2\/product\/7847\/revisions"}],"wp:featuredmedia":[{"embeddable":true,"href":"https:\/\/gmz.ltd\/fr\/wp-json\/wp\/v2\/media\/20720"}],"wp:attachment":[{"href":"https:\/\/gmz.ltd\/fr\/wp-json\/wp\/v2\/media?parent=7847"}],"wp:term":[{"taxonomy":"product_brand","embeddable":true,"href":"https:\/\/gmz.ltd\/fr\/wp-json\/wp\/v2\/product_brand?post=7847"},{"taxonomy":"product_cat","embeddable":true,"href":"https:\/\/gmz.ltd\/fr\/wp-json\/wp\/v2\/product_cat?post=7847"},{"taxonomy":"product_tag","embeddable":true,"href":"https:\/\/gmz.ltd\/fr\/wp-json\/wp\/v2\/product_tag?post=7847"}],"curies":[{"name":"wp","href":"https:\/\/api.w.org\/{rel}","templated":true}]}}