{"id":7851,"date":"2023-09-20T03:57:16","date_gmt":"2023-09-20T03:57:16","guid":{"rendered":"https:\/\/gmz.ltd\/product\/gobelets-chauds-en-papier-enduits-de-pla\/"},"modified":"2023-09-20T03:57:16","modified_gmt":"2023-09-20T03:57:16","slug":"gobelets-chauds-en-papier-enduits-de-pla","status":"publish","type":"product","link":"https:\/\/gmz.ltd\/fr\/produit\/gobelets-chauds-en-papier-enduits-de-pla\/","title":{"rendered":"Gobelets chauds en papier enduits de PLA"},"content":{"rendered":"<p>Le rev\u00eatement de la paroi int\u00e9rieure de cette s\u00e9rie de gobelets en papier est en PLA, et non en PE. Par cons\u00e9quent, il est compostable.<\/p>\n","protected":false},"excerpt":{"rendered":"<p>La plupart des gobelets en papier sont doubl\u00e9s de plastique PE pour \u00e9viter qu&rsquo;ils ne se d\u00e9tremper lorsqu&rsquo;ils contiennent des liquides. Cependant, nos gobelets en papier rev\u00eatus de PLA utilisent des mat\u00e9riaux \u00e0 base de plantes pour remplacer le rev\u00eatement plastique traditionnel, ils sont donc enti\u00e8rement compostables et ne posent aucun dommage \u00e0 l&rsquo;environnement.<\/p>\n<ul>\n<li>100 % compostable<\/li>\n<li>Certifi\u00e9 DIN EN13432 pour la compostabilit\u00e9<\/li>\n<li>Approuv\u00e9 FCM pour le contact alimentaire<\/li>\n<li>Sans PFAS et non toxique<\/li>\n<li>Impression personnalis\u00e9e jusqu&rsquo;\u00e0 8 couleurs sur la couche ext\u00e9rieure<\/li>\n<li>Selon les besoins, nous pouvons imprimer le code de lot au fond du gobelet pour tracer facilement le gobelet \u00e0 travers le processus de fabrication.<\/li>\n<\/ul>\n<p>Quantit\u00e9 minimale de commande pour l&rsquo;impression personnalis\u00e9e : 50 000 pi\u00e8ces.<\/p>\n","protected":false},"featured_media":5645,"template":"","meta":{"_joinchat":[]},"product_brand":[],"product_cat":[134,135],"product_tag":[136,113],"class_list":{"0":"post-7851","1":"product","2":"type-product","3":"status-publish","4":"has-post-thumbnail","6":"product_cat-gobelets-en-papier","7":"product_cat-gobelets-en-papier-pour-boissons-chaudes","8":"product_tag-gobelets-ecologiques","9":"product_tag-gobelets-et-couvercles-pour-boissons-chaudes","11":"first","12":"instock","13":"shipping-taxable","14":"product-type-simple"},"acf":[],"yoast_head":"<!-- This site is optimized with the Yoast SEO Premium plugin v22.5 (Yoast SEO v26.6) - https:\/\/yoast.com\/wordpress\/plugins\/seo\/ -->\n<title>Fabricant de gobelets en papier enduits de PLA - Gobelets chauds jetables et biod\u00e9gradables - GMZ<\/title>\n<meta name=\"description\" content=\"GMZ fabrique des gobelets en papier avec rev\u00eatement en PLA pour le caf\u00e9 chaud et d&#039;autres boissons. Nos gobelets en papier PLA sont fabriqu\u00e9s \u00e0 partir de mat\u00e9riaux de qualit\u00e9 alimentaire, 100 % compostables et recyclables. Choisissez notre solution \u00e9cologique pour les caf\u00e9s et les entreprises alimentaires soucieuses de l&#039;environnement. Prenez contact d\u00e8s aujourd&#039;hui !\" \/>\n<meta name=\"robots\" content=\"index, follow, max-snippet:-1, max-image-preview:large, max-video-preview:-1\" \/>\n<link rel=\"canonical\" href=\"https:\/\/gmz.ltd\/fr\/produit\/gobelets-chauds-en-papier-enduits-de-pla\/\" \/>\n<meta property=\"og:locale\" content=\"fr_FR\" \/>\n<meta property=\"og:type\" content=\"article\" \/>\n<meta property=\"og:title\" content=\"Gobelets chauds en papier enduits de PLA\" \/>\n<meta property=\"og:description\" content=\"GMZ fabrique des gobelets en papier avec rev\u00eatement en PLA pour le caf\u00e9 chaud et d&#039;autres boissons. Nos gobelets en papier PLA sont fabriqu\u00e9s \u00e0 partir de mat\u00e9riaux de qualit\u00e9 alimentaire, 100 % compostables et recyclables. Choisissez notre solution \u00e9cologique pour les caf\u00e9s et les entreprises alimentaires soucieuses de l&#039;environnement. Prenez contact d\u00e8s aujourd&#039;hui !\" \/>\n<meta property=\"og:url\" content=\"https:\/\/gmz.ltd\/fr\/produit\/gobelets-chauds-en-papier-enduits-de-pla\/\" \/>\n<meta property=\"og:site_name\" content=\"GMZ\" \/>\n<meta property=\"og:image\" content=\"https:\/\/gmz.ltd\/wp-content\/uploads\/2023\/09\/PLA.jpg\" \/>\n\t<meta property=\"og:image:width\" content=\"800\" \/>\n\t<meta property=\"og:image:height\" content=\"800\" \/>\n\t<meta property=\"og:image:type\" content=\"image\/jpeg\" \/>\n<meta name=\"twitter:card\" content=\"summary_large_image\" \/>\n<script type=\"application\/ld+json\" class=\"yoast-schema-graph\">{\"@context\":\"https:\/\/schema.org\",\"@graph\":[{\"@type\":\"WebPage\",\"@id\":\"https:\/\/gmz.ltd\/fr\/produit\/gobelets-chauds-en-papier-enduits-de-pla\/\",\"url\":\"https:\/\/gmz.ltd\/fr\/produit\/gobelets-chauds-en-papier-enduits-de-pla\/\",\"name\":\"Fabricant de gobelets en papier enduits de PLA - Gobelets chauds jetables et biod\u00e9gradables - GMZ\",\"isPartOf\":{\"@id\":\"https:\/\/gmz.ltd\/fr\/#website\"},\"primaryImageOfPage\":{\"@id\":\"https:\/\/gmz.ltd\/fr\/produit\/gobelets-chauds-en-papier-enduits-de-pla\/#primaryimage\"},\"image\":{\"@id\":\"https:\/\/gmz.ltd\/fr\/produit\/gobelets-chauds-en-papier-enduits-de-pla\/#primaryimage\"},\"thumbnailUrl\":\"https:\/\/gmz.ltd\/wp-content\/uploads\/2023\/09\/PLA.jpg\",\"datePublished\":\"2023-09-20T03:57:16+00:00\",\"description\":\"GMZ fabrique des gobelets en papier avec rev\u00eatement en PLA pour le caf\u00e9 chaud et d'autres boissons. Nos gobelets en papier PLA sont fabriqu\u00e9s \u00e0 partir de mat\u00e9riaux de qualit\u00e9 alimentaire, 100 % compostables et recyclables. Choisissez notre solution \u00e9cologique pour les caf\u00e9s et les entreprises alimentaires soucieuses de l'environnement. Prenez contact d\u00e8s aujourd'hui !\",\"breadcrumb\":{\"@id\":\"https:\/\/gmz.ltd\/fr\/produit\/gobelets-chauds-en-papier-enduits-de-pla\/#breadcrumb\"},\"inLanguage\":\"fr-FR\",\"potentialAction\":[{\"@type\":\"ReadAction\",\"target\":[\"https:\/\/gmz.ltd\/fr\/produit\/gobelets-chauds-en-papier-enduits-de-pla\/\"]}]},{\"@type\":\"ImageObject\",\"inLanguage\":\"fr-FR\",\"@id\":\"https:\/\/gmz.ltd\/fr\/produit\/gobelets-chauds-en-papier-enduits-de-pla\/#primaryimage\",\"url\":\"https:\/\/gmz.ltd\/wp-content\/uploads\/2023\/09\/PLA.jpg\",\"contentUrl\":\"https:\/\/gmz.ltd\/wp-content\/uploads\/2023\/09\/PLA.jpg\",\"width\":800,\"height\":800},{\"@type\":\"BreadcrumbList\",\"@id\":\"https:\/\/gmz.ltd\/fr\/produit\/gobelets-chauds-en-papier-enduits-de-pla\/#breadcrumb\",\"itemListElement\":[{\"@type\":\"ListItem\",\"position\":1,\"name\":\"maison\",\"item\":\"https:\/\/gmz.ltd\/fr\/\"},{\"@type\":\"ListItem\",\"position\":2,\"name\":\"Produits\",\"item\":\"https:\/\/gmz.ltd\/fr\/boutique\/\"},{\"@type\":\"ListItem\",\"position\":3,\"name\":\"Gobelets chauds en papier enduits de PLA\"}]},{\"@type\":\"WebSite\",\"@id\":\"https:\/\/gmz.ltd\/fr\/#website\",\"url\":\"https:\/\/gmz.ltd\/fr\/\",\"name\":\"GMZ\",\"description\":\"\",\"publisher\":{\"@id\":\"https:\/\/gmz.ltd\/fr\/#organization\"},\"potentialAction\":[{\"@type\":\"SearchAction\",\"target\":{\"@type\":\"EntryPoint\",\"urlTemplate\":\"https:\/\/gmz.ltd\/fr\/?s={search_term_string}\"},\"query-input\":{\"@type\":\"PropertyValueSpecification\",\"valueRequired\":true,\"valueName\":\"search_term_string\"}}],\"inLanguage\":\"fr-FR\"},{\"@type\":\"Organization\",\"@id\":\"https:\/\/gmz.ltd\/fr\/#organization\",\"name\":\"GMZ\",\"url\":\"https:\/\/gmz.ltd\/fr\/\",\"logo\":{\"@type\":\"ImageObject\",\"inLanguage\":\"fr-FR\",\"@id\":\"https:\/\/gmz.ltd\/fr\/#\/schema\/logo\/image\/\",\"url\":\"https:\/\/gmz.ltd\/wp-content\/uploads\/2024\/11\/gmzpack.svg\",\"contentUrl\":\"https:\/\/gmz.ltd\/wp-content\/uploads\/2024\/11\/gmzpack.svg\",\"width\":170,\"height\":79,\"caption\":\"GMZ\"},\"image\":{\"@id\":\"https:\/\/gmz.ltd\/fr\/#\/schema\/logo\/image\/\"}}]}<\/script>\n<!-- \/ Yoast SEO Premium plugin. -->","yoast_head_json":{"title":"Fabricant de gobelets en papier enduits de PLA - Gobelets chauds jetables et biod\u00e9gradables - GMZ","description":"GMZ fabrique des gobelets en papier avec rev\u00eatement en PLA pour le caf\u00e9 chaud et d'autres boissons. Nos gobelets en papier PLA sont fabriqu\u00e9s \u00e0 partir de mat\u00e9riaux de qualit\u00e9 alimentaire, 100 % compostables et recyclables. Choisissez notre solution \u00e9cologique pour les caf\u00e9s et les entreprises alimentaires soucieuses de l'environnement. Prenez contact d\u00e8s aujourd'hui !","robots":{"index":"index","follow":"follow","max-snippet":"max-snippet:-1","max-image-preview":"max-image-preview:large","max-video-preview":"max-video-preview:-1"},"canonical":"https:\/\/gmz.ltd\/fr\/produit\/gobelets-chauds-en-papier-enduits-de-pla\/","og_locale":"fr_FR","og_type":"article","og_title":"Gobelets chauds en papier enduits de PLA","og_description":"GMZ fabrique des gobelets en papier avec rev\u00eatement en PLA pour le caf\u00e9 chaud et d'autres boissons. Nos gobelets en papier PLA sont fabriqu\u00e9s \u00e0 partir de mat\u00e9riaux de qualit\u00e9 alimentaire, 100 % compostables et recyclables. Choisissez notre solution \u00e9cologique pour les caf\u00e9s et les entreprises alimentaires soucieuses de l'environnement. Prenez contact d\u00e8s aujourd'hui !","og_url":"https:\/\/gmz.ltd\/fr\/produit\/gobelets-chauds-en-papier-enduits-de-pla\/","og_site_name":"GMZ","og_image":[{"width":800,"height":800,"url":"https:\/\/gmz.ltd\/wp-content\/uploads\/2023\/09\/PLA.jpg","type":"image\/jpeg"}],"twitter_card":"summary_large_image","schema":{"@context":"https:\/\/schema.org","@graph":[{"@type":"WebPage","@id":"https:\/\/gmz.ltd\/fr\/produit\/gobelets-chauds-en-papier-enduits-de-pla\/","url":"https:\/\/gmz.ltd\/fr\/produit\/gobelets-chauds-en-papier-enduits-de-pla\/","name":"Fabricant de gobelets en papier enduits de PLA - Gobelets chauds jetables et biod\u00e9gradables - GMZ","isPartOf":{"@id":"https:\/\/gmz.ltd\/fr\/#website"},"primaryImageOfPage":{"@id":"https:\/\/gmz.ltd\/fr\/produit\/gobelets-chauds-en-papier-enduits-de-pla\/#primaryimage"},"image":{"@id":"https:\/\/gmz.ltd\/fr\/produit\/gobelets-chauds-en-papier-enduits-de-pla\/#primaryimage"},"thumbnailUrl":"https:\/\/gmz.ltd\/wp-content\/uploads\/2023\/09\/PLA.jpg","datePublished":"2023-09-20T03:57:16+00:00","description":"GMZ fabrique des gobelets en papier avec rev\u00eatement en PLA pour le caf\u00e9 chaud et d'autres boissons. Nos gobelets en papier PLA sont fabriqu\u00e9s \u00e0 partir de mat\u00e9riaux de qualit\u00e9 alimentaire, 100 % compostables et recyclables. Choisissez notre solution \u00e9cologique pour les caf\u00e9s et les entreprises alimentaires soucieuses de l'environnement. Prenez contact d\u00e8s aujourd'hui !","breadcrumb":{"@id":"https:\/\/gmz.ltd\/fr\/produit\/gobelets-chauds-en-papier-enduits-de-pla\/#breadcrumb"},"inLanguage":"fr-FR","potentialAction":[{"@type":"ReadAction","target":["https:\/\/gmz.ltd\/fr\/produit\/gobelets-chauds-en-papier-enduits-de-pla\/"]}]},{"@type":"ImageObject","inLanguage":"fr-FR","@id":"https:\/\/gmz.ltd\/fr\/produit\/gobelets-chauds-en-papier-enduits-de-pla\/#primaryimage","url":"https:\/\/gmz.ltd\/wp-content\/uploads\/2023\/09\/PLA.jpg","contentUrl":"https:\/\/gmz.ltd\/wp-content\/uploads\/2023\/09\/PLA.jpg","width":800,"height":800},{"@type":"BreadcrumbList","@id":"https:\/\/gmz.ltd\/fr\/produit\/gobelets-chauds-en-papier-enduits-de-pla\/#breadcrumb","itemListElement":[{"@type":"ListItem","position":1,"name":"maison","item":"https:\/\/gmz.ltd\/fr\/"},{"@type":"ListItem","position":2,"name":"Produits","item":"https:\/\/gmz.ltd\/fr\/boutique\/"},{"@type":"ListItem","position":3,"name":"Gobelets chauds en papier enduits de PLA"}]},{"@type":"WebSite","@id":"https:\/\/gmz.ltd\/fr\/#website","url":"https:\/\/gmz.ltd\/fr\/","name":"GMZ","description":"","publisher":{"@id":"https:\/\/gmz.ltd\/fr\/#organization"},"potentialAction":[{"@type":"SearchAction","target":{"@type":"EntryPoint","urlTemplate":"https:\/\/gmz.ltd\/fr\/?s={search_term_string}"},"query-input":{"@type":"PropertyValueSpecification","valueRequired":true,"valueName":"search_term_string"}}],"inLanguage":"fr-FR"},{"@type":"Organization","@id":"https:\/\/gmz.ltd\/fr\/#organization","name":"GMZ","url":"https:\/\/gmz.ltd\/fr\/","logo":{"@type":"ImageObject","inLanguage":"fr-FR","@id":"https:\/\/gmz.ltd\/fr\/#\/schema\/logo\/image\/","url":"https:\/\/gmz.ltd\/wp-content\/uploads\/2024\/11\/gmzpack.svg","contentUrl":"https:\/\/gmz.ltd\/wp-content\/uploads\/2024\/11\/gmzpack.svg","width":170,"height":79,"caption":"GMZ"},"image":{"@id":"https:\/\/gmz.ltd\/fr\/#\/schema\/logo\/image\/"}}]}},"_links":{"self":[{"href":"https:\/\/gmz.ltd\/fr\/wp-json\/wp\/v2\/product\/7851","targetHints":{"allow":["GET"]}}],"collection":[{"href":"https:\/\/gmz.ltd\/fr\/wp-json\/wp\/v2\/product"}],"about":[{"href":"https:\/\/gmz.ltd\/fr\/wp-json\/wp\/v2\/types\/product"}],"version-history":[{"count":0,"href":"https:\/\/gmz.ltd\/fr\/wp-json\/wp\/v2\/product\/7851\/revisions"}],"wp:featuredmedia":[{"embeddable":true,"href":"https:\/\/gmz.ltd\/fr\/wp-json\/wp\/v2\/media\/5645"}],"wp:attachment":[{"href":"https:\/\/gmz.ltd\/fr\/wp-json\/wp\/v2\/media?parent=7851"}],"wp:term":[{"taxonomy":"product_brand","embeddable":true,"href":"https:\/\/gmz.ltd\/fr\/wp-json\/wp\/v2\/product_brand?post=7851"},{"taxonomy":"product_cat","embeddable":true,"href":"https:\/\/gmz.ltd\/fr\/wp-json\/wp\/v2\/product_cat?post=7851"},{"taxonomy":"product_tag","embeddable":true,"href":"https:\/\/gmz.ltd\/fr\/wp-json\/wp\/v2\/product_tag?post=7851"}],"curies":[{"name":"wp","href":"https:\/\/api.w.org\/{rel}","templated":true}]}}