{"id":7855,"date":"2023-09-20T03:55:41","date_gmt":"2023-09-20T03:55:41","guid":{"rendered":"https:\/\/gmz.ltd\/product\/gobelets-froids-en-papier-a-double-revetement-pe\/"},"modified":"2023-09-20T03:55:41","modified_gmt":"2023-09-20T03:55:41","slug":"gobelets-froids-en-papier-a-double-revetement-pe","status":"publish","type":"product","link":"https:\/\/gmz.ltd\/fr\/produit\/gobelets-froids-en-papier-a-double-revetement-pe\/","title":{"rendered":"Gobelets froids en papier \u00e0 double rev\u00eatement PE"},"content":{"rendered":"<p>Nos gobelets \u00e0 simple paroi premium sont disponibles dans diverses tailles, de 1 oz \u00e0 22 oz, pour r\u00e9pondre aux diff\u00e9rents besoins du march\u00e9 mondial. En plus du blanc. nous proposons \u00e9galement l&rsquo;impression personnalis\u00e9e.<\/p>\n","protected":false},"excerpt":{"rendered":"<p>Cette s\u00e9rie de gobelets en papier convient pour les boissons froides, et la taille va de 8 oz \u00e0 22 oz. Les couches int\u00e9rieure et ext\u00e9rieure du papier du gobelet sont enduites de PE, ce qui peut prot\u00e9ger les gobelets contre les dommages caus\u00e9s par la condensation.<\/p>\n<ul>\n<li>Fabriqu\u00e9 en papier de qualit\u00e9 alimentaire de haute qualit\u00e9<\/li>\n<li>Approuv\u00e9 FCM pour le contact alimentaire<\/li>\n<li>Sans PFAS et sans produits chimiques toxiques<\/li>\n<li>Impression personnalis\u00e9e jusqu&rsquo;\u00e0 8 couleurs sur la couche ext\u00e9rieure.<\/li>\n<li>Selon les besoins, nous pouvons imprimer le code de lot au fond du gobelet pour tracer facilement le gobelet \u00e0 travers le processus de fabrication.<\/li>\n<\/ul>\n<p><!-- notionvc: c7b060aa-ead3-42e4-a6e5-71877eaa83ab --><\/p>\n<p>Quantit\u00e9 minimale de commande pour l&rsquo;impression personnalis\u00e9e : 50 000 pi\u00e8ces.<\/p>\n","protected":false},"featured_media":5637,"template":"","meta":{"_joinchat":[]},"product_brand":[],"product_cat":[134,140],"product_tag":[120],"class_list":{"0":"post-7855","1":"product","2":"type-product","3":"status-publish","4":"has-post-thumbnail","6":"product_cat-gobelets-en-papier","7":"product_cat-gobelets-en-papier-pour-boissons-froides","8":"product_tag-gobelets-et-couvercles-pour-boissons-froides","10":"first","11":"instock","12":"shipping-taxable","13":"product-type-simple"},"acf":[],"yoast_head":"<!-- This site is optimized with the Yoast SEO Premium plugin v22.5 (Yoast SEO v26.6) - https:\/\/yoast.com\/wordpress\/plugins\/seo\/ -->\n<title>Meilleur prix pour gobelets en papier \u00e0 double rev\u00eatement PE - Gobelets pour boissons froides en gros - GMZ<\/title>\n<meta name=\"description\" content=\"GMZ, un fabricant de gobelets en papier bas\u00e9 en Chine, propose des gobelets en papier \u00e0 double paroi, enduits de PE, pour les boissons froides. Contactez-nous d\u00e8s aujourd&#039;hui pour obtenir les meilleurs prix sur les gobelets en papier enduits de PE en gros.\" \/>\n<meta name=\"robots\" content=\"index, follow, max-snippet:-1, max-image-preview:large, max-video-preview:-1\" \/>\n<link rel=\"canonical\" href=\"https:\/\/gmz.ltd\/fr\/produit\/gobelets-froids-en-papier-a-double-revetement-pe\/\" \/>\n<meta property=\"og:locale\" content=\"fr_FR\" \/>\n<meta property=\"og:type\" content=\"article\" \/>\n<meta property=\"og:title\" content=\"Gobelets froids en papier \u00e0 double rev\u00eatement PE\" \/>\n<meta property=\"og:description\" content=\"GMZ, un fabricant de gobelets en papier bas\u00e9 en Chine, propose des gobelets en papier \u00e0 double paroi, enduits de PE, pour les boissons froides. Contactez-nous d\u00e8s aujourd&#039;hui pour obtenir les meilleurs prix sur les gobelets en papier enduits de PE en gros.\" \/>\n<meta property=\"og:url\" content=\"https:\/\/gmz.ltd\/fr\/produit\/gobelets-froids-en-papier-a-double-revetement-pe\/\" \/>\n<meta property=\"og:site_name\" content=\"GMZ\" \/>\n<meta property=\"og:image\" content=\"https:\/\/gmz.ltd\/wp-content\/uploads\/2023\/09\/Double-PE.jpg\" \/>\n\t<meta property=\"og:image:width\" content=\"800\" \/>\n\t<meta property=\"og:image:height\" content=\"800\" \/>\n\t<meta property=\"og:image:type\" content=\"image\/jpeg\" \/>\n<meta name=\"twitter:card\" content=\"summary_large_image\" \/>\n<script type=\"application\/ld+json\" class=\"yoast-schema-graph\">{\"@context\":\"https:\/\/schema.org\",\"@graph\":[{\"@type\":\"WebPage\",\"@id\":\"https:\/\/gmz.ltd\/fr\/produit\/gobelets-froids-en-papier-a-double-revetement-pe\/\",\"url\":\"https:\/\/gmz.ltd\/fr\/produit\/gobelets-froids-en-papier-a-double-revetement-pe\/\",\"name\":\"Meilleur prix pour gobelets en papier \u00e0 double rev\u00eatement PE - Gobelets pour boissons froides en gros - GMZ\",\"isPartOf\":{\"@id\":\"https:\/\/gmz.ltd\/fr\/#website\"},\"primaryImageOfPage\":{\"@id\":\"https:\/\/gmz.ltd\/fr\/produit\/gobelets-froids-en-papier-a-double-revetement-pe\/#primaryimage\"},\"image\":{\"@id\":\"https:\/\/gmz.ltd\/fr\/produit\/gobelets-froids-en-papier-a-double-revetement-pe\/#primaryimage\"},\"thumbnailUrl\":\"https:\/\/gmz.ltd\/wp-content\/uploads\/2023\/09\/Double-PE.jpg\",\"datePublished\":\"2023-09-20T03:55:41+00:00\",\"description\":\"GMZ, un fabricant de gobelets en papier bas\u00e9 en Chine, propose des gobelets en papier \u00e0 double paroi, enduits de PE, pour les boissons froides. Contactez-nous d\u00e8s aujourd'hui pour obtenir les meilleurs prix sur les gobelets en papier enduits de PE en gros.\",\"breadcrumb\":{\"@id\":\"https:\/\/gmz.ltd\/fr\/produit\/gobelets-froids-en-papier-a-double-revetement-pe\/#breadcrumb\"},\"inLanguage\":\"fr-FR\",\"potentialAction\":[{\"@type\":\"ReadAction\",\"target\":[\"https:\/\/gmz.ltd\/fr\/produit\/gobelets-froids-en-papier-a-double-revetement-pe\/\"]}]},{\"@type\":\"ImageObject\",\"inLanguage\":\"fr-FR\",\"@id\":\"https:\/\/gmz.ltd\/fr\/produit\/gobelets-froids-en-papier-a-double-revetement-pe\/#primaryimage\",\"url\":\"https:\/\/gmz.ltd\/wp-content\/uploads\/2023\/09\/Double-PE.jpg\",\"contentUrl\":\"https:\/\/gmz.ltd\/wp-content\/uploads\/2023\/09\/Double-PE.jpg\",\"width\":800,\"height\":800},{\"@type\":\"BreadcrumbList\",\"@id\":\"https:\/\/gmz.ltd\/fr\/produit\/gobelets-froids-en-papier-a-double-revetement-pe\/#breadcrumb\",\"itemListElement\":[{\"@type\":\"ListItem\",\"position\":1,\"name\":\"maison\",\"item\":\"https:\/\/gmz.ltd\/fr\/\"},{\"@type\":\"ListItem\",\"position\":2,\"name\":\"Produits\",\"item\":\"https:\/\/gmz.ltd\/fr\/boutique\/\"},{\"@type\":\"ListItem\",\"position\":3,\"name\":\"Gobelets froids en papier \u00e0 double rev\u00eatement PE\"}]},{\"@type\":\"WebSite\",\"@id\":\"https:\/\/gmz.ltd\/fr\/#website\",\"url\":\"https:\/\/gmz.ltd\/fr\/\",\"name\":\"GMZ\",\"description\":\"\",\"publisher\":{\"@id\":\"https:\/\/gmz.ltd\/fr\/#organization\"},\"potentialAction\":[{\"@type\":\"SearchAction\",\"target\":{\"@type\":\"EntryPoint\",\"urlTemplate\":\"https:\/\/gmz.ltd\/fr\/?s={search_term_string}\"},\"query-input\":{\"@type\":\"PropertyValueSpecification\",\"valueRequired\":true,\"valueName\":\"search_term_string\"}}],\"inLanguage\":\"fr-FR\"},{\"@type\":\"Organization\",\"@id\":\"https:\/\/gmz.ltd\/fr\/#organization\",\"name\":\"GMZ\",\"url\":\"https:\/\/gmz.ltd\/fr\/\",\"logo\":{\"@type\":\"ImageObject\",\"inLanguage\":\"fr-FR\",\"@id\":\"https:\/\/gmz.ltd\/fr\/#\/schema\/logo\/image\/\",\"url\":\"https:\/\/gmz.ltd\/wp-content\/uploads\/2024\/11\/gmzpack.svg\",\"contentUrl\":\"https:\/\/gmz.ltd\/wp-content\/uploads\/2024\/11\/gmzpack.svg\",\"width\":170,\"height\":79,\"caption\":\"GMZ\"},\"image\":{\"@id\":\"https:\/\/gmz.ltd\/fr\/#\/schema\/logo\/image\/\"}}]}<\/script>\n<!-- \/ Yoast SEO Premium plugin. -->","yoast_head_json":{"title":"Meilleur prix pour gobelets en papier \u00e0 double rev\u00eatement PE - Gobelets pour boissons froides en gros - GMZ","description":"GMZ, un fabricant de gobelets en papier bas\u00e9 en Chine, propose des gobelets en papier \u00e0 double paroi, enduits de PE, pour les boissons froides. Contactez-nous d\u00e8s aujourd'hui pour obtenir les meilleurs prix sur les gobelets en papier enduits de PE en gros.","robots":{"index":"index","follow":"follow","max-snippet":"max-snippet:-1","max-image-preview":"max-image-preview:large","max-video-preview":"max-video-preview:-1"},"canonical":"https:\/\/gmz.ltd\/fr\/produit\/gobelets-froids-en-papier-a-double-revetement-pe\/","og_locale":"fr_FR","og_type":"article","og_title":"Gobelets froids en papier \u00e0 double rev\u00eatement PE","og_description":"GMZ, un fabricant de gobelets en papier bas\u00e9 en Chine, propose des gobelets en papier \u00e0 double paroi, enduits de PE, pour les boissons froides. Contactez-nous d\u00e8s aujourd'hui pour obtenir les meilleurs prix sur les gobelets en papier enduits de PE en gros.","og_url":"https:\/\/gmz.ltd\/fr\/produit\/gobelets-froids-en-papier-a-double-revetement-pe\/","og_site_name":"GMZ","og_image":[{"width":800,"height":800,"url":"https:\/\/gmz.ltd\/wp-content\/uploads\/2023\/09\/Double-PE.jpg","type":"image\/jpeg"}],"twitter_card":"summary_large_image","schema":{"@context":"https:\/\/schema.org","@graph":[{"@type":"WebPage","@id":"https:\/\/gmz.ltd\/fr\/produit\/gobelets-froids-en-papier-a-double-revetement-pe\/","url":"https:\/\/gmz.ltd\/fr\/produit\/gobelets-froids-en-papier-a-double-revetement-pe\/","name":"Meilleur prix pour gobelets en papier \u00e0 double rev\u00eatement PE - Gobelets pour boissons froides en gros - GMZ","isPartOf":{"@id":"https:\/\/gmz.ltd\/fr\/#website"},"primaryImageOfPage":{"@id":"https:\/\/gmz.ltd\/fr\/produit\/gobelets-froids-en-papier-a-double-revetement-pe\/#primaryimage"},"image":{"@id":"https:\/\/gmz.ltd\/fr\/produit\/gobelets-froids-en-papier-a-double-revetement-pe\/#primaryimage"},"thumbnailUrl":"https:\/\/gmz.ltd\/wp-content\/uploads\/2023\/09\/Double-PE.jpg","datePublished":"2023-09-20T03:55:41+00:00","description":"GMZ, un fabricant de gobelets en papier bas\u00e9 en Chine, propose des gobelets en papier \u00e0 double paroi, enduits de PE, pour les boissons froides. Contactez-nous d\u00e8s aujourd'hui pour obtenir les meilleurs prix sur les gobelets en papier enduits de PE en gros.","breadcrumb":{"@id":"https:\/\/gmz.ltd\/fr\/produit\/gobelets-froids-en-papier-a-double-revetement-pe\/#breadcrumb"},"inLanguage":"fr-FR","potentialAction":[{"@type":"ReadAction","target":["https:\/\/gmz.ltd\/fr\/produit\/gobelets-froids-en-papier-a-double-revetement-pe\/"]}]},{"@type":"ImageObject","inLanguage":"fr-FR","@id":"https:\/\/gmz.ltd\/fr\/produit\/gobelets-froids-en-papier-a-double-revetement-pe\/#primaryimage","url":"https:\/\/gmz.ltd\/wp-content\/uploads\/2023\/09\/Double-PE.jpg","contentUrl":"https:\/\/gmz.ltd\/wp-content\/uploads\/2023\/09\/Double-PE.jpg","width":800,"height":800},{"@type":"BreadcrumbList","@id":"https:\/\/gmz.ltd\/fr\/produit\/gobelets-froids-en-papier-a-double-revetement-pe\/#breadcrumb","itemListElement":[{"@type":"ListItem","position":1,"name":"maison","item":"https:\/\/gmz.ltd\/fr\/"},{"@type":"ListItem","position":2,"name":"Produits","item":"https:\/\/gmz.ltd\/fr\/boutique\/"},{"@type":"ListItem","position":3,"name":"Gobelets froids en papier \u00e0 double rev\u00eatement PE"}]},{"@type":"WebSite","@id":"https:\/\/gmz.ltd\/fr\/#website","url":"https:\/\/gmz.ltd\/fr\/","name":"GMZ","description":"","publisher":{"@id":"https:\/\/gmz.ltd\/fr\/#organization"},"potentialAction":[{"@type":"SearchAction","target":{"@type":"EntryPoint","urlTemplate":"https:\/\/gmz.ltd\/fr\/?s={search_term_string}"},"query-input":{"@type":"PropertyValueSpecification","valueRequired":true,"valueName":"search_term_string"}}],"inLanguage":"fr-FR"},{"@type":"Organization","@id":"https:\/\/gmz.ltd\/fr\/#organization","name":"GMZ","url":"https:\/\/gmz.ltd\/fr\/","logo":{"@type":"ImageObject","inLanguage":"fr-FR","@id":"https:\/\/gmz.ltd\/fr\/#\/schema\/logo\/image\/","url":"https:\/\/gmz.ltd\/wp-content\/uploads\/2024\/11\/gmzpack.svg","contentUrl":"https:\/\/gmz.ltd\/wp-content\/uploads\/2024\/11\/gmzpack.svg","width":170,"height":79,"caption":"GMZ"},"image":{"@id":"https:\/\/gmz.ltd\/fr\/#\/schema\/logo\/image\/"}}]}},"_links":{"self":[{"href":"https:\/\/gmz.ltd\/fr\/wp-json\/wp\/v2\/product\/7855","targetHints":{"allow":["GET"]}}],"collection":[{"href":"https:\/\/gmz.ltd\/fr\/wp-json\/wp\/v2\/product"}],"about":[{"href":"https:\/\/gmz.ltd\/fr\/wp-json\/wp\/v2\/types\/product"}],"version-history":[{"count":0,"href":"https:\/\/gmz.ltd\/fr\/wp-json\/wp\/v2\/product\/7855\/revisions"}],"wp:featuredmedia":[{"embeddable":true,"href":"https:\/\/gmz.ltd\/fr\/wp-json\/wp\/v2\/media\/5637"}],"wp:attachment":[{"href":"https:\/\/gmz.ltd\/fr\/wp-json\/wp\/v2\/media?parent=7855"}],"wp:term":[{"taxonomy":"product_brand","embeddable":true,"href":"https:\/\/gmz.ltd\/fr\/wp-json\/wp\/v2\/product_brand?post=7855"},{"taxonomy":"product_cat","embeddable":true,"href":"https:\/\/gmz.ltd\/fr\/wp-json\/wp\/v2\/product_cat?post=7855"},{"taxonomy":"product_tag","embeddable":true,"href":"https:\/\/gmz.ltd\/fr\/wp-json\/wp\/v2\/product_tag?post=7855"}],"curies":[{"name":"wp","href":"https:\/\/api.w.org\/{rel}","templated":true}]}}