{"id":7859,"date":"2023-09-20T03:53:57","date_gmt":"2023-09-20T03:53:57","guid":{"rendered":"https:\/\/gmz.ltd\/product\/gobelets-chauds-en-papier-a-paroi-ondulee\/"},"modified":"2023-09-20T03:53:57","modified_gmt":"2023-09-20T03:53:57","slug":"gobelets-chauds-en-papier-a-paroi-ondulee","status":"publish","type":"product","link":"https:\/\/gmz.ltd\/fr\/produit\/gobelets-chauds-en-papier-a-paroi-ondulee\/","title":{"rendered":"Gobelets chauds en papier \u00e0 paroi ondul\u00e9e"},"content":{"rendered":"<p>La taille de la s\u00e9rie de gobelets en papier \u00e0 paroi ondul\u00e9e va de 4 oz \u00e0 20 oz. La couche ext\u00e9rieure en papier ondul\u00e9 rend le gobelet plus confortable \u00e0 tenir et lui conf\u00e8re les meilleures propri\u00e9t\u00e9s d&rsquo;isolation thermique.<\/p>\n","protected":false},"excerpt":{"rendered":"<p>Les gobelets en papier \u00e0 paroi ondul\u00e9e sont con\u00e7us pour garder vos boissons chaudes et vos mains au frais. La construction innovante comprend deux couches de papier de haute qualit\u00e9, s\u00fbr pour les aliments, et une couche ext\u00e9rieure ondul\u00e9e qui offre une isolation sup\u00e9rieure et une prise en main confortable et antid\u00e9rapante.<\/p>\n<ul>\n<li>Fabriqu\u00e9 en papier alimentaire de haute qualit\u00e9<\/li>\n<li>Conforme aux normes FCM de l&rsquo;UE pour le contact alimentaire s\u00fbr<\/li>\n<li>Certifi\u00e9 sans PFAS et non toxique<\/li>\n<li>Isolation sup\u00e9rieure pour boissons chaudes et froides<\/li>\n<li>Con\u00e7u pour une prise en main confortable et antid\u00e9rapante<\/li>\n<li>Le papier ext\u00e9rieur peut \u00eatre fait de papier kraft<\/li>\n<li>Impression personnalis\u00e9e jusqu&rsquo;\u00e0 8 couleurs sur la couche ext\u00e9rieure<\/li>\n<li>Selon les besoins, nous pouvons imprimer le code de lot au fond du gobelet pour tracer facilement le gobelet \u00e0 travers le processus de fabrication.<\/li>\n<\/ul>\n<p><!-- notionvc: 4ffdda7d-b5c2-480f-800c-dffdd3134de3 --><\/p>\n<p>Quantit\u00e9 minimale de commande pour l&rsquo;impression personnalis\u00e9e : 50 000 pi\u00e8ces.<\/p>\n","protected":false},"featured_media":5457,"template":"","meta":{"_joinchat":[]},"product_brand":[],"product_cat":[134,135],"product_tag":[113],"class_list":{"0":"post-7859","1":"product","2":"type-product","3":"status-publish","4":"has-post-thumbnail","6":"product_cat-gobelets-en-papier","7":"product_cat-gobelets-en-papier-pour-boissons-chaudes","8":"product_tag-gobelets-et-couvercles-pour-boissons-chaudes","10":"first","11":"instock","12":"shipping-taxable","13":"product-type-simple"},"acf":[],"yoast_head":"<!-- This site is optimized with the Yoast SEO Premium plugin v22.5 (Yoast SEO v26.6) - https:\/\/yoast.com\/wordpress\/plugins\/seo\/ -->\n<title>Fabricant de gobelets en papier \u00e0 paroi ondul\u00e9e - Gobelets \u00e0 caf\u00e9 chauds personnalis\u00e9s et \u00e9cologiques - GMZ<\/title>\n<meta name=\"description\" content=\"GMZ fabrique des gobelets en papier ondul\u00e9 personnalisables pour boissons chaudes, offrant une excellente isolation et une prise en main confortable. Fabriqu\u00e9s \u00e0 partir de mat\u00e9riaux \u00e9cologiques, nos gobelets en papier ondul\u00e9 sont facilement recyclables et biod\u00e9gradables. Envoyez une demande pour des gobelets \u00e0 caf\u00e9 ondul\u00e9s en gros d\u00e8s aujourd&#039;hui !\" \/>\n<meta name=\"robots\" content=\"index, follow, max-snippet:-1, max-image-preview:large, max-video-preview:-1\" \/>\n<link rel=\"canonical\" href=\"https:\/\/gmz.ltd\/fr\/produit\/gobelets-chauds-en-papier-a-paroi-ondulee\/\" \/>\n<meta property=\"og:locale\" content=\"fr_FR\" \/>\n<meta property=\"og:type\" content=\"article\" \/>\n<meta property=\"og:title\" content=\"Gobelets chauds en papier \u00e0 paroi ondul\u00e9e\" \/>\n<meta property=\"og:description\" content=\"GMZ fabrique des gobelets en papier ondul\u00e9 personnalisables pour boissons chaudes, offrant une excellente isolation et une prise en main confortable. Fabriqu\u00e9s \u00e0 partir de mat\u00e9riaux \u00e9cologiques, nos gobelets en papier ondul\u00e9 sont facilement recyclables et biod\u00e9gradables. Envoyez une demande pour des gobelets \u00e0 caf\u00e9 ondul\u00e9s en gros d\u00e8s aujourd&#039;hui !\" \/>\n<meta property=\"og:url\" content=\"https:\/\/gmz.ltd\/fr\/produit\/gobelets-chauds-en-papier-a-paroi-ondulee\/\" \/>\n<meta property=\"og:site_name\" content=\"GMZ\" \/>\n<meta property=\"og:image\" content=\"https:\/\/gmz.ltd\/wp-content\/uploads\/2023\/09\/1-4.jpg\" \/>\n\t<meta property=\"og:image:width\" content=\"800\" \/>\n\t<meta property=\"og:image:height\" content=\"800\" \/>\n\t<meta property=\"og:image:type\" content=\"image\/jpeg\" \/>\n<meta name=\"twitter:card\" content=\"summary_large_image\" \/>\n<script type=\"application\/ld+json\" class=\"yoast-schema-graph\">{\"@context\":\"https:\/\/schema.org\",\"@graph\":[{\"@type\":\"WebPage\",\"@id\":\"https:\/\/gmz.ltd\/fr\/produit\/gobelets-chauds-en-papier-a-paroi-ondulee\/\",\"url\":\"https:\/\/gmz.ltd\/fr\/produit\/gobelets-chauds-en-papier-a-paroi-ondulee\/\",\"name\":\"Fabricant de gobelets en papier \u00e0 paroi ondul\u00e9e - Gobelets \u00e0 caf\u00e9 chauds personnalis\u00e9s et \u00e9cologiques - GMZ\",\"isPartOf\":{\"@id\":\"https:\/\/gmz.ltd\/fr\/#website\"},\"primaryImageOfPage\":{\"@id\":\"https:\/\/gmz.ltd\/fr\/produit\/gobelets-chauds-en-papier-a-paroi-ondulee\/#primaryimage\"},\"image\":{\"@id\":\"https:\/\/gmz.ltd\/fr\/produit\/gobelets-chauds-en-papier-a-paroi-ondulee\/#primaryimage\"},\"thumbnailUrl\":\"https:\/\/gmz.ltd\/wp-content\/uploads\/2023\/09\/1-4.jpg\",\"datePublished\":\"2023-09-20T03:53:57+00:00\",\"description\":\"GMZ fabrique des gobelets en papier ondul\u00e9 personnalisables pour boissons chaudes, offrant une excellente isolation et une prise en main confortable. Fabriqu\u00e9s \u00e0 partir de mat\u00e9riaux \u00e9cologiques, nos gobelets en papier ondul\u00e9 sont facilement recyclables et biod\u00e9gradables. Envoyez une demande pour des gobelets \u00e0 caf\u00e9 ondul\u00e9s en gros d\u00e8s aujourd'hui !\",\"breadcrumb\":{\"@id\":\"https:\/\/gmz.ltd\/fr\/produit\/gobelets-chauds-en-papier-a-paroi-ondulee\/#breadcrumb\"},\"inLanguage\":\"fr-FR\",\"potentialAction\":[{\"@type\":\"ReadAction\",\"target\":[\"https:\/\/gmz.ltd\/fr\/produit\/gobelets-chauds-en-papier-a-paroi-ondulee\/\"]}]},{\"@type\":\"ImageObject\",\"inLanguage\":\"fr-FR\",\"@id\":\"https:\/\/gmz.ltd\/fr\/produit\/gobelets-chauds-en-papier-a-paroi-ondulee\/#primaryimage\",\"url\":\"https:\/\/gmz.ltd\/wp-content\/uploads\/2023\/09\/1-4.jpg\",\"contentUrl\":\"https:\/\/gmz.ltd\/wp-content\/uploads\/2023\/09\/1-4.jpg\",\"width\":800,\"height\":800,\"caption\":\"Ripple Wall Cup\"},{\"@type\":\"BreadcrumbList\",\"@id\":\"https:\/\/gmz.ltd\/fr\/produit\/gobelets-chauds-en-papier-a-paroi-ondulee\/#breadcrumb\",\"itemListElement\":[{\"@type\":\"ListItem\",\"position\":1,\"name\":\"maison\",\"item\":\"https:\/\/gmz.ltd\/fr\/\"},{\"@type\":\"ListItem\",\"position\":2,\"name\":\"Produits\",\"item\":\"https:\/\/gmz.ltd\/fr\/boutique\/\"},{\"@type\":\"ListItem\",\"position\":3,\"name\":\"Gobelets chauds en papier \u00e0 paroi ondul\u00e9e\"}]},{\"@type\":\"WebSite\",\"@id\":\"https:\/\/gmz.ltd\/fr\/#website\",\"url\":\"https:\/\/gmz.ltd\/fr\/\",\"name\":\"GMZ\",\"description\":\"\",\"publisher\":{\"@id\":\"https:\/\/gmz.ltd\/fr\/#organization\"},\"potentialAction\":[{\"@type\":\"SearchAction\",\"target\":{\"@type\":\"EntryPoint\",\"urlTemplate\":\"https:\/\/gmz.ltd\/fr\/?s={search_term_string}\"},\"query-input\":{\"@type\":\"PropertyValueSpecification\",\"valueRequired\":true,\"valueName\":\"search_term_string\"}}],\"inLanguage\":\"fr-FR\"},{\"@type\":\"Organization\",\"@id\":\"https:\/\/gmz.ltd\/fr\/#organization\",\"name\":\"GMZ\",\"url\":\"https:\/\/gmz.ltd\/fr\/\",\"logo\":{\"@type\":\"ImageObject\",\"inLanguage\":\"fr-FR\",\"@id\":\"https:\/\/gmz.ltd\/fr\/#\/schema\/logo\/image\/\",\"url\":\"https:\/\/gmz.ltd\/wp-content\/uploads\/2024\/11\/gmzpack.svg\",\"contentUrl\":\"https:\/\/gmz.ltd\/wp-content\/uploads\/2024\/11\/gmzpack.svg\",\"width\":170,\"height\":79,\"caption\":\"GMZ\"},\"image\":{\"@id\":\"https:\/\/gmz.ltd\/fr\/#\/schema\/logo\/image\/\"}}]}<\/script>\n<!-- \/ Yoast SEO Premium plugin. -->","yoast_head_json":{"title":"Fabricant de gobelets en papier \u00e0 paroi ondul\u00e9e - Gobelets \u00e0 caf\u00e9 chauds personnalis\u00e9s et \u00e9cologiques - GMZ","description":"GMZ fabrique des gobelets en papier ondul\u00e9 personnalisables pour boissons chaudes, offrant une excellente isolation et une prise en main confortable. Fabriqu\u00e9s \u00e0 partir de mat\u00e9riaux \u00e9cologiques, nos gobelets en papier ondul\u00e9 sont facilement recyclables et biod\u00e9gradables. Envoyez une demande pour des gobelets \u00e0 caf\u00e9 ondul\u00e9s en gros d\u00e8s aujourd'hui !","robots":{"index":"index","follow":"follow","max-snippet":"max-snippet:-1","max-image-preview":"max-image-preview:large","max-video-preview":"max-video-preview:-1"},"canonical":"https:\/\/gmz.ltd\/fr\/produit\/gobelets-chauds-en-papier-a-paroi-ondulee\/","og_locale":"fr_FR","og_type":"article","og_title":"Gobelets chauds en papier \u00e0 paroi ondul\u00e9e","og_description":"GMZ fabrique des gobelets en papier ondul\u00e9 personnalisables pour boissons chaudes, offrant une excellente isolation et une prise en main confortable. Fabriqu\u00e9s \u00e0 partir de mat\u00e9riaux \u00e9cologiques, nos gobelets en papier ondul\u00e9 sont facilement recyclables et biod\u00e9gradables. Envoyez une demande pour des gobelets \u00e0 caf\u00e9 ondul\u00e9s en gros d\u00e8s aujourd'hui !","og_url":"https:\/\/gmz.ltd\/fr\/produit\/gobelets-chauds-en-papier-a-paroi-ondulee\/","og_site_name":"GMZ","og_image":[{"width":800,"height":800,"url":"https:\/\/gmz.ltd\/wp-content\/uploads\/2023\/09\/1-4.jpg","type":"image\/jpeg"}],"twitter_card":"summary_large_image","schema":{"@context":"https:\/\/schema.org","@graph":[{"@type":"WebPage","@id":"https:\/\/gmz.ltd\/fr\/produit\/gobelets-chauds-en-papier-a-paroi-ondulee\/","url":"https:\/\/gmz.ltd\/fr\/produit\/gobelets-chauds-en-papier-a-paroi-ondulee\/","name":"Fabricant de gobelets en papier \u00e0 paroi ondul\u00e9e - Gobelets \u00e0 caf\u00e9 chauds personnalis\u00e9s et \u00e9cologiques - GMZ","isPartOf":{"@id":"https:\/\/gmz.ltd\/fr\/#website"},"primaryImageOfPage":{"@id":"https:\/\/gmz.ltd\/fr\/produit\/gobelets-chauds-en-papier-a-paroi-ondulee\/#primaryimage"},"image":{"@id":"https:\/\/gmz.ltd\/fr\/produit\/gobelets-chauds-en-papier-a-paroi-ondulee\/#primaryimage"},"thumbnailUrl":"https:\/\/gmz.ltd\/wp-content\/uploads\/2023\/09\/1-4.jpg","datePublished":"2023-09-20T03:53:57+00:00","description":"GMZ fabrique des gobelets en papier ondul\u00e9 personnalisables pour boissons chaudes, offrant une excellente isolation et une prise en main confortable. Fabriqu\u00e9s \u00e0 partir de mat\u00e9riaux \u00e9cologiques, nos gobelets en papier ondul\u00e9 sont facilement recyclables et biod\u00e9gradables. Envoyez une demande pour des gobelets \u00e0 caf\u00e9 ondul\u00e9s en gros d\u00e8s aujourd'hui !","breadcrumb":{"@id":"https:\/\/gmz.ltd\/fr\/produit\/gobelets-chauds-en-papier-a-paroi-ondulee\/#breadcrumb"},"inLanguage":"fr-FR","potentialAction":[{"@type":"ReadAction","target":["https:\/\/gmz.ltd\/fr\/produit\/gobelets-chauds-en-papier-a-paroi-ondulee\/"]}]},{"@type":"ImageObject","inLanguage":"fr-FR","@id":"https:\/\/gmz.ltd\/fr\/produit\/gobelets-chauds-en-papier-a-paroi-ondulee\/#primaryimage","url":"https:\/\/gmz.ltd\/wp-content\/uploads\/2023\/09\/1-4.jpg","contentUrl":"https:\/\/gmz.ltd\/wp-content\/uploads\/2023\/09\/1-4.jpg","width":800,"height":800,"caption":"Ripple Wall Cup"},{"@type":"BreadcrumbList","@id":"https:\/\/gmz.ltd\/fr\/produit\/gobelets-chauds-en-papier-a-paroi-ondulee\/#breadcrumb","itemListElement":[{"@type":"ListItem","position":1,"name":"maison","item":"https:\/\/gmz.ltd\/fr\/"},{"@type":"ListItem","position":2,"name":"Produits","item":"https:\/\/gmz.ltd\/fr\/boutique\/"},{"@type":"ListItem","position":3,"name":"Gobelets chauds en papier \u00e0 paroi ondul\u00e9e"}]},{"@type":"WebSite","@id":"https:\/\/gmz.ltd\/fr\/#website","url":"https:\/\/gmz.ltd\/fr\/","name":"GMZ","description":"","publisher":{"@id":"https:\/\/gmz.ltd\/fr\/#organization"},"potentialAction":[{"@type":"SearchAction","target":{"@type":"EntryPoint","urlTemplate":"https:\/\/gmz.ltd\/fr\/?s={search_term_string}"},"query-input":{"@type":"PropertyValueSpecification","valueRequired":true,"valueName":"search_term_string"}}],"inLanguage":"fr-FR"},{"@type":"Organization","@id":"https:\/\/gmz.ltd\/fr\/#organization","name":"GMZ","url":"https:\/\/gmz.ltd\/fr\/","logo":{"@type":"ImageObject","inLanguage":"fr-FR","@id":"https:\/\/gmz.ltd\/fr\/#\/schema\/logo\/image\/","url":"https:\/\/gmz.ltd\/wp-content\/uploads\/2024\/11\/gmzpack.svg","contentUrl":"https:\/\/gmz.ltd\/wp-content\/uploads\/2024\/11\/gmzpack.svg","width":170,"height":79,"caption":"GMZ"},"image":{"@id":"https:\/\/gmz.ltd\/fr\/#\/schema\/logo\/image\/"}}]}},"_links":{"self":[{"href":"https:\/\/gmz.ltd\/fr\/wp-json\/wp\/v2\/product\/7859","targetHints":{"allow":["GET"]}}],"collection":[{"href":"https:\/\/gmz.ltd\/fr\/wp-json\/wp\/v2\/product"}],"about":[{"href":"https:\/\/gmz.ltd\/fr\/wp-json\/wp\/v2\/types\/product"}],"version-history":[{"count":0,"href":"https:\/\/gmz.ltd\/fr\/wp-json\/wp\/v2\/product\/7859\/revisions"}],"wp:featuredmedia":[{"embeddable":true,"href":"https:\/\/gmz.ltd\/fr\/wp-json\/wp\/v2\/media\/5457"}],"wp:attachment":[{"href":"https:\/\/gmz.ltd\/fr\/wp-json\/wp\/v2\/media?parent=7859"}],"wp:term":[{"taxonomy":"product_brand","embeddable":true,"href":"https:\/\/gmz.ltd\/fr\/wp-json\/wp\/v2\/product_brand?post=7859"},{"taxonomy":"product_cat","embeddable":true,"href":"https:\/\/gmz.ltd\/fr\/wp-json\/wp\/v2\/product_cat?post=7859"},{"taxonomy":"product_tag","embeddable":true,"href":"https:\/\/gmz.ltd\/fr\/wp-json\/wp\/v2\/product_tag?post=7859"}],"curies":[{"name":"wp","href":"https:\/\/api.w.org\/{rel}","templated":true}]}}