{"id":7863,"date":"2024-06-20T03:52:24","date_gmt":"2024-06-20T03:52:24","guid":{"rendered":"https:\/\/gmz.ltd\/product\/gobelets-chauds-en-papier-a-double-paroi\/"},"modified":"2023-09-20T03:52:24","modified_gmt":"2023-09-20T03:52:24","slug":"gobelets-chauds-en-papier-a-double-paroi","status":"publish","type":"product","link":"https:\/\/gmz.ltd\/fr\/produit\/gobelets-chauds-en-papier-a-double-paroi\/","title":{"rendered":"Gobelets chauds en papier \u00e0 double paroi"},"content":{"rendered":"<p>La taille de la s\u00e9rie de gobelets en papier \u00e0 double paroi va de 4 oz \u00e0 20 oz, ce qui offre une meilleure fonction d&rsquo;isolation thermique que les gobelets \u00e0 simple paroi.<\/p>\n","protected":false},"excerpt":{"rendered":"<p>Les <strong>gobelets en papier \u00e0 double paroi<\/strong> sont con\u00e7us avec deux couches de papier pour offrir une meilleure isolation que les gobelets \u00e0 simple paroi. Disponibles dans des tailles de 4 oz \u00e0 20 oz, nos <strong>gobelets \u00e0 double paroi<\/strong> sont parfaits pour une vari\u00e9t\u00e9 de boissons sur votre menu.<\/p>\n<ul>\n<li>Fabriqu\u00e9 en papier alimentaire de haute qualit\u00e9<\/li>\n<li>Excellente isolation pour maintenir les boissons au chaud<\/li>\n<li>Conforme aux normes FCM de l&rsquo;UE pour le contact alimentaire s\u00fbr<\/li>\n<li>A pass\u00e9 les tests sans PFAS, non toxicit\u00e9 prouv\u00e9e<\/li>\n<li>Impression personnalis\u00e9e jusqu&rsquo;\u00e0 8 couleurs sur la couche ext\u00e9rieure<\/li>\n<li>Le papier ext\u00e9rieur peut \u00eatre fait de papier kraft<\/li>\n<li>Selon les besoins, nous pouvons imprimer le code de lot au fond du gobelet pour tracer facilement le gobelet \u00e0 travers le processus de fabrication.<\/li>\n<\/ul>\n<p>Quantit\u00e9 minimale de commande pour l&rsquo;impression personnalis\u00e9e : 50 000 pi\u00e8ces.<\/p>\n","protected":false},"featured_media":5745,"template":"","meta":{"_joinchat":[]},"product_brand":[],"product_cat":[134,135],"product_tag":[113],"class_list":{"0":"post-7863","1":"product","2":"type-product","3":"status-publish","4":"has-post-thumbnail","6":"product_cat-gobelets-en-papier","7":"product_cat-gobelets-en-papier-pour-boissons-chaudes","8":"product_tag-gobelets-et-couvercles-pour-boissons-chaudes","10":"first","11":"instock","12":"shipping-taxable","13":"product-type-simple"},"acf":[],"yoast_head":"<!-- This site is optimized with the Yoast SEO Premium plugin v22.5 (Yoast SEO v26.6) - https:\/\/yoast.com\/wordpress\/plugins\/seo\/ -->\n<title>Fabricant de gobelets en papier \u00e0 double paroi - Gobelets \u00e0 caf\u00e9 chauds personnalis\u00e9s en gros - GMZ<\/title>\n<meta name=\"description\" content=\"GMZ est votre fabricant et fournisseur de confiance pour les gobelets en papier \u00e0 double paroi en Chine. D\u00e9couvrez des gobelets \u00e0 caf\u00e9 imprim\u00e9s personnalis\u00e9s en gros avec votre logo ou marque, disponibles dans des tailles de 8 oz, 12 oz \u00e0 16 oz et au-del\u00e0. Envoyez une demande d\u00e8s aujourd&#039;hui!\" \/>\n<meta name=\"robots\" content=\"index, follow, max-snippet:-1, max-image-preview:large, max-video-preview:-1\" \/>\n<link rel=\"canonical\" href=\"https:\/\/gmz.ltd\/fr\/produit\/gobelets-chauds-en-papier-a-double-paroi\/\" \/>\n<meta property=\"og:locale\" content=\"fr_FR\" \/>\n<meta property=\"og:type\" content=\"article\" \/>\n<meta property=\"og:title\" content=\"Gobelets chauds en papier \u00e0 double paroi\" \/>\n<meta property=\"og:description\" content=\"GMZ est votre fabricant et fournisseur de confiance pour les gobelets en papier \u00e0 double paroi en Chine. D\u00e9couvrez des gobelets \u00e0 caf\u00e9 imprim\u00e9s personnalis\u00e9s en gros avec votre logo ou marque, disponibles dans des tailles de 8 oz, 12 oz \u00e0 16 oz et au-del\u00e0. Envoyez une demande d\u00e8s aujourd&#039;hui!\" \/>\n<meta property=\"og:url\" content=\"https:\/\/gmz.ltd\/fr\/produit\/gobelets-chauds-en-papier-a-double-paroi\/\" \/>\n<meta property=\"og:site_name\" content=\"GMZ\" \/>\n<meta property=\"og:image\" content=\"https:\/\/gmz.ltd\/wp-content\/uploads\/2023\/09\/DW-1-2.jpg\" \/>\n\t<meta property=\"og:image:width\" content=\"1000\" \/>\n\t<meta property=\"og:image:height\" content=\"1000\" \/>\n\t<meta property=\"og:image:type\" content=\"image\/jpeg\" \/>\n<meta name=\"twitter:card\" content=\"summary_large_image\" \/>\n<script type=\"application\/ld+json\" class=\"yoast-schema-graph\">{\"@context\":\"https:\/\/schema.org\",\"@graph\":[{\"@type\":\"WebPage\",\"@id\":\"https:\/\/gmz.ltd\/fr\/produit\/gobelets-chauds-en-papier-a-double-paroi\/\",\"url\":\"https:\/\/gmz.ltd\/fr\/produit\/gobelets-chauds-en-papier-a-double-paroi\/\",\"name\":\"Fabricant de gobelets en papier \u00e0 double paroi - Gobelets \u00e0 caf\u00e9 chauds personnalis\u00e9s en gros - GMZ\",\"isPartOf\":{\"@id\":\"https:\/\/gmz.ltd\/fr\/#website\"},\"primaryImageOfPage\":{\"@id\":\"https:\/\/gmz.ltd\/fr\/produit\/gobelets-chauds-en-papier-a-double-paroi\/#primaryimage\"},\"image\":{\"@id\":\"https:\/\/gmz.ltd\/fr\/produit\/gobelets-chauds-en-papier-a-double-paroi\/#primaryimage\"},\"thumbnailUrl\":\"https:\/\/gmz.ltd\/wp-content\/uploads\/2023\/09\/DW-1-2.jpg\",\"datePublished\":\"2024-06-20T03:52:24+00:00\",\"description\":\"GMZ est votre fabricant et fournisseur de confiance pour les gobelets en papier \u00e0 double paroi en Chine. D\u00e9couvrez des gobelets \u00e0 caf\u00e9 imprim\u00e9s personnalis\u00e9s en gros avec votre logo ou marque, disponibles dans des tailles de 8 oz, 12 oz \u00e0 16 oz et au-del\u00e0. Envoyez une demande d\u00e8s aujourd'hui!\",\"breadcrumb\":{\"@id\":\"https:\/\/gmz.ltd\/fr\/produit\/gobelets-chauds-en-papier-a-double-paroi\/#breadcrumb\"},\"inLanguage\":\"fr-FR\",\"potentialAction\":[{\"@type\":\"ReadAction\",\"target\":[\"https:\/\/gmz.ltd\/fr\/produit\/gobelets-chauds-en-papier-a-double-paroi\/\"]}]},{\"@type\":\"ImageObject\",\"inLanguage\":\"fr-FR\",\"@id\":\"https:\/\/gmz.ltd\/fr\/produit\/gobelets-chauds-en-papier-a-double-paroi\/#primaryimage\",\"url\":\"https:\/\/gmz.ltd\/wp-content\/uploads\/2023\/09\/DW-1-2.jpg\",\"contentUrl\":\"https:\/\/gmz.ltd\/wp-content\/uploads\/2023\/09\/DW-1-2.jpg\",\"width\":1000,\"height\":1000},{\"@type\":\"BreadcrumbList\",\"@id\":\"https:\/\/gmz.ltd\/fr\/produit\/gobelets-chauds-en-papier-a-double-paroi\/#breadcrumb\",\"itemListElement\":[{\"@type\":\"ListItem\",\"position\":1,\"name\":\"maison\",\"item\":\"https:\/\/gmz.ltd\/fr\/\"},{\"@type\":\"ListItem\",\"position\":2,\"name\":\"Produits\",\"item\":\"https:\/\/gmz.ltd\/fr\/boutique\/\"},{\"@type\":\"ListItem\",\"position\":3,\"name\":\"Gobelets chauds en papier \u00e0 double paroi\"}]},{\"@type\":\"WebSite\",\"@id\":\"https:\/\/gmz.ltd\/fr\/#website\",\"url\":\"https:\/\/gmz.ltd\/fr\/\",\"name\":\"GMZ\",\"description\":\"\",\"publisher\":{\"@id\":\"https:\/\/gmz.ltd\/fr\/#organization\"},\"potentialAction\":[{\"@type\":\"SearchAction\",\"target\":{\"@type\":\"EntryPoint\",\"urlTemplate\":\"https:\/\/gmz.ltd\/fr\/?s={search_term_string}\"},\"query-input\":{\"@type\":\"PropertyValueSpecification\",\"valueRequired\":true,\"valueName\":\"search_term_string\"}}],\"inLanguage\":\"fr-FR\"},{\"@type\":\"Organization\",\"@id\":\"https:\/\/gmz.ltd\/fr\/#organization\",\"name\":\"GMZ\",\"url\":\"https:\/\/gmz.ltd\/fr\/\",\"logo\":{\"@type\":\"ImageObject\",\"inLanguage\":\"fr-FR\",\"@id\":\"https:\/\/gmz.ltd\/fr\/#\/schema\/logo\/image\/\",\"url\":\"https:\/\/gmz.ltd\/wp-content\/uploads\/2024\/11\/gmzpack.svg\",\"contentUrl\":\"https:\/\/gmz.ltd\/wp-content\/uploads\/2024\/11\/gmzpack.svg\",\"width\":170,\"height\":79,\"caption\":\"GMZ\"},\"image\":{\"@id\":\"https:\/\/gmz.ltd\/fr\/#\/schema\/logo\/image\/\"}}]}<\/script>\n<!-- \/ Yoast SEO Premium plugin. -->","yoast_head_json":{"title":"Fabricant de gobelets en papier \u00e0 double paroi - Gobelets \u00e0 caf\u00e9 chauds personnalis\u00e9s en gros - GMZ","description":"GMZ est votre fabricant et fournisseur de confiance pour les gobelets en papier \u00e0 double paroi en Chine. D\u00e9couvrez des gobelets \u00e0 caf\u00e9 imprim\u00e9s personnalis\u00e9s en gros avec votre logo ou marque, disponibles dans des tailles de 8 oz, 12 oz \u00e0 16 oz et au-del\u00e0. Envoyez une demande d\u00e8s aujourd'hui!","robots":{"index":"index","follow":"follow","max-snippet":"max-snippet:-1","max-image-preview":"max-image-preview:large","max-video-preview":"max-video-preview:-1"},"canonical":"https:\/\/gmz.ltd\/fr\/produit\/gobelets-chauds-en-papier-a-double-paroi\/","og_locale":"fr_FR","og_type":"article","og_title":"Gobelets chauds en papier \u00e0 double paroi","og_description":"GMZ est votre fabricant et fournisseur de confiance pour les gobelets en papier \u00e0 double paroi en Chine. D\u00e9couvrez des gobelets \u00e0 caf\u00e9 imprim\u00e9s personnalis\u00e9s en gros avec votre logo ou marque, disponibles dans des tailles de 8 oz, 12 oz \u00e0 16 oz et au-del\u00e0. Envoyez une demande d\u00e8s aujourd'hui!","og_url":"https:\/\/gmz.ltd\/fr\/produit\/gobelets-chauds-en-papier-a-double-paroi\/","og_site_name":"GMZ","og_image":[{"width":1000,"height":1000,"url":"https:\/\/gmz.ltd\/wp-content\/uploads\/2023\/09\/DW-1-2.jpg","type":"image\/jpeg"}],"twitter_card":"summary_large_image","schema":{"@context":"https:\/\/schema.org","@graph":[{"@type":"WebPage","@id":"https:\/\/gmz.ltd\/fr\/produit\/gobelets-chauds-en-papier-a-double-paroi\/","url":"https:\/\/gmz.ltd\/fr\/produit\/gobelets-chauds-en-papier-a-double-paroi\/","name":"Fabricant de gobelets en papier \u00e0 double paroi - Gobelets \u00e0 caf\u00e9 chauds personnalis\u00e9s en gros - GMZ","isPartOf":{"@id":"https:\/\/gmz.ltd\/fr\/#website"},"primaryImageOfPage":{"@id":"https:\/\/gmz.ltd\/fr\/produit\/gobelets-chauds-en-papier-a-double-paroi\/#primaryimage"},"image":{"@id":"https:\/\/gmz.ltd\/fr\/produit\/gobelets-chauds-en-papier-a-double-paroi\/#primaryimage"},"thumbnailUrl":"https:\/\/gmz.ltd\/wp-content\/uploads\/2023\/09\/DW-1-2.jpg","datePublished":"2024-06-20T03:52:24+00:00","description":"GMZ est votre fabricant et fournisseur de confiance pour les gobelets en papier \u00e0 double paroi en Chine. D\u00e9couvrez des gobelets \u00e0 caf\u00e9 imprim\u00e9s personnalis\u00e9s en gros avec votre logo ou marque, disponibles dans des tailles de 8 oz, 12 oz \u00e0 16 oz et au-del\u00e0. Envoyez une demande d\u00e8s aujourd'hui!","breadcrumb":{"@id":"https:\/\/gmz.ltd\/fr\/produit\/gobelets-chauds-en-papier-a-double-paroi\/#breadcrumb"},"inLanguage":"fr-FR","potentialAction":[{"@type":"ReadAction","target":["https:\/\/gmz.ltd\/fr\/produit\/gobelets-chauds-en-papier-a-double-paroi\/"]}]},{"@type":"ImageObject","inLanguage":"fr-FR","@id":"https:\/\/gmz.ltd\/fr\/produit\/gobelets-chauds-en-papier-a-double-paroi\/#primaryimage","url":"https:\/\/gmz.ltd\/wp-content\/uploads\/2023\/09\/DW-1-2.jpg","contentUrl":"https:\/\/gmz.ltd\/wp-content\/uploads\/2023\/09\/DW-1-2.jpg","width":1000,"height":1000},{"@type":"BreadcrumbList","@id":"https:\/\/gmz.ltd\/fr\/produit\/gobelets-chauds-en-papier-a-double-paroi\/#breadcrumb","itemListElement":[{"@type":"ListItem","position":1,"name":"maison","item":"https:\/\/gmz.ltd\/fr\/"},{"@type":"ListItem","position":2,"name":"Produits","item":"https:\/\/gmz.ltd\/fr\/boutique\/"},{"@type":"ListItem","position":3,"name":"Gobelets chauds en papier \u00e0 double paroi"}]},{"@type":"WebSite","@id":"https:\/\/gmz.ltd\/fr\/#website","url":"https:\/\/gmz.ltd\/fr\/","name":"GMZ","description":"","publisher":{"@id":"https:\/\/gmz.ltd\/fr\/#organization"},"potentialAction":[{"@type":"SearchAction","target":{"@type":"EntryPoint","urlTemplate":"https:\/\/gmz.ltd\/fr\/?s={search_term_string}"},"query-input":{"@type":"PropertyValueSpecification","valueRequired":true,"valueName":"search_term_string"}}],"inLanguage":"fr-FR"},{"@type":"Organization","@id":"https:\/\/gmz.ltd\/fr\/#organization","name":"GMZ","url":"https:\/\/gmz.ltd\/fr\/","logo":{"@type":"ImageObject","inLanguage":"fr-FR","@id":"https:\/\/gmz.ltd\/fr\/#\/schema\/logo\/image\/","url":"https:\/\/gmz.ltd\/wp-content\/uploads\/2024\/11\/gmzpack.svg","contentUrl":"https:\/\/gmz.ltd\/wp-content\/uploads\/2024\/11\/gmzpack.svg","width":170,"height":79,"caption":"GMZ"},"image":{"@id":"https:\/\/gmz.ltd\/fr\/#\/schema\/logo\/image\/"}}]}},"_links":{"self":[{"href":"https:\/\/gmz.ltd\/fr\/wp-json\/wp\/v2\/product\/7863","targetHints":{"allow":["GET"]}}],"collection":[{"href":"https:\/\/gmz.ltd\/fr\/wp-json\/wp\/v2\/product"}],"about":[{"href":"https:\/\/gmz.ltd\/fr\/wp-json\/wp\/v2\/types\/product"}],"version-history":[{"count":0,"href":"https:\/\/gmz.ltd\/fr\/wp-json\/wp\/v2\/product\/7863\/revisions"}],"wp:featuredmedia":[{"embeddable":true,"href":"https:\/\/gmz.ltd\/fr\/wp-json\/wp\/v2\/media\/5745"}],"wp:attachment":[{"href":"https:\/\/gmz.ltd\/fr\/wp-json\/wp\/v2\/media?parent=7863"}],"wp:term":[{"taxonomy":"product_brand","embeddable":true,"href":"https:\/\/gmz.ltd\/fr\/wp-json\/wp\/v2\/product_brand?post=7863"},{"taxonomy":"product_cat","embeddable":true,"href":"https:\/\/gmz.ltd\/fr\/wp-json\/wp\/v2\/product_cat?post=7863"},{"taxonomy":"product_tag","embeddable":true,"href":"https:\/\/gmz.ltd\/fr\/wp-json\/wp\/v2\/product_tag?post=7863"}],"curies":[{"name":"wp","href":"https:\/\/api.w.org\/{rel}","templated":true}]}}