{"id":7867,"date":"2023-09-20T03:50:39","date_gmt":"2023-09-20T03:50:39","guid":{"rendered":"https:\/\/gmz.ltd\/product\/gobelets-chauds-en-papier-a-simple-paroi\/"},"modified":"2023-09-20T03:50:39","modified_gmt":"2023-09-20T03:50:39","slug":"gobelets-chauds-en-papier-a-simple-paroi","status":"publish","type":"product","link":"https:\/\/gmz.ltd\/fr\/produit\/gobelets-chauds-en-papier-a-simple-paroi\/","title":{"rendered":"Gobelets chauds en papier \u00e0 simple paroi"},"content":{"rendered":"<p>Nos gobelets premium \u00e0 simple paroi sont disponibles dans diverses tailles, de 1 oz \u00e0 22 oz, pour r\u00e9pondre aux diff\u00e9rents besoins du march\u00e9 mondial. En plus du blanc, nous proposons \u00e9galement l&rsquo;impression personnalis\u00e9e.<\/p>\n","protected":false},"excerpt":{"rendered":"<p>Nos gobelets premium \u00e0 simple paroi sont disponibles dans diverses tailles, de 1 oz \u00e0 22 oz, pour r\u00e9pondre aux diff\u00e9rents besoins du march\u00e9 mondial. En plus du carton blanc, nous fournissons \u00e9galement des services d&rsquo;impression personnalis\u00e9e pour afficher votre logo ou votre design sur les gobelets.<\/p>\n<ul>\n<li>Fabriqu\u00e9 en papier alimentaire de haute qualit\u00e9<\/li>\n<li>Conforme aux normes FCM de l&rsquo;UE pour le contact alimentaire s\u00fbr<\/li>\n<li>Certifi\u00e9 sans PFAS et non toxique<\/li>\n<li>Impression personnalis\u00e9e jusqu&rsquo;\u00e0 8 couleurs sur la couche ext\u00e9rieure<\/li>\n<li>Selon les besoins, nous pouvons imprimer le code de lot au fond du gobelet pour tracer facilement le gobelet \u00e0 travers le processus de fabrication.<\/li>\n<\/ul>\n<p><!-- notionvc: 2bb769bd-8239-4275-aad6-67aa9e1abfb7 --><\/p>\n<p>Quantit\u00e9 minimale de commande pour l&rsquo;impression personnalis\u00e9e : 50 000 pi\u00e8ces.<\/p>\n","protected":false},"featured_media":6629,"template":"","meta":{"_joinchat":[]},"product_brand":[],"product_cat":[134,135],"product_tag":[113],"class_list":{"0":"post-7867","1":"product","2":"type-product","3":"status-publish","4":"has-post-thumbnail","6":"product_cat-gobelets-en-papier","7":"product_cat-gobelets-en-papier-pour-boissons-chaudes","8":"product_tag-gobelets-et-couvercles-pour-boissons-chaudes","10":"first","11":"instock","12":"shipping-taxable","13":"product-type-simple"},"acf":[],"yoast_head":"<!-- This site is optimized with the Yoast SEO Premium plugin v22.5 (Yoast SEO v26.6) - https:\/\/yoast.com\/wordpress\/plugins\/seo\/ -->\n<title>Fabricant et fournisseur de gobelets en papier \u00e0 simple paroi - Gobelets \u00e0 caf\u00e9 chauds imprim\u00e9s personnalis\u00e9s - GMZ<\/title>\n<meta name=\"description\" content=\"GMZ est un fabricant de gobelets en papier \u00e0 simple paroi de premier plan, offrant des gobelets en papier pour caf\u00e9 imprim\u00e9s personnalis\u00e9s avec logos pour les caf\u00e9s, restaurants et entreprises alimentaires. Commandez en gros des gobelets chauds \u00e0 simple paroi \u00e9cologiques et biod\u00e9gradables allant de 8 oz \u00e0 12 oz chez GMZ. Obtenez un devis aujourd&#039;hui !\" \/>\n<meta name=\"robots\" content=\"index, follow, max-snippet:-1, max-image-preview:large, max-video-preview:-1\" \/>\n<link rel=\"canonical\" href=\"https:\/\/gmz.ltd\/fr\/produit\/gobelets-chauds-en-papier-a-simple-paroi\/\" \/>\n<meta property=\"og:locale\" content=\"fr_FR\" \/>\n<meta property=\"og:type\" content=\"article\" \/>\n<meta property=\"og:title\" content=\"Gobelets chauds en papier \u00e0 simple paroi\" \/>\n<meta property=\"og:description\" content=\"GMZ est un fabricant de gobelets en papier \u00e0 simple paroi de premier plan, offrant des gobelets en papier pour caf\u00e9 imprim\u00e9s personnalis\u00e9s avec logos pour les caf\u00e9s, restaurants et entreprises alimentaires. Commandez en gros des gobelets chauds \u00e0 simple paroi \u00e9cologiques et biod\u00e9gradables allant de 8 oz \u00e0 12 oz chez GMZ. Obtenez un devis aujourd&#039;hui !\" \/>\n<meta property=\"og:url\" content=\"https:\/\/gmz.ltd\/fr\/produit\/gobelets-chauds-en-papier-a-simple-paroi\/\" \/>\n<meta property=\"og:site_name\" content=\"GMZ\" \/>\n<meta property=\"og:image\" content=\"https:\/\/gmz.ltd\/wp-content\/uploads\/2023\/09\/Single-wall-1.jpg\" \/>\n\t<meta property=\"og:image:width\" content=\"800\" \/>\n\t<meta property=\"og:image:height\" content=\"800\" \/>\n\t<meta property=\"og:image:type\" content=\"image\/jpeg\" \/>\n<meta name=\"twitter:card\" content=\"summary_large_image\" \/>\n<script type=\"application\/ld+json\" class=\"yoast-schema-graph\">{\"@context\":\"https:\/\/schema.org\",\"@graph\":[{\"@type\":\"WebPage\",\"@id\":\"https:\/\/gmz.ltd\/fr\/produit\/gobelets-chauds-en-papier-a-simple-paroi\/\",\"url\":\"https:\/\/gmz.ltd\/fr\/produit\/gobelets-chauds-en-papier-a-simple-paroi\/\",\"name\":\"Fabricant et fournisseur de gobelets en papier \u00e0 simple paroi - Gobelets \u00e0 caf\u00e9 chauds imprim\u00e9s personnalis\u00e9s - GMZ\",\"isPartOf\":{\"@id\":\"https:\/\/gmz.ltd\/fr\/#website\"},\"primaryImageOfPage\":{\"@id\":\"https:\/\/gmz.ltd\/fr\/produit\/gobelets-chauds-en-papier-a-simple-paroi\/#primaryimage\"},\"image\":{\"@id\":\"https:\/\/gmz.ltd\/fr\/produit\/gobelets-chauds-en-papier-a-simple-paroi\/#primaryimage\"},\"thumbnailUrl\":\"https:\/\/gmz.ltd\/wp-content\/uploads\/2023\/09\/Single-wall-1.jpg\",\"datePublished\":\"2023-09-20T03:50:39+00:00\",\"description\":\"GMZ est un fabricant de gobelets en papier \u00e0 simple paroi de premier plan, offrant des gobelets en papier pour caf\u00e9 imprim\u00e9s personnalis\u00e9s avec logos pour les caf\u00e9s, restaurants et entreprises alimentaires. Commandez en gros des gobelets chauds \u00e0 simple paroi \u00e9cologiques et biod\u00e9gradables allant de 8 oz \u00e0 12 oz chez GMZ. Obtenez un devis aujourd'hui !\",\"breadcrumb\":{\"@id\":\"https:\/\/gmz.ltd\/fr\/produit\/gobelets-chauds-en-papier-a-simple-paroi\/#breadcrumb\"},\"inLanguage\":\"fr-FR\",\"potentialAction\":[{\"@type\":\"ReadAction\",\"target\":[\"https:\/\/gmz.ltd\/fr\/produit\/gobelets-chauds-en-papier-a-simple-paroi\/\"]}]},{\"@type\":\"ImageObject\",\"inLanguage\":\"fr-FR\",\"@id\":\"https:\/\/gmz.ltd\/fr\/produit\/gobelets-chauds-en-papier-a-simple-paroi\/#primaryimage\",\"url\":\"https:\/\/gmz.ltd\/wp-content\/uploads\/2023\/09\/Single-wall-1.jpg\",\"contentUrl\":\"https:\/\/gmz.ltd\/wp-content\/uploads\/2023\/09\/Single-wall-1.jpg\",\"width\":800,\"height\":800,\"caption\":\"Single Wall Cup\"},{\"@type\":\"BreadcrumbList\",\"@id\":\"https:\/\/gmz.ltd\/fr\/produit\/gobelets-chauds-en-papier-a-simple-paroi\/#breadcrumb\",\"itemListElement\":[{\"@type\":\"ListItem\",\"position\":1,\"name\":\"maison\",\"item\":\"https:\/\/gmz.ltd\/fr\/\"},{\"@type\":\"ListItem\",\"position\":2,\"name\":\"Produits\",\"item\":\"https:\/\/gmz.ltd\/fr\/boutique\/\"},{\"@type\":\"ListItem\",\"position\":3,\"name\":\"Gobelets chauds en papier \u00e0 simple paroi\"}]},{\"@type\":\"WebSite\",\"@id\":\"https:\/\/gmz.ltd\/fr\/#website\",\"url\":\"https:\/\/gmz.ltd\/fr\/\",\"name\":\"GMZ\",\"description\":\"\",\"publisher\":{\"@id\":\"https:\/\/gmz.ltd\/fr\/#organization\"},\"potentialAction\":[{\"@type\":\"SearchAction\",\"target\":{\"@type\":\"EntryPoint\",\"urlTemplate\":\"https:\/\/gmz.ltd\/fr\/?s={search_term_string}\"},\"query-input\":{\"@type\":\"PropertyValueSpecification\",\"valueRequired\":true,\"valueName\":\"search_term_string\"}}],\"inLanguage\":\"fr-FR\"},{\"@type\":\"Organization\",\"@id\":\"https:\/\/gmz.ltd\/fr\/#organization\",\"name\":\"GMZ\",\"url\":\"https:\/\/gmz.ltd\/fr\/\",\"logo\":{\"@type\":\"ImageObject\",\"inLanguage\":\"fr-FR\",\"@id\":\"https:\/\/gmz.ltd\/fr\/#\/schema\/logo\/image\/\",\"url\":\"https:\/\/gmz.ltd\/wp-content\/uploads\/2024\/11\/gmzpack.svg\",\"contentUrl\":\"https:\/\/gmz.ltd\/wp-content\/uploads\/2024\/11\/gmzpack.svg\",\"width\":170,\"height\":79,\"caption\":\"GMZ\"},\"image\":{\"@id\":\"https:\/\/gmz.ltd\/fr\/#\/schema\/logo\/image\/\"}}]}<\/script>\n<!-- \/ Yoast SEO Premium plugin. -->","yoast_head_json":{"title":"Fabricant et fournisseur de gobelets en papier \u00e0 simple paroi - Gobelets \u00e0 caf\u00e9 chauds imprim\u00e9s personnalis\u00e9s - GMZ","description":"GMZ est un fabricant de gobelets en papier \u00e0 simple paroi de premier plan, offrant des gobelets en papier pour caf\u00e9 imprim\u00e9s personnalis\u00e9s avec logos pour les caf\u00e9s, restaurants et entreprises alimentaires. Commandez en gros des gobelets chauds \u00e0 simple paroi \u00e9cologiques et biod\u00e9gradables allant de 8 oz \u00e0 12 oz chez GMZ. Obtenez un devis aujourd'hui !","robots":{"index":"index","follow":"follow","max-snippet":"max-snippet:-1","max-image-preview":"max-image-preview:large","max-video-preview":"max-video-preview:-1"},"canonical":"https:\/\/gmz.ltd\/fr\/produit\/gobelets-chauds-en-papier-a-simple-paroi\/","og_locale":"fr_FR","og_type":"article","og_title":"Gobelets chauds en papier \u00e0 simple paroi","og_description":"GMZ est un fabricant de gobelets en papier \u00e0 simple paroi de premier plan, offrant des gobelets en papier pour caf\u00e9 imprim\u00e9s personnalis\u00e9s avec logos pour les caf\u00e9s, restaurants et entreprises alimentaires. Commandez en gros des gobelets chauds \u00e0 simple paroi \u00e9cologiques et biod\u00e9gradables allant de 8 oz \u00e0 12 oz chez GMZ. Obtenez un devis aujourd'hui !","og_url":"https:\/\/gmz.ltd\/fr\/produit\/gobelets-chauds-en-papier-a-simple-paroi\/","og_site_name":"GMZ","og_image":[{"width":800,"height":800,"url":"https:\/\/gmz.ltd\/wp-content\/uploads\/2023\/09\/Single-wall-1.jpg","type":"image\/jpeg"}],"twitter_card":"summary_large_image","schema":{"@context":"https:\/\/schema.org","@graph":[{"@type":"WebPage","@id":"https:\/\/gmz.ltd\/fr\/produit\/gobelets-chauds-en-papier-a-simple-paroi\/","url":"https:\/\/gmz.ltd\/fr\/produit\/gobelets-chauds-en-papier-a-simple-paroi\/","name":"Fabricant et fournisseur de gobelets en papier \u00e0 simple paroi - Gobelets \u00e0 caf\u00e9 chauds imprim\u00e9s personnalis\u00e9s - GMZ","isPartOf":{"@id":"https:\/\/gmz.ltd\/fr\/#website"},"primaryImageOfPage":{"@id":"https:\/\/gmz.ltd\/fr\/produit\/gobelets-chauds-en-papier-a-simple-paroi\/#primaryimage"},"image":{"@id":"https:\/\/gmz.ltd\/fr\/produit\/gobelets-chauds-en-papier-a-simple-paroi\/#primaryimage"},"thumbnailUrl":"https:\/\/gmz.ltd\/wp-content\/uploads\/2023\/09\/Single-wall-1.jpg","datePublished":"2023-09-20T03:50:39+00:00","description":"GMZ est un fabricant de gobelets en papier \u00e0 simple paroi de premier plan, offrant des gobelets en papier pour caf\u00e9 imprim\u00e9s personnalis\u00e9s avec logos pour les caf\u00e9s, restaurants et entreprises alimentaires. Commandez en gros des gobelets chauds \u00e0 simple paroi \u00e9cologiques et biod\u00e9gradables allant de 8 oz \u00e0 12 oz chez GMZ. Obtenez un devis aujourd'hui !","breadcrumb":{"@id":"https:\/\/gmz.ltd\/fr\/produit\/gobelets-chauds-en-papier-a-simple-paroi\/#breadcrumb"},"inLanguage":"fr-FR","potentialAction":[{"@type":"ReadAction","target":["https:\/\/gmz.ltd\/fr\/produit\/gobelets-chauds-en-papier-a-simple-paroi\/"]}]},{"@type":"ImageObject","inLanguage":"fr-FR","@id":"https:\/\/gmz.ltd\/fr\/produit\/gobelets-chauds-en-papier-a-simple-paroi\/#primaryimage","url":"https:\/\/gmz.ltd\/wp-content\/uploads\/2023\/09\/Single-wall-1.jpg","contentUrl":"https:\/\/gmz.ltd\/wp-content\/uploads\/2023\/09\/Single-wall-1.jpg","width":800,"height":800,"caption":"Single Wall Cup"},{"@type":"BreadcrumbList","@id":"https:\/\/gmz.ltd\/fr\/produit\/gobelets-chauds-en-papier-a-simple-paroi\/#breadcrumb","itemListElement":[{"@type":"ListItem","position":1,"name":"maison","item":"https:\/\/gmz.ltd\/fr\/"},{"@type":"ListItem","position":2,"name":"Produits","item":"https:\/\/gmz.ltd\/fr\/boutique\/"},{"@type":"ListItem","position":3,"name":"Gobelets chauds en papier \u00e0 simple paroi"}]},{"@type":"WebSite","@id":"https:\/\/gmz.ltd\/fr\/#website","url":"https:\/\/gmz.ltd\/fr\/","name":"GMZ","description":"","publisher":{"@id":"https:\/\/gmz.ltd\/fr\/#organization"},"potentialAction":[{"@type":"SearchAction","target":{"@type":"EntryPoint","urlTemplate":"https:\/\/gmz.ltd\/fr\/?s={search_term_string}"},"query-input":{"@type":"PropertyValueSpecification","valueRequired":true,"valueName":"search_term_string"}}],"inLanguage":"fr-FR"},{"@type":"Organization","@id":"https:\/\/gmz.ltd\/fr\/#organization","name":"GMZ","url":"https:\/\/gmz.ltd\/fr\/","logo":{"@type":"ImageObject","inLanguage":"fr-FR","@id":"https:\/\/gmz.ltd\/fr\/#\/schema\/logo\/image\/","url":"https:\/\/gmz.ltd\/wp-content\/uploads\/2024\/11\/gmzpack.svg","contentUrl":"https:\/\/gmz.ltd\/wp-content\/uploads\/2024\/11\/gmzpack.svg","width":170,"height":79,"caption":"GMZ"},"image":{"@id":"https:\/\/gmz.ltd\/fr\/#\/schema\/logo\/image\/"}}]}},"_links":{"self":[{"href":"https:\/\/gmz.ltd\/fr\/wp-json\/wp\/v2\/product\/7867","targetHints":{"allow":["GET"]}}],"collection":[{"href":"https:\/\/gmz.ltd\/fr\/wp-json\/wp\/v2\/product"}],"about":[{"href":"https:\/\/gmz.ltd\/fr\/wp-json\/wp\/v2\/types\/product"}],"version-history":[{"count":0,"href":"https:\/\/gmz.ltd\/fr\/wp-json\/wp\/v2\/product\/7867\/revisions"}],"wp:featuredmedia":[{"embeddable":true,"href":"https:\/\/gmz.ltd\/fr\/wp-json\/wp\/v2\/media\/6629"}],"wp:attachment":[{"href":"https:\/\/gmz.ltd\/fr\/wp-json\/wp\/v2\/media?parent=7867"}],"wp:term":[{"taxonomy":"product_brand","embeddable":true,"href":"https:\/\/gmz.ltd\/fr\/wp-json\/wp\/v2\/product_brand?post=7867"},{"taxonomy":"product_cat","embeddable":true,"href":"https:\/\/gmz.ltd\/fr\/wp-json\/wp\/v2\/product_cat?post=7867"},{"taxonomy":"product_tag","embeddable":true,"href":"https:\/\/gmz.ltd\/fr\/wp-json\/wp\/v2\/product_tag?post=7867"}],"curies":[{"name":"wp","href":"https:\/\/api.w.org\/{rel}","templated":true}]}}