{"id":7816,"date":"2023-09-20T06:12:48","date_gmt":"2023-09-20T06:12:48","guid":{"rendered":"https:\/\/gmz.ltd\/product\/ciotole-di-carta\/"},"modified":"2023-09-20T06:12:48","modified_gmt":"2023-09-20T06:12:48","slug":"ciotole-di-carta","status":"publish","type":"product","link":"https:\/\/gmz.ltd\/it\/prodotto\/ciotole-di-carta\/","title":{"rendered":"Ciotole di carta"},"content":{"rendered":"<p>La serie di ciotole di carta \u00e8 uno dei contenitori per cibo da asporto pi\u00f9 popolari al mondo, \u00e8 economica e resistente, e pu\u00f2 essere utilizzata per contenere noodles, insalate, pizza e altro.<\/p>\n","protected":false},"excerpt":{"rendered":"<p>La serie di ciotole di carta \u00e8 uno dei contenitori per cibo da asporto pi\u00f9 popolari al mondo. \u00c8 durevole, economica e ha anche un bell&#8217;aspetto. Adatti per una variet\u00e0 di cibi, dalle noodle e insalate alla pizza, le nostre ciotole di carta sono progettate per fornire un&#8217;esperienza culinaria a prova di perdite e senza disordine.<\/p>\n<ul>\n<li>Realizzato con carta alimentare di alta qualit\u00e0<\/li>\n<li>Rivestito con un materiale speciale per la tenuta stagna<\/li>\n<li>Adatto per una variet\u00e0 di cibi caldi o freddi<\/li>\n<li>Disponibile in ciotole di carta bianca e kraft<\/li>\n<li>Coperchi in PET o PP opzionali per le necessit\u00e0 di asporto o consegna<\/li>\n<li>Stampa personalizzata disponibile per il branding<\/li>\n<\/ul>\n","protected":false},"featured_media":5403,"template":"","meta":{"_joinchat":[]},"product_brand":[],"product_cat":[110],"product_tag":[],"class_list":{"0":"post-7816","1":"product","2":"type-product","3":"status-publish","4":"has-post-thumbnail","6":"product_cat-contenitori-per-alimenti","8":"first","9":"instock","10":"shipping-taxable","11":"product-type-simple"},"acf":[],"yoast_head":"<!-- This site is optimized with the Yoast SEO Premium plugin v22.5 (Yoast SEO v26.6) - https:\/\/yoast.com\/wordpress\/plugins\/seo\/ -->\n<title>Produttore e fornitore di ciotole di carta - Ciotole monouso all&#039;ingrosso da asporto con coperchi - GMZ<\/title>\n<meta name=\"description\" content=\"Acquista ciotole di carta monouso a prezzi all&#039;ingrosso da GMZ. Le nostre ciotole da asporto all&#039;ingrosso con coperchi sono progettate per servire cibo caldo e freddo, disponibili in dimensioni che vanno da 500 ml a 1300 ml. Personalizza il tuo logo sulle nostre ciotole di carta neutre, disponibili nei colori kraft e bianco. Scegli GMZ per il miglior packaging per cibo da asporto.\" \/>\n<meta name=\"robots\" content=\"index, follow, max-snippet:-1, max-image-preview:large, max-video-preview:-1\" \/>\n<link rel=\"canonical\" href=\"https:\/\/gmz.ltd\/it\/prodotto\/ciotole-di-carta\/\" \/>\n<meta property=\"og:locale\" content=\"it_IT\" \/>\n<meta property=\"og:type\" content=\"article\" \/>\n<meta property=\"og:title\" content=\"Ciotole di carta\" \/>\n<meta property=\"og:description\" content=\"Acquista ciotole di carta monouso a prezzi all&#039;ingrosso da GMZ. Le nostre ciotole da asporto all&#039;ingrosso con coperchi sono progettate per servire cibo caldo e freddo, disponibili in dimensioni che vanno da 500 ml a 1300 ml. Personalizza il tuo logo sulle nostre ciotole di carta neutre, disponibili nei colori kraft e bianco. Scegli GMZ per il miglior packaging per cibo da asporto.\" \/>\n<meta property=\"og:url\" content=\"https:\/\/gmz.ltd\/it\/prodotto\/ciotole-di-carta\/\" \/>\n<meta property=\"og:site_name\" content=\"GMZ\" \/>\n<meta property=\"og:image\" content=\"https:\/\/gmz.ltd\/wp-content\/uploads\/2023\/09\/0.jpeg\" \/>\n\t<meta property=\"og:image:width\" content=\"800\" \/>\n\t<meta property=\"og:image:height\" content=\"800\" \/>\n\t<meta property=\"og:image:type\" content=\"image\/jpeg\" \/>\n<meta name=\"twitter:card\" content=\"summary_large_image\" \/>\n<script type=\"application\/ld+json\" class=\"yoast-schema-graph\">{\"@context\":\"https:\/\/schema.org\",\"@graph\":[{\"@type\":\"WebPage\",\"@id\":\"https:\/\/gmz.ltd\/it\/prodotto\/ciotole-di-carta\/\",\"url\":\"https:\/\/gmz.ltd\/it\/prodotto\/ciotole-di-carta\/\",\"name\":\"Produttore e fornitore di ciotole di carta - Ciotole monouso all'ingrosso da asporto con coperchi - GMZ\",\"isPartOf\":{\"@id\":\"https:\/\/gmz.ltd\/it\/#website\"},\"primaryImageOfPage\":{\"@id\":\"https:\/\/gmz.ltd\/it\/prodotto\/ciotole-di-carta\/#primaryimage\"},\"image\":{\"@id\":\"https:\/\/gmz.ltd\/it\/prodotto\/ciotole-di-carta\/#primaryimage\"},\"thumbnailUrl\":\"https:\/\/gmz.ltd\/wp-content\/uploads\/2023\/09\/0.jpeg\",\"datePublished\":\"2023-09-20T06:12:48+00:00\",\"description\":\"Acquista ciotole di carta monouso a prezzi all'ingrosso da GMZ. Le nostre ciotole da asporto all'ingrosso con coperchi sono progettate per servire cibo caldo e freddo, disponibili in dimensioni che vanno da 500 ml a 1300 ml. Personalizza il tuo logo sulle nostre ciotole di carta neutre, disponibili nei colori kraft e bianco. Scegli GMZ per il miglior packaging per cibo da asporto.\",\"breadcrumb\":{\"@id\":\"https:\/\/gmz.ltd\/it\/prodotto\/ciotole-di-carta\/#breadcrumb\"},\"inLanguage\":\"it-IT\",\"potentialAction\":[{\"@type\":\"ReadAction\",\"target\":[\"https:\/\/gmz.ltd\/it\/prodotto\/ciotole-di-carta\/\"]}]},{\"@type\":\"ImageObject\",\"inLanguage\":\"it-IT\",\"@id\":\"https:\/\/gmz.ltd\/it\/prodotto\/ciotole-di-carta\/#primaryimage\",\"url\":\"https:\/\/gmz.ltd\/wp-content\/uploads\/2023\/09\/0.jpeg\",\"contentUrl\":\"https:\/\/gmz.ltd\/wp-content\/uploads\/2023\/09\/0.jpeg\",\"width\":800,\"height\":800},{\"@type\":\"BreadcrumbList\",\"@id\":\"https:\/\/gmz.ltd\/it\/prodotto\/ciotole-di-carta\/#breadcrumb\",\"itemListElement\":[{\"@type\":\"ListItem\",\"position\":1,\"name\":\"casa\",\"item\":\"https:\/\/gmz.ltd\/it\/\"},{\"@type\":\"ListItem\",\"position\":2,\"name\":\"Prodotti\",\"item\":\"https:\/\/gmz.ltd\/it\/negozio\/\"},{\"@type\":\"ListItem\",\"position\":3,\"name\":\"Ciotole di carta\"}]},{\"@type\":\"WebSite\",\"@id\":\"https:\/\/gmz.ltd\/it\/#website\",\"url\":\"https:\/\/gmz.ltd\/it\/\",\"name\":\"GMZ\",\"description\":\"\",\"publisher\":{\"@id\":\"https:\/\/gmz.ltd\/it\/#organization\"},\"potentialAction\":[{\"@type\":\"SearchAction\",\"target\":{\"@type\":\"EntryPoint\",\"urlTemplate\":\"https:\/\/gmz.ltd\/it\/?s={search_term_string}\"},\"query-input\":{\"@type\":\"PropertyValueSpecification\",\"valueRequired\":true,\"valueName\":\"search_term_string\"}}],\"inLanguage\":\"it-IT\"},{\"@type\":\"Organization\",\"@id\":\"https:\/\/gmz.ltd\/it\/#organization\",\"name\":\"GMZ\",\"url\":\"https:\/\/gmz.ltd\/it\/\",\"logo\":{\"@type\":\"ImageObject\",\"inLanguage\":\"it-IT\",\"@id\":\"https:\/\/gmz.ltd\/it\/#\/schema\/logo\/image\/\",\"url\":\"https:\/\/gmz.ltd\/wp-content\/uploads\/2024\/11\/gmzpack.svg\",\"contentUrl\":\"https:\/\/gmz.ltd\/wp-content\/uploads\/2024\/11\/gmzpack.svg\",\"width\":170,\"height\":79,\"caption\":\"GMZ\"},\"image\":{\"@id\":\"https:\/\/gmz.ltd\/it\/#\/schema\/logo\/image\/\"}}]}<\/script>\n<!-- \/ Yoast SEO Premium plugin. -->","yoast_head_json":{"title":"Produttore e fornitore di ciotole di carta - Ciotole monouso all'ingrosso da asporto con coperchi - GMZ","description":"Acquista ciotole di carta monouso a prezzi all'ingrosso da GMZ. Le nostre ciotole da asporto all'ingrosso con coperchi sono progettate per servire cibo caldo e freddo, disponibili in dimensioni che vanno da 500 ml a 1300 ml. Personalizza il tuo logo sulle nostre ciotole di carta neutre, disponibili nei colori kraft e bianco. Scegli GMZ per il miglior packaging per cibo da asporto.","robots":{"index":"index","follow":"follow","max-snippet":"max-snippet:-1","max-image-preview":"max-image-preview:large","max-video-preview":"max-video-preview:-1"},"canonical":"https:\/\/gmz.ltd\/it\/prodotto\/ciotole-di-carta\/","og_locale":"it_IT","og_type":"article","og_title":"Ciotole di carta","og_description":"Acquista ciotole di carta monouso a prezzi all'ingrosso da GMZ. Le nostre ciotole da asporto all'ingrosso con coperchi sono progettate per servire cibo caldo e freddo, disponibili in dimensioni che vanno da 500 ml a 1300 ml. Personalizza il tuo logo sulle nostre ciotole di carta neutre, disponibili nei colori kraft e bianco. Scegli GMZ per il miglior packaging per cibo da asporto.","og_url":"https:\/\/gmz.ltd\/it\/prodotto\/ciotole-di-carta\/","og_site_name":"GMZ","og_image":[{"width":800,"height":800,"url":"https:\/\/gmz.ltd\/wp-content\/uploads\/2023\/09\/0.jpeg","type":"image\/jpeg"}],"twitter_card":"summary_large_image","schema":{"@context":"https:\/\/schema.org","@graph":[{"@type":"WebPage","@id":"https:\/\/gmz.ltd\/it\/prodotto\/ciotole-di-carta\/","url":"https:\/\/gmz.ltd\/it\/prodotto\/ciotole-di-carta\/","name":"Produttore e fornitore di ciotole di carta - Ciotole monouso all'ingrosso da asporto con coperchi - GMZ","isPartOf":{"@id":"https:\/\/gmz.ltd\/it\/#website"},"primaryImageOfPage":{"@id":"https:\/\/gmz.ltd\/it\/prodotto\/ciotole-di-carta\/#primaryimage"},"image":{"@id":"https:\/\/gmz.ltd\/it\/prodotto\/ciotole-di-carta\/#primaryimage"},"thumbnailUrl":"https:\/\/gmz.ltd\/wp-content\/uploads\/2023\/09\/0.jpeg","datePublished":"2023-09-20T06:12:48+00:00","description":"Acquista ciotole di carta monouso a prezzi all'ingrosso da GMZ. Le nostre ciotole da asporto all'ingrosso con coperchi sono progettate per servire cibo caldo e freddo, disponibili in dimensioni che vanno da 500 ml a 1300 ml. Personalizza il tuo logo sulle nostre ciotole di carta neutre, disponibili nei colori kraft e bianco. Scegli GMZ per il miglior packaging per cibo da asporto.","breadcrumb":{"@id":"https:\/\/gmz.ltd\/it\/prodotto\/ciotole-di-carta\/#breadcrumb"},"inLanguage":"it-IT","potentialAction":[{"@type":"ReadAction","target":["https:\/\/gmz.ltd\/it\/prodotto\/ciotole-di-carta\/"]}]},{"@type":"ImageObject","inLanguage":"it-IT","@id":"https:\/\/gmz.ltd\/it\/prodotto\/ciotole-di-carta\/#primaryimage","url":"https:\/\/gmz.ltd\/wp-content\/uploads\/2023\/09\/0.jpeg","contentUrl":"https:\/\/gmz.ltd\/wp-content\/uploads\/2023\/09\/0.jpeg","width":800,"height":800},{"@type":"BreadcrumbList","@id":"https:\/\/gmz.ltd\/it\/prodotto\/ciotole-di-carta\/#breadcrumb","itemListElement":[{"@type":"ListItem","position":1,"name":"casa","item":"https:\/\/gmz.ltd\/it\/"},{"@type":"ListItem","position":2,"name":"Prodotti","item":"https:\/\/gmz.ltd\/it\/negozio\/"},{"@type":"ListItem","position":3,"name":"Ciotole di carta"}]},{"@type":"WebSite","@id":"https:\/\/gmz.ltd\/it\/#website","url":"https:\/\/gmz.ltd\/it\/","name":"GMZ","description":"","publisher":{"@id":"https:\/\/gmz.ltd\/it\/#organization"},"potentialAction":[{"@type":"SearchAction","target":{"@type":"EntryPoint","urlTemplate":"https:\/\/gmz.ltd\/it\/?s={search_term_string}"},"query-input":{"@type":"PropertyValueSpecification","valueRequired":true,"valueName":"search_term_string"}}],"inLanguage":"it-IT"},{"@type":"Organization","@id":"https:\/\/gmz.ltd\/it\/#organization","name":"GMZ","url":"https:\/\/gmz.ltd\/it\/","logo":{"@type":"ImageObject","inLanguage":"it-IT","@id":"https:\/\/gmz.ltd\/it\/#\/schema\/logo\/image\/","url":"https:\/\/gmz.ltd\/wp-content\/uploads\/2024\/11\/gmzpack.svg","contentUrl":"https:\/\/gmz.ltd\/wp-content\/uploads\/2024\/11\/gmzpack.svg","width":170,"height":79,"caption":"GMZ"},"image":{"@id":"https:\/\/gmz.ltd\/it\/#\/schema\/logo\/image\/"}}]}},"_links":{"self":[{"href":"https:\/\/gmz.ltd\/it\/wp-json\/wp\/v2\/product\/7816","targetHints":{"allow":["GET"]}}],"collection":[{"href":"https:\/\/gmz.ltd\/it\/wp-json\/wp\/v2\/product"}],"about":[{"href":"https:\/\/gmz.ltd\/it\/wp-json\/wp\/v2\/types\/product"}],"version-history":[{"count":0,"href":"https:\/\/gmz.ltd\/it\/wp-json\/wp\/v2\/product\/7816\/revisions"}],"wp:featuredmedia":[{"embeddable":true,"href":"https:\/\/gmz.ltd\/it\/wp-json\/wp\/v2\/media\/5403"}],"wp:attachment":[{"href":"https:\/\/gmz.ltd\/it\/wp-json\/wp\/v2\/media?parent=7816"}],"wp:term":[{"taxonomy":"product_brand","embeddable":true,"href":"https:\/\/gmz.ltd\/it\/wp-json\/wp\/v2\/product_brand?post=7816"},{"taxonomy":"product_cat","embeddable":true,"href":"https:\/\/gmz.ltd\/it\/wp-json\/wp\/v2\/product_cat?post=7816"},{"taxonomy":"product_tag","embeddable":true,"href":"https:\/\/gmz.ltd\/it\/wp-json\/wp\/v2\/product_tag?post=7816"}],"curies":[{"name":"wp","href":"https:\/\/api.w.org\/{rel}","templated":true}]}}