{"id":7829,"date":"2023-09-20T04:04:47","date_gmt":"2023-09-20T04:04:47","guid":{"rendered":"https:\/\/gmz.ltd\/product\/coperchi-in-pet\/"},"modified":"2023-09-20T04:04:47","modified_gmt":"2023-09-20T04:04:47","slug":"coperchi-in-pet","status":"publish","type":"product","link":"https:\/\/gmz.ltd\/it\/prodotto\/coperchi-in-pet\/","title":{"rendered":"Coperchi in PET"},"content":{"rendered":"<p>I coperchi in PET sono adatti per bicchieri di bevande fredde, ci sono molti modelli tra cui scegliere, tutti i nostri bicchieri in PET possono essere abbinati a coperchi adatti.<\/p>\n","protected":false},"excerpt":{"rendered":"<p>I nostri coperchi sono realizzati in plastica PET di alta qualit\u00e0 e possono essere riciclati in nuovi prodotti attraverso processi appropriati. Questi coperchi sono durevoli, resistenti e super trasparenti, offrendo una soluzione sicura e senza perdite per le tue bevande fredde. Progettati per adattarsi alla nostra gamma di bicchieri in PET, sono compatibili con la maggior parte delle dimensioni di bicchieri freddi disponibili sul mercato.<\/p>\n<ul>\n<li>Realizzato in materiali PET riciclabili<\/li>\n<li>Fornisce un&#8217;esperienza sicura e senza perdite<\/li>\n<li>Compatibile con la maggior parte dei bicchieri freddi presenti sul mercato<\/li>\n<li>Disponibile negli stili di coperchio a cupola, pop-up e piatto<\/li>\n<li>Perfetto per mostrare lo strato superiore delle tue bevande<\/li>\n<\/ul>\n<p><!-- notionvc: 5d84b415-ad24-46eb-9954-e26661fcc28c --><\/p>\n","protected":false},"featured_media":5215,"template":"","meta":{"_joinchat":[]},"product_brand":[],"product_cat":[116],"product_tag":[122],"class_list":{"0":"post-7829","1":"product","2":"type-product","3":"status-publish","4":"has-post-thumbnail","6":"product_cat-coperchi-accessori","7":"product_tag-bicchieri-e-coperchi-per-bevande-fredde","9":"first","10":"instock","11":"shipping-taxable","12":"product-type-simple"},"acf":[],"yoast_head":"<!-- This site is optimized with the Yoast SEO Premium plugin v22.5 (Yoast SEO v26.6) - https:\/\/yoast.com\/wordpress\/plugins\/seo\/ -->\n<title>Coperchi in plastica PET per bicchieri: a cupola, pop-up, coperchi piatti per bevande fredde - 78mm-98mm - GMZ<\/title>\n<meta name=\"description\" content=\"Esplora i prezzi all&#039;ingrosso di GMZ per i coperchi di bicchieri in plastica PET, inclusi coperchi a cupola, coperchi pop-up e coperchi piatti, disponibili nelle dimensioni da 78mm a 98mm. Acquista ora in grande quantit\u00e0 bicchieri di plastica trasparente monouso con coperchi, ideali per bicchieri da caff\u00e8 da asporto. Trova soluzioni di imballaggio di alta qualit\u00e0 per le tue bevande fredde presso GMZ.\" \/>\n<meta name=\"robots\" content=\"index, follow, max-snippet:-1, max-image-preview:large, max-video-preview:-1\" \/>\n<link rel=\"canonical\" href=\"https:\/\/gmz.ltd\/it\/prodotto\/coperchi-in-pet\/\" \/>\n<meta property=\"og:locale\" content=\"it_IT\" \/>\n<meta property=\"og:type\" content=\"article\" \/>\n<meta property=\"og:title\" content=\"Coperchi in PET\" \/>\n<meta property=\"og:description\" content=\"Esplora i prezzi all&#039;ingrosso di GMZ per i coperchi di bicchieri in plastica PET, inclusi coperchi a cupola, coperchi pop-up e coperchi piatti, disponibili nelle dimensioni da 78mm a 98mm. Acquista ora in grande quantit\u00e0 bicchieri di plastica trasparente monouso con coperchi, ideali per bicchieri da caff\u00e8 da asporto. Trova soluzioni di imballaggio di alta qualit\u00e0 per le tue bevande fredde presso GMZ.\" \/>\n<meta property=\"og:url\" content=\"https:\/\/gmz.ltd\/it\/prodotto\/coperchi-in-pet\/\" \/>\n<meta property=\"og:site_name\" content=\"GMZ\" \/>\n<meta property=\"og:image\" content=\"https:\/\/gmz.ltd\/wp-content\/uploads\/2023\/09\/\u4e3b\u56fe-2.jpg\" \/>\n\t<meta property=\"og:image:width\" content=\"800\" \/>\n\t<meta property=\"og:image:height\" content=\"800\" \/>\n\t<meta property=\"og:image:type\" content=\"image\/jpeg\" \/>\n<meta name=\"twitter:card\" content=\"summary_large_image\" \/>\n<script type=\"application\/ld+json\" class=\"yoast-schema-graph\">{\"@context\":\"https:\/\/schema.org\",\"@graph\":[{\"@type\":\"WebPage\",\"@id\":\"https:\/\/gmz.ltd\/it\/prodotto\/coperchi-in-pet\/\",\"url\":\"https:\/\/gmz.ltd\/it\/prodotto\/coperchi-in-pet\/\",\"name\":\"Coperchi in plastica PET per bicchieri: a cupola, pop-up, coperchi piatti per bevande fredde - 78mm-98mm - GMZ\",\"isPartOf\":{\"@id\":\"https:\/\/gmz.ltd\/it\/#website\"},\"primaryImageOfPage\":{\"@id\":\"https:\/\/gmz.ltd\/it\/prodotto\/coperchi-in-pet\/#primaryimage\"},\"image\":{\"@id\":\"https:\/\/gmz.ltd\/it\/prodotto\/coperchi-in-pet\/#primaryimage\"},\"thumbnailUrl\":\"https:\/\/gmz.ltd\/wp-content\/uploads\/2023\/09\/\u4e3b\u56fe-2.jpg\",\"datePublished\":\"2023-09-20T04:04:47+00:00\",\"description\":\"Esplora i prezzi all'ingrosso di GMZ per i coperchi di bicchieri in plastica PET, inclusi coperchi a cupola, coperchi pop-up e coperchi piatti, disponibili nelle dimensioni da 78mm a 98mm. Acquista ora in grande quantit\u00e0 bicchieri di plastica trasparente monouso con coperchi, ideali per bicchieri da caff\u00e8 da asporto. Trova soluzioni di imballaggio di alta qualit\u00e0 per le tue bevande fredde presso GMZ.\",\"breadcrumb\":{\"@id\":\"https:\/\/gmz.ltd\/it\/prodotto\/coperchi-in-pet\/#breadcrumb\"},\"inLanguage\":\"it-IT\",\"potentialAction\":[{\"@type\":\"ReadAction\",\"target\":[\"https:\/\/gmz.ltd\/it\/prodotto\/coperchi-in-pet\/\"]}]},{\"@type\":\"ImageObject\",\"inLanguage\":\"it-IT\",\"@id\":\"https:\/\/gmz.ltd\/it\/prodotto\/coperchi-in-pet\/#primaryimage\",\"url\":\"https:\/\/gmz.ltd\/wp-content\/uploads\/2023\/09\/\u4e3b\u56fe-2.jpg\",\"contentUrl\":\"https:\/\/gmz.ltd\/wp-content\/uploads\/2023\/09\/\u4e3b\u56fe-2.jpg\",\"width\":800,\"height\":800,\"caption\":\"PET Lid by GMZ\"},{\"@type\":\"BreadcrumbList\",\"@id\":\"https:\/\/gmz.ltd\/it\/prodotto\/coperchi-in-pet\/#breadcrumb\",\"itemListElement\":[{\"@type\":\"ListItem\",\"position\":1,\"name\":\"casa\",\"item\":\"https:\/\/gmz.ltd\/it\/\"},{\"@type\":\"ListItem\",\"position\":2,\"name\":\"Prodotti\",\"item\":\"https:\/\/gmz.ltd\/it\/negozio\/\"},{\"@type\":\"ListItem\",\"position\":3,\"name\":\"Coperchi in PET\"}]},{\"@type\":\"WebSite\",\"@id\":\"https:\/\/gmz.ltd\/it\/#website\",\"url\":\"https:\/\/gmz.ltd\/it\/\",\"name\":\"GMZ\",\"description\":\"\",\"publisher\":{\"@id\":\"https:\/\/gmz.ltd\/it\/#organization\"},\"potentialAction\":[{\"@type\":\"SearchAction\",\"target\":{\"@type\":\"EntryPoint\",\"urlTemplate\":\"https:\/\/gmz.ltd\/it\/?s={search_term_string}\"},\"query-input\":{\"@type\":\"PropertyValueSpecification\",\"valueRequired\":true,\"valueName\":\"search_term_string\"}}],\"inLanguage\":\"it-IT\"},{\"@type\":\"Organization\",\"@id\":\"https:\/\/gmz.ltd\/it\/#organization\",\"name\":\"GMZ\",\"url\":\"https:\/\/gmz.ltd\/it\/\",\"logo\":{\"@type\":\"ImageObject\",\"inLanguage\":\"it-IT\",\"@id\":\"https:\/\/gmz.ltd\/it\/#\/schema\/logo\/image\/\",\"url\":\"https:\/\/gmz.ltd\/wp-content\/uploads\/2024\/11\/gmzpack.svg\",\"contentUrl\":\"https:\/\/gmz.ltd\/wp-content\/uploads\/2024\/11\/gmzpack.svg\",\"width\":170,\"height\":79,\"caption\":\"GMZ\"},\"image\":{\"@id\":\"https:\/\/gmz.ltd\/it\/#\/schema\/logo\/image\/\"}}]}<\/script>\n<!-- \/ Yoast SEO Premium plugin. -->","yoast_head_json":{"title":"Coperchi in plastica PET per bicchieri: a cupola, pop-up, coperchi piatti per bevande fredde - 78mm-98mm - GMZ","description":"Esplora i prezzi all'ingrosso di GMZ per i coperchi di bicchieri in plastica PET, inclusi coperchi a cupola, coperchi pop-up e coperchi piatti, disponibili nelle dimensioni da 78mm a 98mm. Acquista ora in grande quantit\u00e0 bicchieri di plastica trasparente monouso con coperchi, ideali per bicchieri da caff\u00e8 da asporto. Trova soluzioni di imballaggio di alta qualit\u00e0 per le tue bevande fredde presso GMZ.","robots":{"index":"index","follow":"follow","max-snippet":"max-snippet:-1","max-image-preview":"max-image-preview:large","max-video-preview":"max-video-preview:-1"},"canonical":"https:\/\/gmz.ltd\/it\/prodotto\/coperchi-in-pet\/","og_locale":"it_IT","og_type":"article","og_title":"Coperchi in PET","og_description":"Esplora i prezzi all'ingrosso di GMZ per i coperchi di bicchieri in plastica PET, inclusi coperchi a cupola, coperchi pop-up e coperchi piatti, disponibili nelle dimensioni da 78mm a 98mm. Acquista ora in grande quantit\u00e0 bicchieri di plastica trasparente monouso con coperchi, ideali per bicchieri da caff\u00e8 da asporto. Trova soluzioni di imballaggio di alta qualit\u00e0 per le tue bevande fredde presso GMZ.","og_url":"https:\/\/gmz.ltd\/it\/prodotto\/coperchi-in-pet\/","og_site_name":"GMZ","og_image":[{"width":800,"height":800,"url":"https:\/\/gmz.ltd\/wp-content\/uploads\/2023\/09\/\u4e3b\u56fe-2.jpg","type":"image\/jpeg"}],"twitter_card":"summary_large_image","schema":{"@context":"https:\/\/schema.org","@graph":[{"@type":"WebPage","@id":"https:\/\/gmz.ltd\/it\/prodotto\/coperchi-in-pet\/","url":"https:\/\/gmz.ltd\/it\/prodotto\/coperchi-in-pet\/","name":"Coperchi in plastica PET per bicchieri: a cupola, pop-up, coperchi piatti per bevande fredde - 78mm-98mm - GMZ","isPartOf":{"@id":"https:\/\/gmz.ltd\/it\/#website"},"primaryImageOfPage":{"@id":"https:\/\/gmz.ltd\/it\/prodotto\/coperchi-in-pet\/#primaryimage"},"image":{"@id":"https:\/\/gmz.ltd\/it\/prodotto\/coperchi-in-pet\/#primaryimage"},"thumbnailUrl":"https:\/\/gmz.ltd\/wp-content\/uploads\/2023\/09\/\u4e3b\u56fe-2.jpg","datePublished":"2023-09-20T04:04:47+00:00","description":"Esplora i prezzi all'ingrosso di GMZ per i coperchi di bicchieri in plastica PET, inclusi coperchi a cupola, coperchi pop-up e coperchi piatti, disponibili nelle dimensioni da 78mm a 98mm. Acquista ora in grande quantit\u00e0 bicchieri di plastica trasparente monouso con coperchi, ideali per bicchieri da caff\u00e8 da asporto. Trova soluzioni di imballaggio di alta qualit\u00e0 per le tue bevande fredde presso GMZ.","breadcrumb":{"@id":"https:\/\/gmz.ltd\/it\/prodotto\/coperchi-in-pet\/#breadcrumb"},"inLanguage":"it-IT","potentialAction":[{"@type":"ReadAction","target":["https:\/\/gmz.ltd\/it\/prodotto\/coperchi-in-pet\/"]}]},{"@type":"ImageObject","inLanguage":"it-IT","@id":"https:\/\/gmz.ltd\/it\/prodotto\/coperchi-in-pet\/#primaryimage","url":"https:\/\/gmz.ltd\/wp-content\/uploads\/2023\/09\/\u4e3b\u56fe-2.jpg","contentUrl":"https:\/\/gmz.ltd\/wp-content\/uploads\/2023\/09\/\u4e3b\u56fe-2.jpg","width":800,"height":800,"caption":"PET Lid by GMZ"},{"@type":"BreadcrumbList","@id":"https:\/\/gmz.ltd\/it\/prodotto\/coperchi-in-pet\/#breadcrumb","itemListElement":[{"@type":"ListItem","position":1,"name":"casa","item":"https:\/\/gmz.ltd\/it\/"},{"@type":"ListItem","position":2,"name":"Prodotti","item":"https:\/\/gmz.ltd\/it\/negozio\/"},{"@type":"ListItem","position":3,"name":"Coperchi in PET"}]},{"@type":"WebSite","@id":"https:\/\/gmz.ltd\/it\/#website","url":"https:\/\/gmz.ltd\/it\/","name":"GMZ","description":"","publisher":{"@id":"https:\/\/gmz.ltd\/it\/#organization"},"potentialAction":[{"@type":"SearchAction","target":{"@type":"EntryPoint","urlTemplate":"https:\/\/gmz.ltd\/it\/?s={search_term_string}"},"query-input":{"@type":"PropertyValueSpecification","valueRequired":true,"valueName":"search_term_string"}}],"inLanguage":"it-IT"},{"@type":"Organization","@id":"https:\/\/gmz.ltd\/it\/#organization","name":"GMZ","url":"https:\/\/gmz.ltd\/it\/","logo":{"@type":"ImageObject","inLanguage":"it-IT","@id":"https:\/\/gmz.ltd\/it\/#\/schema\/logo\/image\/","url":"https:\/\/gmz.ltd\/wp-content\/uploads\/2024\/11\/gmzpack.svg","contentUrl":"https:\/\/gmz.ltd\/wp-content\/uploads\/2024\/11\/gmzpack.svg","width":170,"height":79,"caption":"GMZ"},"image":{"@id":"https:\/\/gmz.ltd\/it\/#\/schema\/logo\/image\/"}}]}},"_links":{"self":[{"href":"https:\/\/gmz.ltd\/it\/wp-json\/wp\/v2\/product\/7829","targetHints":{"allow":["GET"]}}],"collection":[{"href":"https:\/\/gmz.ltd\/it\/wp-json\/wp\/v2\/product"}],"about":[{"href":"https:\/\/gmz.ltd\/it\/wp-json\/wp\/v2\/types\/product"}],"version-history":[{"count":0,"href":"https:\/\/gmz.ltd\/it\/wp-json\/wp\/v2\/product\/7829\/revisions"}],"wp:featuredmedia":[{"embeddable":true,"href":"https:\/\/gmz.ltd\/it\/wp-json\/wp\/v2\/media\/5215"}],"wp:attachment":[{"href":"https:\/\/gmz.ltd\/it\/wp-json\/wp\/v2\/media?parent=7829"}],"wp:term":[{"taxonomy":"product_brand","embeddable":true,"href":"https:\/\/gmz.ltd\/it\/wp-json\/wp\/v2\/product_brand?post=7829"},{"taxonomy":"product_cat","embeddable":true,"href":"https:\/\/gmz.ltd\/it\/wp-json\/wp\/v2\/product_cat?post=7829"},{"taxonomy":"product_tag","embeddable":true,"href":"https:\/\/gmz.ltd\/it\/wp-json\/wp\/v2\/product_tag?post=7829"}],"curies":[{"name":"wp","href":"https:\/\/api.w.org\/{rel}","templated":true}]}}