{"id":7833,"date":"2023-09-20T04:04:03","date_gmt":"2023-09-20T04:04:03","guid":{"rendered":"https:\/\/gmz.ltd\/product\/coperchi-in-ps\/"},"modified":"2023-09-20T04:04:03","modified_gmt":"2023-09-20T04:04:03","slug":"coperchi-in-ps","status":"publish","type":"product","link":"https:\/\/gmz.ltd\/it\/prodotto\/coperchi-in-ps\/","title":{"rendered":"Coperchi in PS"},"content":{"rendered":"<p>I coperchi in PS sono i coperchi per tazze da caff\u00e8 pi\u00f9 popolari. Sono economici e versatili.<\/p>\n","protected":false},"excerpt":{"rendered":"<p>I coperchi in PS sono i coperchi per tazze da caff\u00e8 pi\u00f9 popolari, una soluzione perfetta per sigillare il tuo caff\u00e8 caldo da portare via. Sono economici e versatili. Con una variet\u00e0 di dimensioni e stili, questi coperchi per bicchieri in PS sono progettati per una vestibilit\u00e0 sicura, applicazione rapida e smaltimento facile.<\/p>\n<ul>\n<li>Perfetto per le bevande calde<\/li>\n<li>Isolato e impermeabile<\/li>\n<li>Facile e veloce da applicare sui bicchieri<\/li>\n<li>Adatto per bicchieri caldi da 4oz a 22oz<\/li>\n<li>Disponibile in vari stili: coperchio piatto, coperchi pop-up, coperchi strappabili e coperchi per cannucce<\/li>\n<\/ul>\n","protected":false},"featured_media":5211,"template":"","meta":{"_joinchat":[]},"product_brand":[],"product_cat":[116],"product_tag":[117],"class_list":{"0":"post-7833","1":"product","2":"type-product","3":"status-publish","4":"has-post-thumbnail","6":"product_cat-coperchi-accessori","7":"product_tag-bicchieri-e-coperchi-per-bevande-calde","9":"first","10":"instock","11":"shipping-taxable","12":"product-type-simple"},"acf":[],"yoast_head":"<!-- This site is optimized with the Yoast SEO Premium plugin v22.5 (Yoast SEO v26.6) - https:\/\/yoast.com\/wordpress\/plugins\/seo\/ -->\n<title>Coperchi per bicchieri in plastica PS: piatti, pop-up, a strappo, per cannucce, per bicchieri di caff\u00e8 caldo - da 4oz a 22oz - GMZ<\/title>\n<meta name=\"description\" content=\"Trova i migliori prezzi all&#039;ingrosso per i coperchi di bicchieri in plastica su GMZ, il principale produttore cinese di bicchieri da caff\u00e8 e coperchi monouso. Esplora la nostra gamma di coperchi per bicchieri caldi realizzati in materiali di polistirene, ideali per caff\u00e8 da asporto e altre bevande calde. Invia una richiesta per la tua soluzione di imballaggio per bevande calde!\" \/>\n<meta name=\"robots\" content=\"index, follow, max-snippet:-1, max-image-preview:large, max-video-preview:-1\" \/>\n<link rel=\"canonical\" href=\"https:\/\/gmz.ltd\/it\/prodotto\/coperchi-in-ps\/\" \/>\n<meta property=\"og:locale\" content=\"it_IT\" \/>\n<meta property=\"og:type\" content=\"article\" \/>\n<meta property=\"og:title\" content=\"Coperchi in PS\" \/>\n<meta property=\"og:description\" content=\"Trova i migliori prezzi all&#039;ingrosso per i coperchi di bicchieri in plastica su GMZ, il principale produttore cinese di bicchieri da caff\u00e8 e coperchi monouso. Esplora la nostra gamma di coperchi per bicchieri caldi realizzati in materiali di polistirene, ideali per caff\u00e8 da asporto e altre bevande calde. Invia una richiesta per la tua soluzione di imballaggio per bevande calde!\" \/>\n<meta property=\"og:url\" content=\"https:\/\/gmz.ltd\/it\/prodotto\/coperchi-in-ps\/\" \/>\n<meta property=\"og:site_name\" content=\"GMZ\" \/>\n<meta property=\"og:image\" content=\"https:\/\/gmz.ltd\/wp-content\/uploads\/2023\/09\/\u4e3b\u56fe.jpg\" \/>\n\t<meta property=\"og:image:width\" content=\"800\" \/>\n\t<meta property=\"og:image:height\" content=\"800\" \/>\n\t<meta property=\"og:image:type\" content=\"image\/jpeg\" \/>\n<meta name=\"twitter:card\" content=\"summary_large_image\" \/>\n<script type=\"application\/ld+json\" class=\"yoast-schema-graph\">{\"@context\":\"https:\/\/schema.org\",\"@graph\":[{\"@type\":\"WebPage\",\"@id\":\"https:\/\/gmz.ltd\/it\/prodotto\/coperchi-in-ps\/\",\"url\":\"https:\/\/gmz.ltd\/it\/prodotto\/coperchi-in-ps\/\",\"name\":\"Coperchi per bicchieri in plastica PS: piatti, pop-up, a strappo, per cannucce, per bicchieri di caff\u00e8 caldo - da 4oz a 22oz - GMZ\",\"isPartOf\":{\"@id\":\"https:\/\/gmz.ltd\/it\/#website\"},\"primaryImageOfPage\":{\"@id\":\"https:\/\/gmz.ltd\/it\/prodotto\/coperchi-in-ps\/#primaryimage\"},\"image\":{\"@id\":\"https:\/\/gmz.ltd\/it\/prodotto\/coperchi-in-ps\/#primaryimage\"},\"thumbnailUrl\":\"https:\/\/gmz.ltd\/wp-content\/uploads\/2023\/09\/\u4e3b\u56fe.jpg\",\"datePublished\":\"2023-09-20T04:04:03+00:00\",\"description\":\"Trova i migliori prezzi all'ingrosso per i coperchi di bicchieri in plastica su GMZ, il principale produttore cinese di bicchieri da caff\u00e8 e coperchi monouso. Esplora la nostra gamma di coperchi per bicchieri caldi realizzati in materiali di polistirene, ideali per caff\u00e8 da asporto e altre bevande calde. Invia una richiesta per la tua soluzione di imballaggio per bevande calde!\",\"breadcrumb\":{\"@id\":\"https:\/\/gmz.ltd\/it\/prodotto\/coperchi-in-ps\/#breadcrumb\"},\"inLanguage\":\"it-IT\",\"potentialAction\":[{\"@type\":\"ReadAction\",\"target\":[\"https:\/\/gmz.ltd\/it\/prodotto\/coperchi-in-ps\/\"]}]},{\"@type\":\"ImageObject\",\"inLanguage\":\"it-IT\",\"@id\":\"https:\/\/gmz.ltd\/it\/prodotto\/coperchi-in-ps\/#primaryimage\",\"url\":\"https:\/\/gmz.ltd\/wp-content\/uploads\/2023\/09\/\u4e3b\u56fe.jpg\",\"contentUrl\":\"https:\/\/gmz.ltd\/wp-content\/uploads\/2023\/09\/\u4e3b\u56fe.jpg\",\"width\":800,\"height\":800,\"caption\":\"GMZ Single Wall Paper Cup with PS Lid\"},{\"@type\":\"BreadcrumbList\",\"@id\":\"https:\/\/gmz.ltd\/it\/prodotto\/coperchi-in-ps\/#breadcrumb\",\"itemListElement\":[{\"@type\":\"ListItem\",\"position\":1,\"name\":\"casa\",\"item\":\"https:\/\/gmz.ltd\/it\/\"},{\"@type\":\"ListItem\",\"position\":2,\"name\":\"Prodotti\",\"item\":\"https:\/\/gmz.ltd\/it\/negozio\/\"},{\"@type\":\"ListItem\",\"position\":3,\"name\":\"Coperchi in PS\"}]},{\"@type\":\"WebSite\",\"@id\":\"https:\/\/gmz.ltd\/it\/#website\",\"url\":\"https:\/\/gmz.ltd\/it\/\",\"name\":\"GMZ\",\"description\":\"\",\"publisher\":{\"@id\":\"https:\/\/gmz.ltd\/it\/#organization\"},\"potentialAction\":[{\"@type\":\"SearchAction\",\"target\":{\"@type\":\"EntryPoint\",\"urlTemplate\":\"https:\/\/gmz.ltd\/it\/?s={search_term_string}\"},\"query-input\":{\"@type\":\"PropertyValueSpecification\",\"valueRequired\":true,\"valueName\":\"search_term_string\"}}],\"inLanguage\":\"it-IT\"},{\"@type\":\"Organization\",\"@id\":\"https:\/\/gmz.ltd\/it\/#organization\",\"name\":\"GMZ\",\"url\":\"https:\/\/gmz.ltd\/it\/\",\"logo\":{\"@type\":\"ImageObject\",\"inLanguage\":\"it-IT\",\"@id\":\"https:\/\/gmz.ltd\/it\/#\/schema\/logo\/image\/\",\"url\":\"https:\/\/gmz.ltd\/wp-content\/uploads\/2024\/11\/gmzpack.svg\",\"contentUrl\":\"https:\/\/gmz.ltd\/wp-content\/uploads\/2024\/11\/gmzpack.svg\",\"width\":170,\"height\":79,\"caption\":\"GMZ\"},\"image\":{\"@id\":\"https:\/\/gmz.ltd\/it\/#\/schema\/logo\/image\/\"}}]}<\/script>\n<!-- \/ Yoast SEO Premium plugin. -->","yoast_head_json":{"title":"Coperchi per bicchieri in plastica PS: piatti, pop-up, a strappo, per cannucce, per bicchieri di caff\u00e8 caldo - da 4oz a 22oz - GMZ","description":"Trova i migliori prezzi all'ingrosso per i coperchi di bicchieri in plastica su GMZ, il principale produttore cinese di bicchieri da caff\u00e8 e coperchi monouso. Esplora la nostra gamma di coperchi per bicchieri caldi realizzati in materiali di polistirene, ideali per caff\u00e8 da asporto e altre bevande calde. Invia una richiesta per la tua soluzione di imballaggio per bevande calde!","robots":{"index":"index","follow":"follow","max-snippet":"max-snippet:-1","max-image-preview":"max-image-preview:large","max-video-preview":"max-video-preview:-1"},"canonical":"https:\/\/gmz.ltd\/it\/prodotto\/coperchi-in-ps\/","og_locale":"it_IT","og_type":"article","og_title":"Coperchi in PS","og_description":"Trova i migliori prezzi all'ingrosso per i coperchi di bicchieri in plastica su GMZ, il principale produttore cinese di bicchieri da caff\u00e8 e coperchi monouso. Esplora la nostra gamma di coperchi per bicchieri caldi realizzati in materiali di polistirene, ideali per caff\u00e8 da asporto e altre bevande calde. Invia una richiesta per la tua soluzione di imballaggio per bevande calde!","og_url":"https:\/\/gmz.ltd\/it\/prodotto\/coperchi-in-ps\/","og_site_name":"GMZ","og_image":[{"width":800,"height":800,"url":"https:\/\/gmz.ltd\/wp-content\/uploads\/2023\/09\/\u4e3b\u56fe.jpg","type":"image\/jpeg"}],"twitter_card":"summary_large_image","schema":{"@context":"https:\/\/schema.org","@graph":[{"@type":"WebPage","@id":"https:\/\/gmz.ltd\/it\/prodotto\/coperchi-in-ps\/","url":"https:\/\/gmz.ltd\/it\/prodotto\/coperchi-in-ps\/","name":"Coperchi per bicchieri in plastica PS: piatti, pop-up, a strappo, per cannucce, per bicchieri di caff\u00e8 caldo - da 4oz a 22oz - GMZ","isPartOf":{"@id":"https:\/\/gmz.ltd\/it\/#website"},"primaryImageOfPage":{"@id":"https:\/\/gmz.ltd\/it\/prodotto\/coperchi-in-ps\/#primaryimage"},"image":{"@id":"https:\/\/gmz.ltd\/it\/prodotto\/coperchi-in-ps\/#primaryimage"},"thumbnailUrl":"https:\/\/gmz.ltd\/wp-content\/uploads\/2023\/09\/\u4e3b\u56fe.jpg","datePublished":"2023-09-20T04:04:03+00:00","description":"Trova i migliori prezzi all'ingrosso per i coperchi di bicchieri in plastica su GMZ, il principale produttore cinese di bicchieri da caff\u00e8 e coperchi monouso. Esplora la nostra gamma di coperchi per bicchieri caldi realizzati in materiali di polistirene, ideali per caff\u00e8 da asporto e altre bevande calde. Invia una richiesta per la tua soluzione di imballaggio per bevande calde!","breadcrumb":{"@id":"https:\/\/gmz.ltd\/it\/prodotto\/coperchi-in-ps\/#breadcrumb"},"inLanguage":"it-IT","potentialAction":[{"@type":"ReadAction","target":["https:\/\/gmz.ltd\/it\/prodotto\/coperchi-in-ps\/"]}]},{"@type":"ImageObject","inLanguage":"it-IT","@id":"https:\/\/gmz.ltd\/it\/prodotto\/coperchi-in-ps\/#primaryimage","url":"https:\/\/gmz.ltd\/wp-content\/uploads\/2023\/09\/\u4e3b\u56fe.jpg","contentUrl":"https:\/\/gmz.ltd\/wp-content\/uploads\/2023\/09\/\u4e3b\u56fe.jpg","width":800,"height":800,"caption":"GMZ Single Wall Paper Cup with PS Lid"},{"@type":"BreadcrumbList","@id":"https:\/\/gmz.ltd\/it\/prodotto\/coperchi-in-ps\/#breadcrumb","itemListElement":[{"@type":"ListItem","position":1,"name":"casa","item":"https:\/\/gmz.ltd\/it\/"},{"@type":"ListItem","position":2,"name":"Prodotti","item":"https:\/\/gmz.ltd\/it\/negozio\/"},{"@type":"ListItem","position":3,"name":"Coperchi in PS"}]},{"@type":"WebSite","@id":"https:\/\/gmz.ltd\/it\/#website","url":"https:\/\/gmz.ltd\/it\/","name":"GMZ","description":"","publisher":{"@id":"https:\/\/gmz.ltd\/it\/#organization"},"potentialAction":[{"@type":"SearchAction","target":{"@type":"EntryPoint","urlTemplate":"https:\/\/gmz.ltd\/it\/?s={search_term_string}"},"query-input":{"@type":"PropertyValueSpecification","valueRequired":true,"valueName":"search_term_string"}}],"inLanguage":"it-IT"},{"@type":"Organization","@id":"https:\/\/gmz.ltd\/it\/#organization","name":"GMZ","url":"https:\/\/gmz.ltd\/it\/","logo":{"@type":"ImageObject","inLanguage":"it-IT","@id":"https:\/\/gmz.ltd\/it\/#\/schema\/logo\/image\/","url":"https:\/\/gmz.ltd\/wp-content\/uploads\/2024\/11\/gmzpack.svg","contentUrl":"https:\/\/gmz.ltd\/wp-content\/uploads\/2024\/11\/gmzpack.svg","width":170,"height":79,"caption":"GMZ"},"image":{"@id":"https:\/\/gmz.ltd\/it\/#\/schema\/logo\/image\/"}}]}},"_links":{"self":[{"href":"https:\/\/gmz.ltd\/it\/wp-json\/wp\/v2\/product\/7833","targetHints":{"allow":["GET"]}}],"collection":[{"href":"https:\/\/gmz.ltd\/it\/wp-json\/wp\/v2\/product"}],"about":[{"href":"https:\/\/gmz.ltd\/it\/wp-json\/wp\/v2\/types\/product"}],"version-history":[{"count":0,"href":"https:\/\/gmz.ltd\/it\/wp-json\/wp\/v2\/product\/7833\/revisions"}],"wp:featuredmedia":[{"embeddable":true,"href":"https:\/\/gmz.ltd\/it\/wp-json\/wp\/v2\/media\/5211"}],"wp:attachment":[{"href":"https:\/\/gmz.ltd\/it\/wp-json\/wp\/v2\/media?parent=7833"}],"wp:term":[{"taxonomy":"product_brand","embeddable":true,"href":"https:\/\/gmz.ltd\/it\/wp-json\/wp\/v2\/product_brand?post=7833"},{"taxonomy":"product_cat","embeddable":true,"href":"https:\/\/gmz.ltd\/it\/wp-json\/wp\/v2\/product_cat?post=7833"},{"taxonomy":"product_tag","embeddable":true,"href":"https:\/\/gmz.ltd\/it\/wp-json\/wp\/v2\/product_tag?post=7833"}],"curies":[{"name":"wp","href":"https:\/\/api.w.org\/{rel}","templated":true}]}}