{"id":7849,"date":"2023-09-20T03:58:30","date_gmt":"2023-09-20T03:58:30","guid":{"rendered":"https:\/\/gmz.ltd\/product\/bicchieri-caldi-in-carta-senza-plastica\/"},"modified":"2023-09-20T03:58:30","modified_gmt":"2023-09-20T03:58:30","slug":"bicchieri-caldi-in-carta-senza-plastica","status":"publish","type":"product","link":"https:\/\/gmz.ltd\/it\/prodotto\/bicchieri-caldi-in-carta-senza-plastica\/","title":{"rendered":"Bicchieri caldi in carta senza plastica"},"content":{"rendered":"<p>La tecnologia di rivestimento senza plastica rappresenta l&#8217;ultima tecnologia di materiali per imballaggi alimentari riciclabili e degradabili. \u00c8 pi\u00f9 ecologica ed economica del PLA ed \u00e8 completamente riciclabile.<\/p>\n","protected":false},"excerpt":{"rendered":"<p>Il rivestimento senza plastica rappresenta l&#8217;ultima novit\u00e0 nella tecnologia dei materiali di imballaggio alimentare riciclabili e degradabili. Utilizziamo materiali innovativi senza plastica per sostituire il rivestimento in plastica tradizionale nei bicchieri di carta monouso. Ci\u00f2 significa che i nostri bicchieri di carta possono essere completamente riciclati per ridurre i rifiuti. Ancora meglio, i nostri bicchieri senza plastica non sono solo pi\u00f9 ecologici della maggior parte dei bicchieri di carta, ma sono anche pi\u00f9 economici dei <a href=\"https:\/\/gmz.ltd\/product\/pla-coated-paper-hot-cups\/\">bicchieri rivestiti in PLA compostabile<\/a>.<\/p>\n<ul>\n<li>100% riciclabile senza rivestimento in plastica<\/li>\n<li>Realizzato in carta alimentare di alta qualit\u00e0<\/li>\n<li>Versatile per servire bevande calde e fredde<\/li>\n<li>Stampa personalizzata fino a 8 colori sullo strato esterno.<\/li>\n<li>In base alle esigenze, possiamo stampare il codice batch sul fondo del bicchiere per tracciare facilmente il bicchiere attraverso il processo di produzione.<\/li>\n<\/ul>\n<p>Quantit\u00e0 minima d&#8217;ordine per la stampa personalizzata: 50.000 pezzi.<\/p>\n","protected":false},"featured_media":20722,"template":"","meta":{"_joinchat":[]},"product_brand":[],"product_cat":[130,131],"product_tag":[117,138],"class_list":{"0":"post-7849","1":"product","2":"type-product","3":"status-publish","4":"has-post-thumbnail","6":"product_cat-bicchieri-di-carta","7":"product_cat-bicchieri-di-carta-per-bevande-calde","8":"product_tag-bicchieri-e-coperchi-per-bevande-calde","9":"product_tag-bicchieri-ecologici","11":"first","12":"instock","13":"shipping-taxable","14":"product-type-simple"},"acf":[],"yoast_head":"<!-- This site is optimized with the Yoast SEO Premium plugin v22.5 (Yoast SEO v26.6) - https:\/\/yoast.com\/wordpress\/plugins\/seo\/ -->\n<title>Produttore di bicchieri di carta senza plastica - Bicchieri ecologici e riciclabili - GMZ<\/title>\n<meta name=\"description\" content=\"GMZ \u00e8 specializzata nella produzione di bicchieri di carta senza plastica, sia monouso che riciclabili. Produciamo bicchieri personalizzati di alta qualit\u00e0, ideali per caffetterie, ristoranti e altro ancora, adatti sia per bevande calde che fredde. Fai una scelta ecologica per la tua attivit\u00e0 con GMZ.\" \/>\n<meta name=\"robots\" content=\"index, follow, max-snippet:-1, max-image-preview:large, max-video-preview:-1\" \/>\n<link rel=\"canonical\" href=\"https:\/\/gmz.ltd\/it\/prodotto\/bicchieri-caldi-in-carta-senza-plastica\/\" \/>\n<meta property=\"og:locale\" content=\"it_IT\" \/>\n<meta property=\"og:type\" content=\"article\" \/>\n<meta property=\"og:title\" content=\"Bicchieri caldi in carta senza plastica\" \/>\n<meta property=\"og:description\" content=\"GMZ \u00e8 specializzata nella produzione di bicchieri di carta senza plastica, sia monouso che riciclabili. Produciamo bicchieri personalizzati di alta qualit\u00e0, ideali per caffetterie, ristoranti e altro ancora, adatti sia per bevande calde che fredde. Fai una scelta ecologica per la tua attivit\u00e0 con GMZ.\" \/>\n<meta property=\"og:url\" content=\"https:\/\/gmz.ltd\/it\/prodotto\/bicchieri-caldi-in-carta-senza-plastica\/\" \/>\n<meta property=\"og:site_name\" content=\"GMZ\" \/>\n<meta property=\"og:image\" content=\"https:\/\/gmz.ltd\/wp-content\/uploads\/2023\/09\/Plastic-free-1.jpg\" \/>\n\t<meta property=\"og:image:width\" content=\"1000\" \/>\n\t<meta property=\"og:image:height\" content=\"1000\" \/>\n\t<meta property=\"og:image:type\" content=\"image\/jpeg\" \/>\n<meta name=\"twitter:card\" content=\"summary_large_image\" \/>\n<script type=\"application\/ld+json\" class=\"yoast-schema-graph\">{\"@context\":\"https:\/\/schema.org\",\"@graph\":[{\"@type\":\"WebPage\",\"@id\":\"https:\/\/gmz.ltd\/it\/prodotto\/bicchieri-caldi-in-carta-senza-plastica\/\",\"url\":\"https:\/\/gmz.ltd\/it\/prodotto\/bicchieri-caldi-in-carta-senza-plastica\/\",\"name\":\"Produttore di bicchieri di carta senza plastica - Bicchieri ecologici e riciclabili - GMZ\",\"isPartOf\":{\"@id\":\"https:\/\/gmz.ltd\/it\/#website\"},\"primaryImageOfPage\":{\"@id\":\"https:\/\/gmz.ltd\/it\/prodotto\/bicchieri-caldi-in-carta-senza-plastica\/#primaryimage\"},\"image\":{\"@id\":\"https:\/\/gmz.ltd\/it\/prodotto\/bicchieri-caldi-in-carta-senza-plastica\/#primaryimage\"},\"thumbnailUrl\":\"https:\/\/gmz.ltd\/wp-content\/uploads\/2023\/09\/Aqueous-Lined-Paper-Cup.webp\",\"datePublished\":\"2023-09-20T03:58:30+00:00\",\"description\":\"GMZ \u00e8 specializzata nella produzione di bicchieri di carta senza plastica, sia monouso che riciclabili. Produciamo bicchieri personalizzati di alta qualit\u00e0, ideali per caffetterie, ristoranti e altro ancora, adatti sia per bevande calde che fredde. Fai una scelta ecologica per la tua attivit\u00e0 con GMZ.\",\"breadcrumb\":{\"@id\":\"https:\/\/gmz.ltd\/it\/prodotto\/bicchieri-caldi-in-carta-senza-plastica\/#breadcrumb\"},\"inLanguage\":\"it-IT\",\"potentialAction\":[{\"@type\":\"ReadAction\",\"target\":[\"https:\/\/gmz.ltd\/it\/prodotto\/bicchieri-caldi-in-carta-senza-plastica\/\"]}]},{\"@type\":\"ImageObject\",\"inLanguage\":\"it-IT\",\"@id\":\"https:\/\/gmz.ltd\/it\/prodotto\/bicchieri-caldi-in-carta-senza-plastica\/#primaryimage\",\"url\":\"https:\/\/gmz.ltd\/wp-content\/uploads\/2023\/09\/Aqueous-Lined-Paper-Cup.webp\",\"contentUrl\":\"https:\/\/gmz.ltd\/wp-content\/uploads\/2023\/09\/Aqueous-Lined-Paper-Cup.webp\",\"width\":1000,\"height\":1000,\"caption\":\"Aqueous Lined Paper Cup\"},{\"@type\":\"BreadcrumbList\",\"@id\":\"https:\/\/gmz.ltd\/it\/prodotto\/bicchieri-caldi-in-carta-senza-plastica\/#breadcrumb\",\"itemListElement\":[{\"@type\":\"ListItem\",\"position\":1,\"name\":\"casa\",\"item\":\"https:\/\/gmz.ltd\/it\/\"},{\"@type\":\"ListItem\",\"position\":2,\"name\":\"Prodotti\",\"item\":\"https:\/\/gmz.ltd\/it\/negozio\/\"},{\"@type\":\"ListItem\",\"position\":3,\"name\":\"Bicchieri caldi in carta senza plastica\"}]},{\"@type\":\"WebSite\",\"@id\":\"https:\/\/gmz.ltd\/it\/#website\",\"url\":\"https:\/\/gmz.ltd\/it\/\",\"name\":\"GMZ\",\"description\":\"\",\"publisher\":{\"@id\":\"https:\/\/gmz.ltd\/it\/#organization\"},\"potentialAction\":[{\"@type\":\"SearchAction\",\"target\":{\"@type\":\"EntryPoint\",\"urlTemplate\":\"https:\/\/gmz.ltd\/it\/?s={search_term_string}\"},\"query-input\":{\"@type\":\"PropertyValueSpecification\",\"valueRequired\":true,\"valueName\":\"search_term_string\"}}],\"inLanguage\":\"it-IT\"},{\"@type\":\"Organization\",\"@id\":\"https:\/\/gmz.ltd\/it\/#organization\",\"name\":\"GMZ\",\"url\":\"https:\/\/gmz.ltd\/it\/\",\"logo\":{\"@type\":\"ImageObject\",\"inLanguage\":\"it-IT\",\"@id\":\"https:\/\/gmz.ltd\/it\/#\/schema\/logo\/image\/\",\"url\":\"https:\/\/gmz.ltd\/wp-content\/uploads\/2024\/11\/gmzpack.svg\",\"contentUrl\":\"https:\/\/gmz.ltd\/wp-content\/uploads\/2024\/11\/gmzpack.svg\",\"width\":170,\"height\":79,\"caption\":\"GMZ\"},\"image\":{\"@id\":\"https:\/\/gmz.ltd\/it\/#\/schema\/logo\/image\/\"}}]}<\/script>\n<!-- \/ Yoast SEO Premium plugin. -->","yoast_head_json":{"title":"Produttore di bicchieri di carta senza plastica - Bicchieri ecologici e riciclabili - GMZ","description":"GMZ \u00e8 specializzata nella produzione di bicchieri di carta senza plastica, sia monouso che riciclabili. Produciamo bicchieri personalizzati di alta qualit\u00e0, ideali per caffetterie, ristoranti e altro ancora, adatti sia per bevande calde che fredde. Fai una scelta ecologica per la tua attivit\u00e0 con GMZ.","robots":{"index":"index","follow":"follow","max-snippet":"max-snippet:-1","max-image-preview":"max-image-preview:large","max-video-preview":"max-video-preview:-1"},"canonical":"https:\/\/gmz.ltd\/it\/prodotto\/bicchieri-caldi-in-carta-senza-plastica\/","og_locale":"it_IT","og_type":"article","og_title":"Bicchieri caldi in carta senza plastica","og_description":"GMZ \u00e8 specializzata nella produzione di bicchieri di carta senza plastica, sia monouso che riciclabili. Produciamo bicchieri personalizzati di alta qualit\u00e0, ideali per caffetterie, ristoranti e altro ancora, adatti sia per bevande calde che fredde. Fai una scelta ecologica per la tua attivit\u00e0 con GMZ.","og_url":"https:\/\/gmz.ltd\/it\/prodotto\/bicchieri-caldi-in-carta-senza-plastica\/","og_site_name":"GMZ","og_image":[{"width":1000,"height":1000,"url":"https:\/\/gmz.ltd\/wp-content\/uploads\/2023\/09\/Plastic-free-1.jpg","type":"image\/jpeg"}],"twitter_card":"summary_large_image","schema":{"@context":"https:\/\/schema.org","@graph":[{"@type":"WebPage","@id":"https:\/\/gmz.ltd\/it\/prodotto\/bicchieri-caldi-in-carta-senza-plastica\/","url":"https:\/\/gmz.ltd\/it\/prodotto\/bicchieri-caldi-in-carta-senza-plastica\/","name":"Produttore di bicchieri di carta senza plastica - Bicchieri ecologici e riciclabili - GMZ","isPartOf":{"@id":"https:\/\/gmz.ltd\/it\/#website"},"primaryImageOfPage":{"@id":"https:\/\/gmz.ltd\/it\/prodotto\/bicchieri-caldi-in-carta-senza-plastica\/#primaryimage"},"image":{"@id":"https:\/\/gmz.ltd\/it\/prodotto\/bicchieri-caldi-in-carta-senza-plastica\/#primaryimage"},"thumbnailUrl":"https:\/\/gmz.ltd\/wp-content\/uploads\/2023\/09\/Aqueous-Lined-Paper-Cup.webp","datePublished":"2023-09-20T03:58:30+00:00","description":"GMZ \u00e8 specializzata nella produzione di bicchieri di carta senza plastica, sia monouso che riciclabili. Produciamo bicchieri personalizzati di alta qualit\u00e0, ideali per caffetterie, ristoranti e altro ancora, adatti sia per bevande calde che fredde. Fai una scelta ecologica per la tua attivit\u00e0 con GMZ.","breadcrumb":{"@id":"https:\/\/gmz.ltd\/it\/prodotto\/bicchieri-caldi-in-carta-senza-plastica\/#breadcrumb"},"inLanguage":"it-IT","potentialAction":[{"@type":"ReadAction","target":["https:\/\/gmz.ltd\/it\/prodotto\/bicchieri-caldi-in-carta-senza-plastica\/"]}]},{"@type":"ImageObject","inLanguage":"it-IT","@id":"https:\/\/gmz.ltd\/it\/prodotto\/bicchieri-caldi-in-carta-senza-plastica\/#primaryimage","url":"https:\/\/gmz.ltd\/wp-content\/uploads\/2023\/09\/Aqueous-Lined-Paper-Cup.webp","contentUrl":"https:\/\/gmz.ltd\/wp-content\/uploads\/2023\/09\/Aqueous-Lined-Paper-Cup.webp","width":1000,"height":1000,"caption":"Aqueous Lined Paper Cup"},{"@type":"BreadcrumbList","@id":"https:\/\/gmz.ltd\/it\/prodotto\/bicchieri-caldi-in-carta-senza-plastica\/#breadcrumb","itemListElement":[{"@type":"ListItem","position":1,"name":"casa","item":"https:\/\/gmz.ltd\/it\/"},{"@type":"ListItem","position":2,"name":"Prodotti","item":"https:\/\/gmz.ltd\/it\/negozio\/"},{"@type":"ListItem","position":3,"name":"Bicchieri caldi in carta senza plastica"}]},{"@type":"WebSite","@id":"https:\/\/gmz.ltd\/it\/#website","url":"https:\/\/gmz.ltd\/it\/","name":"GMZ","description":"","publisher":{"@id":"https:\/\/gmz.ltd\/it\/#organization"},"potentialAction":[{"@type":"SearchAction","target":{"@type":"EntryPoint","urlTemplate":"https:\/\/gmz.ltd\/it\/?s={search_term_string}"},"query-input":{"@type":"PropertyValueSpecification","valueRequired":true,"valueName":"search_term_string"}}],"inLanguage":"it-IT"},{"@type":"Organization","@id":"https:\/\/gmz.ltd\/it\/#organization","name":"GMZ","url":"https:\/\/gmz.ltd\/it\/","logo":{"@type":"ImageObject","inLanguage":"it-IT","@id":"https:\/\/gmz.ltd\/it\/#\/schema\/logo\/image\/","url":"https:\/\/gmz.ltd\/wp-content\/uploads\/2024\/11\/gmzpack.svg","contentUrl":"https:\/\/gmz.ltd\/wp-content\/uploads\/2024\/11\/gmzpack.svg","width":170,"height":79,"caption":"GMZ"},"image":{"@id":"https:\/\/gmz.ltd\/it\/#\/schema\/logo\/image\/"}}]}},"_links":{"self":[{"href":"https:\/\/gmz.ltd\/it\/wp-json\/wp\/v2\/product\/7849","targetHints":{"allow":["GET"]}}],"collection":[{"href":"https:\/\/gmz.ltd\/it\/wp-json\/wp\/v2\/product"}],"about":[{"href":"https:\/\/gmz.ltd\/it\/wp-json\/wp\/v2\/types\/product"}],"version-history":[{"count":0,"href":"https:\/\/gmz.ltd\/it\/wp-json\/wp\/v2\/product\/7849\/revisions"}],"wp:featuredmedia":[{"embeddable":true,"href":"https:\/\/gmz.ltd\/it\/wp-json\/wp\/v2\/media\/20722"}],"wp:attachment":[{"href":"https:\/\/gmz.ltd\/it\/wp-json\/wp\/v2\/media?parent=7849"}],"wp:term":[{"taxonomy":"product_brand","embeddable":true,"href":"https:\/\/gmz.ltd\/it\/wp-json\/wp\/v2\/product_brand?post=7849"},{"taxonomy":"product_cat","embeddable":true,"href":"https:\/\/gmz.ltd\/it\/wp-json\/wp\/v2\/product_cat?post=7849"},{"taxonomy":"product_tag","embeddable":true,"href":"https:\/\/gmz.ltd\/it\/wp-json\/wp\/v2\/product_tag?post=7849"}],"curies":[{"name":"wp","href":"https:\/\/api.w.org\/{rel}","templated":true}]}}