{"id":7865,"date":"2024-06-20T03:52:24","date_gmt":"2024-06-20T03:52:24","guid":{"rendered":"https:\/\/gmz.ltd\/product\/bicchieri-caldi-in-carta-a-doppia-parete\/"},"modified":"2023-09-20T03:52:24","modified_gmt":"2023-09-20T03:52:24","slug":"bicchieri-caldi-in-carta-a-doppia-parete","status":"publish","type":"product","link":"https:\/\/gmz.ltd\/it\/prodotto\/bicchieri-caldi-in-carta-a-doppia-parete\/","title":{"rendered":"Bicchieri caldi in carta a doppia parete"},"content":{"rendered":"<p>La dimensione della serie di bicchieri di carta a doppia parete va da 4 oz a 20 oz, il che offre una funzione di isolamento termico migliore rispetto ai bicchieri a parete singola.<\/p>\n","protected":false},"excerpt":{"rendered":"<p>I <strong>bicchieri di carta a doppia parete<\/strong> sono progettati con due strati di carta per fornire un&#8217;isolazione migliore rispetto ai bicchieri a parete singola. Disponibili in dimensioni da 4oz a 20oz, i nostri <strong>bicchieri a doppia parete<\/strong> sono perfetti per una variet\u00e0 di bevande nel vostro men\u00f9.<\/p>\n<ul>\n<li>Realizzato in carta alimentare di alta qualit\u00e0<\/li>\n<li>Ottima isolazione per mantenere le bevande calde<\/li>\n<li>Soddisfa gli standard FCM dell&#8217;UE per il contatto alimentare sicuro<\/li>\n<li>Superati i test senza PFAS, non tossicit\u00e0 provata<\/li>\n<li>Stampa personalizzata fino a 8 colori sullo strato esterno<\/li>\n<li>La carta esterna pu\u00f2 essere realizzata in carta kraft<\/li>\n<li>In base alle esigenze, possiamo stampare il codice batch sul fondo del bicchiere per tracciare facilmente il bicchiere attraverso il processo di produzione.<\/li>\n<\/ul>\n<p>Quantit\u00e0 minima d&#8217;ordine per la stampa personalizzata: 50.000 pezzi.<\/p>\n","protected":false},"featured_media":5747,"template":"","meta":{"_joinchat":[]},"product_brand":[],"product_cat":[130,131],"product_tag":[117],"class_list":{"0":"post-7865","1":"product","2":"type-product","3":"status-publish","4":"has-post-thumbnail","6":"product_cat-bicchieri-di-carta","7":"product_cat-bicchieri-di-carta-per-bevande-calde","8":"product_tag-bicchieri-e-coperchi-per-bevande-calde","10":"first","11":"instock","12":"shipping-taxable","13":"product-type-simple"},"acf":[],"yoast_head":"<!-- This site is optimized with the Yoast SEO Premium plugin v22.5 (Yoast SEO v26.6) - https:\/\/yoast.com\/wordpress\/plugins\/seo\/ -->\n<title>Produttore di bicchieri di carta a doppia parete - Bicchieri da caff\u00e8 caldi personalizzati all&#039;ingrosso - GMZ<\/title>\n<meta name=\"description\" content=\"GMZ \u00e8 il vostro produttore e fornitore di fiducia di bicchieri di carta a doppia parete in Cina. Scopri tazze da caff\u00e8 personalizzate all&#039;ingrosso con il tuo logo o marchio, disponibili in dimensioni da 8oz, 12oz a 16oz e oltre. Invia una richiesta oggi stesso!\" \/>\n<meta name=\"robots\" content=\"index, follow, max-snippet:-1, max-image-preview:large, max-video-preview:-1\" \/>\n<link rel=\"canonical\" href=\"https:\/\/gmz.ltd\/it\/prodotto\/bicchieri-caldi-in-carta-a-doppia-parete\/\" \/>\n<meta property=\"og:locale\" content=\"it_IT\" \/>\n<meta property=\"og:type\" content=\"article\" \/>\n<meta property=\"og:title\" content=\"Bicchieri caldi in carta a doppia parete\" \/>\n<meta property=\"og:description\" content=\"GMZ \u00e8 il vostro produttore e fornitore di fiducia di bicchieri di carta a doppia parete in Cina. Scopri tazze da caff\u00e8 personalizzate all&#039;ingrosso con il tuo logo o marchio, disponibili in dimensioni da 8oz, 12oz a 16oz e oltre. Invia una richiesta oggi stesso!\" \/>\n<meta property=\"og:url\" content=\"https:\/\/gmz.ltd\/it\/prodotto\/bicchieri-caldi-in-carta-a-doppia-parete\/\" \/>\n<meta property=\"og:site_name\" content=\"GMZ\" \/>\n<meta property=\"og:image\" content=\"https:\/\/gmz.ltd\/wp-content\/uploads\/2023\/09\/DW-1-2.jpg\" \/>\n\t<meta property=\"og:image:width\" content=\"1000\" \/>\n\t<meta property=\"og:image:height\" content=\"1000\" \/>\n\t<meta property=\"og:image:type\" content=\"image\/jpeg\" \/>\n<meta name=\"twitter:card\" content=\"summary_large_image\" \/>\n<script type=\"application\/ld+json\" class=\"yoast-schema-graph\">{\"@context\":\"https:\/\/schema.org\",\"@graph\":[{\"@type\":\"WebPage\",\"@id\":\"https:\/\/gmz.ltd\/it\/prodotto\/bicchieri-caldi-in-carta-a-doppia-parete\/\",\"url\":\"https:\/\/gmz.ltd\/it\/prodotto\/bicchieri-caldi-in-carta-a-doppia-parete\/\",\"name\":\"Produttore di bicchieri di carta a doppia parete - Bicchieri da caff\u00e8 caldi personalizzati all'ingrosso - GMZ\",\"isPartOf\":{\"@id\":\"https:\/\/gmz.ltd\/it\/#website\"},\"primaryImageOfPage\":{\"@id\":\"https:\/\/gmz.ltd\/it\/prodotto\/bicchieri-caldi-in-carta-a-doppia-parete\/#primaryimage\"},\"image\":{\"@id\":\"https:\/\/gmz.ltd\/it\/prodotto\/bicchieri-caldi-in-carta-a-doppia-parete\/#primaryimage\"},\"thumbnailUrl\":\"https:\/\/gmz.ltd\/wp-content\/uploads\/2023\/09\/DW-1-2.jpg\",\"datePublished\":\"2024-06-20T03:52:24+00:00\",\"description\":\"GMZ \u00e8 il vostro produttore e fornitore di fiducia di bicchieri di carta a doppia parete in Cina. Scopri tazze da caff\u00e8 personalizzate all'ingrosso con il tuo logo o marchio, disponibili in dimensioni da 8oz, 12oz a 16oz e oltre. Invia una richiesta oggi stesso!\",\"breadcrumb\":{\"@id\":\"https:\/\/gmz.ltd\/it\/prodotto\/bicchieri-caldi-in-carta-a-doppia-parete\/#breadcrumb\"},\"inLanguage\":\"it-IT\",\"potentialAction\":[{\"@type\":\"ReadAction\",\"target\":[\"https:\/\/gmz.ltd\/it\/prodotto\/bicchieri-caldi-in-carta-a-doppia-parete\/\"]}]},{\"@type\":\"ImageObject\",\"inLanguage\":\"it-IT\",\"@id\":\"https:\/\/gmz.ltd\/it\/prodotto\/bicchieri-caldi-in-carta-a-doppia-parete\/#primaryimage\",\"url\":\"https:\/\/gmz.ltd\/wp-content\/uploads\/2023\/09\/DW-1-2.jpg\",\"contentUrl\":\"https:\/\/gmz.ltd\/wp-content\/uploads\/2023\/09\/DW-1-2.jpg\",\"width\":1000,\"height\":1000},{\"@type\":\"BreadcrumbList\",\"@id\":\"https:\/\/gmz.ltd\/it\/prodotto\/bicchieri-caldi-in-carta-a-doppia-parete\/#breadcrumb\",\"itemListElement\":[{\"@type\":\"ListItem\",\"position\":1,\"name\":\"casa\",\"item\":\"https:\/\/gmz.ltd\/it\/\"},{\"@type\":\"ListItem\",\"position\":2,\"name\":\"Prodotti\",\"item\":\"https:\/\/gmz.ltd\/it\/negozio\/\"},{\"@type\":\"ListItem\",\"position\":3,\"name\":\"Bicchieri caldi in carta a doppia parete\"}]},{\"@type\":\"WebSite\",\"@id\":\"https:\/\/gmz.ltd\/it\/#website\",\"url\":\"https:\/\/gmz.ltd\/it\/\",\"name\":\"GMZ\",\"description\":\"\",\"publisher\":{\"@id\":\"https:\/\/gmz.ltd\/it\/#organization\"},\"potentialAction\":[{\"@type\":\"SearchAction\",\"target\":{\"@type\":\"EntryPoint\",\"urlTemplate\":\"https:\/\/gmz.ltd\/it\/?s={search_term_string}\"},\"query-input\":{\"@type\":\"PropertyValueSpecification\",\"valueRequired\":true,\"valueName\":\"search_term_string\"}}],\"inLanguage\":\"it-IT\"},{\"@type\":\"Organization\",\"@id\":\"https:\/\/gmz.ltd\/it\/#organization\",\"name\":\"GMZ\",\"url\":\"https:\/\/gmz.ltd\/it\/\",\"logo\":{\"@type\":\"ImageObject\",\"inLanguage\":\"it-IT\",\"@id\":\"https:\/\/gmz.ltd\/it\/#\/schema\/logo\/image\/\",\"url\":\"https:\/\/gmz.ltd\/wp-content\/uploads\/2024\/11\/gmzpack.svg\",\"contentUrl\":\"https:\/\/gmz.ltd\/wp-content\/uploads\/2024\/11\/gmzpack.svg\",\"width\":170,\"height\":79,\"caption\":\"GMZ\"},\"image\":{\"@id\":\"https:\/\/gmz.ltd\/it\/#\/schema\/logo\/image\/\"}}]}<\/script>\n<!-- \/ Yoast SEO Premium plugin. -->","yoast_head_json":{"title":"Produttore di bicchieri di carta a doppia parete - Bicchieri da caff\u00e8 caldi personalizzati all'ingrosso - GMZ","description":"GMZ \u00e8 il vostro produttore e fornitore di fiducia di bicchieri di carta a doppia parete in Cina. Scopri tazze da caff\u00e8 personalizzate all'ingrosso con il tuo logo o marchio, disponibili in dimensioni da 8oz, 12oz a 16oz e oltre. Invia una richiesta oggi stesso!","robots":{"index":"index","follow":"follow","max-snippet":"max-snippet:-1","max-image-preview":"max-image-preview:large","max-video-preview":"max-video-preview:-1"},"canonical":"https:\/\/gmz.ltd\/it\/prodotto\/bicchieri-caldi-in-carta-a-doppia-parete\/","og_locale":"it_IT","og_type":"article","og_title":"Bicchieri caldi in carta a doppia parete","og_description":"GMZ \u00e8 il vostro produttore e fornitore di fiducia di bicchieri di carta a doppia parete in Cina. Scopri tazze da caff\u00e8 personalizzate all'ingrosso con il tuo logo o marchio, disponibili in dimensioni da 8oz, 12oz a 16oz e oltre. Invia una richiesta oggi stesso!","og_url":"https:\/\/gmz.ltd\/it\/prodotto\/bicchieri-caldi-in-carta-a-doppia-parete\/","og_site_name":"GMZ","og_image":[{"width":1000,"height":1000,"url":"https:\/\/gmz.ltd\/wp-content\/uploads\/2023\/09\/DW-1-2.jpg","type":"image\/jpeg"}],"twitter_card":"summary_large_image","schema":{"@context":"https:\/\/schema.org","@graph":[{"@type":"WebPage","@id":"https:\/\/gmz.ltd\/it\/prodotto\/bicchieri-caldi-in-carta-a-doppia-parete\/","url":"https:\/\/gmz.ltd\/it\/prodotto\/bicchieri-caldi-in-carta-a-doppia-parete\/","name":"Produttore di bicchieri di carta a doppia parete - Bicchieri da caff\u00e8 caldi personalizzati all'ingrosso - GMZ","isPartOf":{"@id":"https:\/\/gmz.ltd\/it\/#website"},"primaryImageOfPage":{"@id":"https:\/\/gmz.ltd\/it\/prodotto\/bicchieri-caldi-in-carta-a-doppia-parete\/#primaryimage"},"image":{"@id":"https:\/\/gmz.ltd\/it\/prodotto\/bicchieri-caldi-in-carta-a-doppia-parete\/#primaryimage"},"thumbnailUrl":"https:\/\/gmz.ltd\/wp-content\/uploads\/2023\/09\/DW-1-2.jpg","datePublished":"2024-06-20T03:52:24+00:00","description":"GMZ \u00e8 il vostro produttore e fornitore di fiducia di bicchieri di carta a doppia parete in Cina. Scopri tazze da caff\u00e8 personalizzate all'ingrosso con il tuo logo o marchio, disponibili in dimensioni da 8oz, 12oz a 16oz e oltre. Invia una richiesta oggi stesso!","breadcrumb":{"@id":"https:\/\/gmz.ltd\/it\/prodotto\/bicchieri-caldi-in-carta-a-doppia-parete\/#breadcrumb"},"inLanguage":"it-IT","potentialAction":[{"@type":"ReadAction","target":["https:\/\/gmz.ltd\/it\/prodotto\/bicchieri-caldi-in-carta-a-doppia-parete\/"]}]},{"@type":"ImageObject","inLanguage":"it-IT","@id":"https:\/\/gmz.ltd\/it\/prodotto\/bicchieri-caldi-in-carta-a-doppia-parete\/#primaryimage","url":"https:\/\/gmz.ltd\/wp-content\/uploads\/2023\/09\/DW-1-2.jpg","contentUrl":"https:\/\/gmz.ltd\/wp-content\/uploads\/2023\/09\/DW-1-2.jpg","width":1000,"height":1000},{"@type":"BreadcrumbList","@id":"https:\/\/gmz.ltd\/it\/prodotto\/bicchieri-caldi-in-carta-a-doppia-parete\/#breadcrumb","itemListElement":[{"@type":"ListItem","position":1,"name":"casa","item":"https:\/\/gmz.ltd\/it\/"},{"@type":"ListItem","position":2,"name":"Prodotti","item":"https:\/\/gmz.ltd\/it\/negozio\/"},{"@type":"ListItem","position":3,"name":"Bicchieri caldi in carta a doppia parete"}]},{"@type":"WebSite","@id":"https:\/\/gmz.ltd\/it\/#website","url":"https:\/\/gmz.ltd\/it\/","name":"GMZ","description":"","publisher":{"@id":"https:\/\/gmz.ltd\/it\/#organization"},"potentialAction":[{"@type":"SearchAction","target":{"@type":"EntryPoint","urlTemplate":"https:\/\/gmz.ltd\/it\/?s={search_term_string}"},"query-input":{"@type":"PropertyValueSpecification","valueRequired":true,"valueName":"search_term_string"}}],"inLanguage":"it-IT"},{"@type":"Organization","@id":"https:\/\/gmz.ltd\/it\/#organization","name":"GMZ","url":"https:\/\/gmz.ltd\/it\/","logo":{"@type":"ImageObject","inLanguage":"it-IT","@id":"https:\/\/gmz.ltd\/it\/#\/schema\/logo\/image\/","url":"https:\/\/gmz.ltd\/wp-content\/uploads\/2024\/11\/gmzpack.svg","contentUrl":"https:\/\/gmz.ltd\/wp-content\/uploads\/2024\/11\/gmzpack.svg","width":170,"height":79,"caption":"GMZ"},"image":{"@id":"https:\/\/gmz.ltd\/it\/#\/schema\/logo\/image\/"}}]}},"_links":{"self":[{"href":"https:\/\/gmz.ltd\/it\/wp-json\/wp\/v2\/product\/7865","targetHints":{"allow":["GET"]}}],"collection":[{"href":"https:\/\/gmz.ltd\/it\/wp-json\/wp\/v2\/product"}],"about":[{"href":"https:\/\/gmz.ltd\/it\/wp-json\/wp\/v2\/types\/product"}],"version-history":[{"count":0,"href":"https:\/\/gmz.ltd\/it\/wp-json\/wp\/v2\/product\/7865\/revisions"}],"wp:featuredmedia":[{"embeddable":true,"href":"https:\/\/gmz.ltd\/it\/wp-json\/wp\/v2\/media\/5747"}],"wp:attachment":[{"href":"https:\/\/gmz.ltd\/it\/wp-json\/wp\/v2\/media?parent=7865"}],"wp:term":[{"taxonomy":"product_brand","embeddable":true,"href":"https:\/\/gmz.ltd\/it\/wp-json\/wp\/v2\/product_brand?post=7865"},{"taxonomy":"product_cat","embeddable":true,"href":"https:\/\/gmz.ltd\/it\/wp-json\/wp\/v2\/product_cat?post=7865"},{"taxonomy":"product_tag","embeddable":true,"href":"https:\/\/gmz.ltd\/it\/wp-json\/wp\/v2\/product_tag?post=7865"}],"curies":[{"name":"wp","href":"https:\/\/api.w.org\/{rel}","templated":true}]}}