{"id":7869,"date":"2023-09-20T03:50:39","date_gmt":"2023-09-20T03:50:39","guid":{"rendered":"https:\/\/gmz.ltd\/product\/bicchieri-caldi-in-carta-a-parete-singola\/"},"modified":"2023-09-20T03:50:39","modified_gmt":"2023-09-20T03:50:39","slug":"bicchieri-caldi-in-carta-a-parete-singola","status":"publish","type":"product","link":"https:\/\/gmz.ltd\/it\/prodotto\/bicchieri-caldi-in-carta-a-parete-singola\/","title":{"rendered":"Bicchieri caldi in carta a parete singola"},"content":{"rendered":"<p>I nostri bicchieri monoparete premium sono disponibili in varie dimensioni da 1 oz a 22 oz per soddisfare le diverse esigenze del mercato globale. Oltre al bianco, offriamo anche la stampa personalizzata.<\/p>\n","protected":false},"excerpt":{"rendered":"<p>I nostri bicchieri monoparete premium sono disponibili in varie dimensioni da 1 oz a 22 oz per soddisfare le diverse esigenze del mercato globale. Oltre al cartoncino bianco, offriamo anche servizi di stampa personalizzata per mostrare il tuo logo o il tuo design sui bicchieri.<\/p>\n<ul>\n<li>Realizzato in carta alimentare di alta qualit\u00e0<\/li>\n<li>Soddisfa gli standard FCM dell&#8217;UE per il contatto alimentare sicuro<\/li>\n<li>Certificato senza PFAS e non tossico<\/li>\n<li>Stampa personalizzata fino a 8 colori sullo strato esterno<\/li>\n<li>In base alle esigenze, possiamo stampare il codice batch sul fondo del bicchiere per tracciare facilmente il bicchiere attraverso il processo di produzione.<\/li>\n<\/ul>\n<p><!-- notionvc: 2bb769bd-8239-4275-aad6-67aa9e1abfb7 --><\/p>\n<p>Quantit\u00e0 minima d&#8217;ordine per la stampa personalizzata: 50.000 pezzi.<\/p>\n","protected":false},"featured_media":6631,"template":"","meta":{"_joinchat":[]},"product_brand":[],"product_cat":[130,131],"product_tag":[117],"class_list":{"0":"post-7869","1":"product","2":"type-product","3":"status-publish","4":"has-post-thumbnail","6":"product_cat-bicchieri-di-carta","7":"product_cat-bicchieri-di-carta-per-bevande-calde","8":"product_tag-bicchieri-e-coperchi-per-bevande-calde","10":"first","11":"instock","12":"shipping-taxable","13":"product-type-simple"},"acf":[],"yoast_head":"<!-- This site is optimized with the Yoast SEO Premium plugin v22.5 (Yoast SEO v26.6) - https:\/\/yoast.com\/wordpress\/plugins\/seo\/ -->\n<title>Produttore e fornitore di bicchieri di carta a parete singola - Bicchieri da caff\u00e8 caldi stampati personalizzati - GMZ<\/title>\n<meta name=\"description\" content=\"GMZ \u00e8 un produttore leader di bicchieri di carta a parete singola, offrendo bicchieri di carta da caff\u00e8 personalizzati con loghi per caffetterie, ristoranti e aziende alimentari. Ordina all&#039;ingrosso da GMZ bicchieri caldi monoparete ecologici e biodegradabili da 8oz a 12oz. Richiedi un preventivo oggi stesso!\" \/>\n<meta name=\"robots\" content=\"index, follow, max-snippet:-1, max-image-preview:large, max-video-preview:-1\" \/>\n<link rel=\"canonical\" href=\"https:\/\/gmz.ltd\/it\/prodotto\/bicchieri-caldi-in-carta-a-parete-singola\/\" \/>\n<meta property=\"og:locale\" content=\"it_IT\" \/>\n<meta property=\"og:type\" content=\"article\" \/>\n<meta property=\"og:title\" content=\"Bicchieri caldi in carta a parete singola\" \/>\n<meta property=\"og:description\" content=\"GMZ \u00e8 un produttore leader di bicchieri di carta a parete singola, offrendo bicchieri di carta da caff\u00e8 personalizzati con loghi per caffetterie, ristoranti e aziende alimentari. Ordina all&#039;ingrosso da GMZ bicchieri caldi monoparete ecologici e biodegradabili da 8oz a 12oz. Richiedi un preventivo oggi stesso!\" \/>\n<meta property=\"og:url\" content=\"https:\/\/gmz.ltd\/it\/prodotto\/bicchieri-caldi-in-carta-a-parete-singola\/\" \/>\n<meta property=\"og:site_name\" content=\"GMZ\" \/>\n<meta property=\"og:image\" content=\"https:\/\/gmz.ltd\/wp-content\/uploads\/2023\/09\/Single-wall-1.jpg\" \/>\n\t<meta property=\"og:image:width\" content=\"800\" \/>\n\t<meta property=\"og:image:height\" content=\"800\" \/>\n\t<meta property=\"og:image:type\" content=\"image\/jpeg\" \/>\n<meta name=\"twitter:card\" content=\"summary_large_image\" \/>\n<script type=\"application\/ld+json\" class=\"yoast-schema-graph\">{\"@context\":\"https:\/\/schema.org\",\"@graph\":[{\"@type\":\"WebPage\",\"@id\":\"https:\/\/gmz.ltd\/it\/prodotto\/bicchieri-caldi-in-carta-a-parete-singola\/\",\"url\":\"https:\/\/gmz.ltd\/it\/prodotto\/bicchieri-caldi-in-carta-a-parete-singola\/\",\"name\":\"Produttore e fornitore di bicchieri di carta a parete singola - Bicchieri da caff\u00e8 caldi stampati personalizzati - GMZ\",\"isPartOf\":{\"@id\":\"https:\/\/gmz.ltd\/it\/#website\"},\"primaryImageOfPage\":{\"@id\":\"https:\/\/gmz.ltd\/it\/prodotto\/bicchieri-caldi-in-carta-a-parete-singola\/#primaryimage\"},\"image\":{\"@id\":\"https:\/\/gmz.ltd\/it\/prodotto\/bicchieri-caldi-in-carta-a-parete-singola\/#primaryimage\"},\"thumbnailUrl\":\"https:\/\/gmz.ltd\/wp-content\/uploads\/2023\/09\/Single-wall-1.jpg\",\"datePublished\":\"2023-09-20T03:50:39+00:00\",\"description\":\"GMZ \u00e8 un produttore leader di bicchieri di carta a parete singola, offrendo bicchieri di carta da caff\u00e8 personalizzati con loghi per caffetterie, ristoranti e aziende alimentari. Ordina all'ingrosso da GMZ bicchieri caldi monoparete ecologici e biodegradabili da 8oz a 12oz. Richiedi un preventivo oggi stesso!\",\"breadcrumb\":{\"@id\":\"https:\/\/gmz.ltd\/it\/prodotto\/bicchieri-caldi-in-carta-a-parete-singola\/#breadcrumb\"},\"inLanguage\":\"it-IT\",\"potentialAction\":[{\"@type\":\"ReadAction\",\"target\":[\"https:\/\/gmz.ltd\/it\/prodotto\/bicchieri-caldi-in-carta-a-parete-singola\/\"]}]},{\"@type\":\"ImageObject\",\"inLanguage\":\"it-IT\",\"@id\":\"https:\/\/gmz.ltd\/it\/prodotto\/bicchieri-caldi-in-carta-a-parete-singola\/#primaryimage\",\"url\":\"https:\/\/gmz.ltd\/wp-content\/uploads\/2023\/09\/Single-wall-1.jpg\",\"contentUrl\":\"https:\/\/gmz.ltd\/wp-content\/uploads\/2023\/09\/Single-wall-1.jpg\",\"width\":800,\"height\":800,\"caption\":\"Single Wall Cup\"},{\"@type\":\"BreadcrumbList\",\"@id\":\"https:\/\/gmz.ltd\/it\/prodotto\/bicchieri-caldi-in-carta-a-parete-singola\/#breadcrumb\",\"itemListElement\":[{\"@type\":\"ListItem\",\"position\":1,\"name\":\"casa\",\"item\":\"https:\/\/gmz.ltd\/it\/\"},{\"@type\":\"ListItem\",\"position\":2,\"name\":\"Prodotti\",\"item\":\"https:\/\/gmz.ltd\/it\/negozio\/\"},{\"@type\":\"ListItem\",\"position\":3,\"name\":\"Bicchieri caldi in carta a parete singola\"}]},{\"@type\":\"WebSite\",\"@id\":\"https:\/\/gmz.ltd\/it\/#website\",\"url\":\"https:\/\/gmz.ltd\/it\/\",\"name\":\"GMZ\",\"description\":\"\",\"publisher\":{\"@id\":\"https:\/\/gmz.ltd\/it\/#organization\"},\"potentialAction\":[{\"@type\":\"SearchAction\",\"target\":{\"@type\":\"EntryPoint\",\"urlTemplate\":\"https:\/\/gmz.ltd\/it\/?s={search_term_string}\"},\"query-input\":{\"@type\":\"PropertyValueSpecification\",\"valueRequired\":true,\"valueName\":\"search_term_string\"}}],\"inLanguage\":\"it-IT\"},{\"@type\":\"Organization\",\"@id\":\"https:\/\/gmz.ltd\/it\/#organization\",\"name\":\"GMZ\",\"url\":\"https:\/\/gmz.ltd\/it\/\",\"logo\":{\"@type\":\"ImageObject\",\"inLanguage\":\"it-IT\",\"@id\":\"https:\/\/gmz.ltd\/it\/#\/schema\/logo\/image\/\",\"url\":\"https:\/\/gmz.ltd\/wp-content\/uploads\/2024\/11\/gmzpack.svg\",\"contentUrl\":\"https:\/\/gmz.ltd\/wp-content\/uploads\/2024\/11\/gmzpack.svg\",\"width\":170,\"height\":79,\"caption\":\"GMZ\"},\"image\":{\"@id\":\"https:\/\/gmz.ltd\/it\/#\/schema\/logo\/image\/\"}}]}<\/script>\n<!-- \/ Yoast SEO Premium plugin. -->","yoast_head_json":{"title":"Produttore e fornitore di bicchieri di carta a parete singola - Bicchieri da caff\u00e8 caldi stampati personalizzati - GMZ","description":"GMZ \u00e8 un produttore leader di bicchieri di carta a parete singola, offrendo bicchieri di carta da caff\u00e8 personalizzati con loghi per caffetterie, ristoranti e aziende alimentari. Ordina all'ingrosso da GMZ bicchieri caldi monoparete ecologici e biodegradabili da 8oz a 12oz. Richiedi un preventivo oggi stesso!","robots":{"index":"index","follow":"follow","max-snippet":"max-snippet:-1","max-image-preview":"max-image-preview:large","max-video-preview":"max-video-preview:-1"},"canonical":"https:\/\/gmz.ltd\/it\/prodotto\/bicchieri-caldi-in-carta-a-parete-singola\/","og_locale":"it_IT","og_type":"article","og_title":"Bicchieri caldi in carta a parete singola","og_description":"GMZ \u00e8 un produttore leader di bicchieri di carta a parete singola, offrendo bicchieri di carta da caff\u00e8 personalizzati con loghi per caffetterie, ristoranti e aziende alimentari. Ordina all'ingrosso da GMZ bicchieri caldi monoparete ecologici e biodegradabili da 8oz a 12oz. Richiedi un preventivo oggi stesso!","og_url":"https:\/\/gmz.ltd\/it\/prodotto\/bicchieri-caldi-in-carta-a-parete-singola\/","og_site_name":"GMZ","og_image":[{"width":800,"height":800,"url":"https:\/\/gmz.ltd\/wp-content\/uploads\/2023\/09\/Single-wall-1.jpg","type":"image\/jpeg"}],"twitter_card":"summary_large_image","schema":{"@context":"https:\/\/schema.org","@graph":[{"@type":"WebPage","@id":"https:\/\/gmz.ltd\/it\/prodotto\/bicchieri-caldi-in-carta-a-parete-singola\/","url":"https:\/\/gmz.ltd\/it\/prodotto\/bicchieri-caldi-in-carta-a-parete-singola\/","name":"Produttore e fornitore di bicchieri di carta a parete singola - Bicchieri da caff\u00e8 caldi stampati personalizzati - GMZ","isPartOf":{"@id":"https:\/\/gmz.ltd\/it\/#website"},"primaryImageOfPage":{"@id":"https:\/\/gmz.ltd\/it\/prodotto\/bicchieri-caldi-in-carta-a-parete-singola\/#primaryimage"},"image":{"@id":"https:\/\/gmz.ltd\/it\/prodotto\/bicchieri-caldi-in-carta-a-parete-singola\/#primaryimage"},"thumbnailUrl":"https:\/\/gmz.ltd\/wp-content\/uploads\/2023\/09\/Single-wall-1.jpg","datePublished":"2023-09-20T03:50:39+00:00","description":"GMZ \u00e8 un produttore leader di bicchieri di carta a parete singola, offrendo bicchieri di carta da caff\u00e8 personalizzati con loghi per caffetterie, ristoranti e aziende alimentari. Ordina all'ingrosso da GMZ bicchieri caldi monoparete ecologici e biodegradabili da 8oz a 12oz. Richiedi un preventivo oggi stesso!","breadcrumb":{"@id":"https:\/\/gmz.ltd\/it\/prodotto\/bicchieri-caldi-in-carta-a-parete-singola\/#breadcrumb"},"inLanguage":"it-IT","potentialAction":[{"@type":"ReadAction","target":["https:\/\/gmz.ltd\/it\/prodotto\/bicchieri-caldi-in-carta-a-parete-singola\/"]}]},{"@type":"ImageObject","inLanguage":"it-IT","@id":"https:\/\/gmz.ltd\/it\/prodotto\/bicchieri-caldi-in-carta-a-parete-singola\/#primaryimage","url":"https:\/\/gmz.ltd\/wp-content\/uploads\/2023\/09\/Single-wall-1.jpg","contentUrl":"https:\/\/gmz.ltd\/wp-content\/uploads\/2023\/09\/Single-wall-1.jpg","width":800,"height":800,"caption":"Single Wall Cup"},{"@type":"BreadcrumbList","@id":"https:\/\/gmz.ltd\/it\/prodotto\/bicchieri-caldi-in-carta-a-parete-singola\/#breadcrumb","itemListElement":[{"@type":"ListItem","position":1,"name":"casa","item":"https:\/\/gmz.ltd\/it\/"},{"@type":"ListItem","position":2,"name":"Prodotti","item":"https:\/\/gmz.ltd\/it\/negozio\/"},{"@type":"ListItem","position":3,"name":"Bicchieri caldi in carta a parete singola"}]},{"@type":"WebSite","@id":"https:\/\/gmz.ltd\/it\/#website","url":"https:\/\/gmz.ltd\/it\/","name":"GMZ","description":"","publisher":{"@id":"https:\/\/gmz.ltd\/it\/#organization"},"potentialAction":[{"@type":"SearchAction","target":{"@type":"EntryPoint","urlTemplate":"https:\/\/gmz.ltd\/it\/?s={search_term_string}"},"query-input":{"@type":"PropertyValueSpecification","valueRequired":true,"valueName":"search_term_string"}}],"inLanguage":"it-IT"},{"@type":"Organization","@id":"https:\/\/gmz.ltd\/it\/#organization","name":"GMZ","url":"https:\/\/gmz.ltd\/it\/","logo":{"@type":"ImageObject","inLanguage":"it-IT","@id":"https:\/\/gmz.ltd\/it\/#\/schema\/logo\/image\/","url":"https:\/\/gmz.ltd\/wp-content\/uploads\/2024\/11\/gmzpack.svg","contentUrl":"https:\/\/gmz.ltd\/wp-content\/uploads\/2024\/11\/gmzpack.svg","width":170,"height":79,"caption":"GMZ"},"image":{"@id":"https:\/\/gmz.ltd\/it\/#\/schema\/logo\/image\/"}}]}},"_links":{"self":[{"href":"https:\/\/gmz.ltd\/it\/wp-json\/wp\/v2\/product\/7869","targetHints":{"allow":["GET"]}}],"collection":[{"href":"https:\/\/gmz.ltd\/it\/wp-json\/wp\/v2\/product"}],"about":[{"href":"https:\/\/gmz.ltd\/it\/wp-json\/wp\/v2\/types\/product"}],"version-history":[{"count":0,"href":"https:\/\/gmz.ltd\/it\/wp-json\/wp\/v2\/product\/7869\/revisions"}],"wp:featuredmedia":[{"embeddable":true,"href":"https:\/\/gmz.ltd\/it\/wp-json\/wp\/v2\/media\/6631"}],"wp:attachment":[{"href":"https:\/\/gmz.ltd\/it\/wp-json\/wp\/v2\/media?parent=7869"}],"wp:term":[{"taxonomy":"product_brand","embeddable":true,"href":"https:\/\/gmz.ltd\/it\/wp-json\/wp\/v2\/product_brand?post=7869"},{"taxonomy":"product_cat","embeddable":true,"href":"https:\/\/gmz.ltd\/it\/wp-json\/wp\/v2\/product_cat?post=7869"},{"taxonomy":"product_tag","embeddable":true,"href":"https:\/\/gmz.ltd\/it\/wp-json\/wp\/v2\/product_tag?post=7869"}],"curies":[{"name":"wp","href":"https:\/\/api.w.org\/{rel}","templated":true}]}}